{"id":3577,"date":"2018-02-19T14:41:20","date_gmt":"2018-02-19T13:41:20","guid":{"rendered":"https:\/\/www.inerco.com\/?page_id=3577"},"modified":"2022-11-02T19:27:01","modified_gmt":"2022-11-02T18:27:01","slug":"board-of-directors","status":"publish","type":"page","link":"https:\/\/www.inerco.com\/en\/board-of-directors\/","title":{"rendered":"Board of Directors"},"content":{"rendered":"<div class=\"wpb-content-wrapper\"><p>[vc_row css_animation=&#8221;&#8221; row_type=&#8221;row&#8221; use_row_as_full_screen_section=&#8221;no&#8221; type=&#8221;full_width&#8221; angled_section=&#8221;no&#8221; text_align=&#8221;left&#8221; background_image_as_pattern=&#8221;without_pattern&#8221; z_index=&#8221;&#8221;][vc_column][vc_empty_space height=&#8221;60px&#8221;][vc_raw_html]JTNDZGl2JTIwc3R5bGUlM0QlMjJ3aWR0aCUzQTEwMCUyNSUzQiUyMiUzRSUwQSUzQ25hdiUyMGNsYXNzJTNEJTIyc3VibWVudSUyMiUzRSUwQSUzQ3NwYW4lMjBjbGFzcyUzRCUyMmVsZW1lbnRvJTIyJTNFJTNDYSUyMGhyZWYlM0QlMjIlMkZlbiUyRmluZXJjby1ncm91cCUyMiUzRUlORVJDTyUyMEdyb3VwJTNDJTJGYSUzRSUzQyUyRnNwYW4lM0UlMEElM0NzcGFuJTIwY2xhc3MlM0QlMjJlbGVtZW50byUyMiUzRSUzQ2ElMjBocmVmJTNEJTIyJTJGZW4lMkZtaXNzaW9uLXZpc2lvbi1hbmQtY29kZS1vZi1ldGhpY3MlMjIlM0VNaXNzaW9uJTJDJTIwVmlzaW9uJTIwYW5kJTIwQ29kZSUyMG9mJTIwRXRoaWNzJTNDJTJGYSUzRSUzQyUyRnNwYW4lM0UlMEElM0NzcGFuJTIwY2xhc3MlM0QlMjJlbGVtZW50byUyMiUzRSUzQ2ElMjBocmVmJTNEJTIyJTJGZW4lMkZpbm5vdmF0aW9uJTJGJTIyJTNFUiUyNkQlMjZJJTNDJTJGYSUzRSUzQyUyRnNwYW4lM0UlMEElM0NzcGFuJTIwY2xhc3MlM0QlMjJhY3R1YWwlMjBsYXN0JTIwZWxlbWVudG8lMjIlM0UlM0NhJTIwaHJlZiUzRCUyMiUyRmVuJTJGYm9hcmQtb2YtZGlyZWN0b3JzJTIyJTNFQm9hcmQlMjBvZiUyMERpcmVjdG9ycyUzQyUyRmElM0UlM0MlMkZzcGFuJTNFJTBBJTNDJTJGbmF2JTNFJTBBJTNDJTJGZGl2JTNF[\/vc_raw_html][\/vc_column][\/vc_row][vc_row css_animation=&#8221;&#8221; row_type=&#8221;row&#8221; use_row_as_full_screen_section=&#8221;no&#8221; type=&#8221;full_width&#8221; angled_section=&#8221;no&#8221; text_align=&#8221;left&#8221; background_image_as_pattern=&#8221;without_pattern&#8221;][vc_column][vc_empty_space height=&#8221;80px&#8221;][\/vc_column][\/vc_row][vc_row css_animation=&#8221;&#8221; row_type=&#8221;row&#8221; use_row_as_full_screen_section=&#8221;no&#8221; type=&#8221;full_width&#8221; angled_section=&#8221;no&#8221; text_align=&#8221;left&#8221; background_image_as_pattern=&#8221;without_pattern&#8221;][vc_column][vc_raw_html]JTNDaWZyYW1lJTIwc3JjJTNEJTIyaHR0cHMlM0ElMkYlMkZpbmVyY28uY29tJTJGSU5FUkNPLWJvYXJkLW9mLWRpcmVjdG9ycyUyRmluZGV4Lmh0bWwlMjIlMjB3aWR0aCUzRCUyMjEwMCUyNSUyMiUyMGhlaWdodCUzRCUyMjExMDAlMjIlM0UlMEElM0MlMkZpZnJhbWUlM0U=[\/vc_raw_html][\/vc_column][\/vc_row]<\/p>\n<\/div>","protected":false},"excerpt":{"rendered":"<p>[vc_row css_animation=&#8221;&#8221; row_type=&#8221;row&#8221; use_row_as_full_screen_section=&#8221;no&#8221; type=&#8221;full_width&#8221; angled_section=&#8221;no&#8221; text_align=&#8221;left&#8221; background_image_as_pattern=&#8221;without_pattern&#8221; z_index=&#8221;&#8221;][vc_column][vc_empty_space height=&#8221;60px&#8221;][vc_raw_html]JTNDZGl2JTIwc3R5bGUlM0QlMjJ3aWR0aCUzQTEwMCUyNSUzQiUyMiUzRSUwQSUzQ25hdiUyMGNsYXNzJTNEJTIyc3VibWVudSUyMiUzRSUwQSUzQ3NwYW4lMjBjbGFzcyUzRCUyMmVsZW1lbnRvJTIyJTNFJTNDYSUyMGhyZWYlM0QlMjIlMkZlbiUyRmluZXJjby1ncm91cCUyMiUzRUlORVJDTyUyMEdyb3VwJTNDJTJGYSUzRSUzQyUyRnNwYW4lM0UlMEElM0NzcGFuJTIwY2xhc3MlM0QlMjJlbGVtZW50byUyMiUzRSUzQ2ElMjBocmVmJTNEJTIyJTJGZW4lMkZtaXNzaW9uLXZpc2lvbi1hbmQtY29kZS1vZi1ldGhpY3MlMjIlM0VNaXNzaW9uJTJDJTIwVmlzaW9uJTIwYW5kJTIwQ29kZSUyMG9mJTIwRXRoaWNzJTNDJTJGYSUzRSUzQyUyRnNwYW4lM0UlMEElM0NzcGFuJTIwY2xhc3MlM0QlMjJlbGVtZW50byUyMiUzRSUzQ2ElMjBocmVmJTNEJTIyJTJGZW4lMkZpbm5vdmF0aW9uJTJGJTIyJTNFUiUyNkQlMjZJJTNDJTJGYSUzRSUzQyUyRnNwYW4lM0UlMEElM0NzcGFuJTIwY2xhc3MlM0QlMjJhY3R1YWwlMjBsYXN0JTIwZWxlbWVudG8lMjIlM0UlM0NhJTIwaHJlZiUzRCUyMiUyRmVuJTJGYm9hcmQtb2YtZGlyZWN0b3JzJTIyJTNFQm9hcmQlMjBvZiUyMERpcmVjdG9ycyUzQyUyRmElM0UlM0MlMkZzcGFuJTNFJTBBJTNDJTJGbmF2JTNFJTBBJTNDJTJGZGl2JTNF[\/vc_raw_html][\/vc_column][\/vc_row][vc_row css_animation=&#8221;&#8221; row_type=&#8221;row&#8221; use_row_as_full_screen_section=&#8221;no&#8221; type=&#8221;full_width&#8221; angled_section=&#8221;no&#8221;&#8230;<\/p>\n","protected":false},"author":1,"featured_media":4419,"parent":0,"menu_order":0,"comment_status":"closed","ping_status":"closed","template":"","meta":{"footnotes":""},"class_list":["post-3577","page","type-page","status-publish","has-post-thumbnail","hentry"],"yoast_head":"<!-- This site is optimized with the Yoast SEO plugin v26.4 - https:\/\/yoast.com\/wordpress\/plugins\/seo\/ -->\n<title>Board of Directors - INERCO<\/title>\n<meta name=\"description\" content=\"INERCO Board of Directors\" \/>\n<meta name=\"robots\" content=\"index, follow, max-snippet:-1, max-image-preview:large, max-video-preview:-1\" \/>\n<link rel=\"canonical\" href=\"https:\/\/www.inerco.com\/en\/board-of-directors\/\" \/>\n<meta property=\"og:locale\" content=\"en_US\" \/>\n<meta property=\"og:type\" content=\"article\" \/>\n<meta property=\"og:title\" content=\"Board of Directors - INERCO\" \/>\n<meta property=\"og:description\" content=\"INERCO Board of Directors\" \/>\n<meta property=\"og:url\" content=\"https:\/\/www.inerco.com\/en\/board-of-directors\/\" \/>\n<meta property=\"og:site_name\" content=\"INERCO\" \/>\n<meta property=\"article:modified_time\" content=\"2022-11-02T18:27:01+00:00\" \/>\n<meta property=\"og:image\" content=\"https:\/\/www.inerco.com\/wp-content\/uploads\/Grupo-INERCO.jpg\" \/>\n\t<meta property=\"og:image:width\" content=\"1920\" \/>\n\t<meta property=\"og:image:height\" content=\"650\" \/>\n\t<meta property=\"og:image:type\" content=\"image\/jpeg\" \/>\n<meta name=\"twitter:card\" content=\"summary_large_image\" \/>\n<meta name=\"twitter:site\" content=\"@Inerco_\" \/>\n<script type=\"application\/ld+json\" class=\"yoast-schema-graph\">{\"@context\":\"https:\/\/schema.org\",\"@graph\":[{\"@type\":\"WebPage\",\"@id\":\"https:\/\/www.inerco.com\/en\/board-of-directors\/\",\"url\":\"https:\/\/www.inerco.com\/en\/board-of-directors\/\",\"name\":\"Board of Directors - INERCO\",\"isPartOf\":{\"@id\":\"https:\/\/www.inerco.com\/es\/#website\"},\"primaryImageOfPage\":{\"@id\":\"https:\/\/www.inerco.com\/en\/board-of-directors\/#primaryimage\"},\"image\":{\"@id\":\"https:\/\/www.inerco.com\/en\/board-of-directors\/#primaryimage\"},\"thumbnailUrl\":\"https:\/\/www.inerco.com\/wp-content\/uploads\/Grupo-INERCO.jpg\",\"datePublished\":\"2018-02-19T13:41:20+00:00\",\"dateModified\":\"2022-11-02T18:27:01+00:00\",\"description\":\"INERCO Board of Directors\",\"breadcrumb\":{\"@id\":\"https:\/\/www.inerco.com\/en\/board-of-directors\/#breadcrumb\"},\"inLanguage\":\"en-US\",\"potentialAction\":[{\"@type\":\"ReadAction\",\"target\":[\"https:\/\/www.inerco.com\/en\/board-of-directors\/\"]}]},{\"@type\":\"ImageObject\",\"inLanguage\":\"en-US\",\"@id\":\"https:\/\/www.inerco.com\/en\/board-of-directors\/#primaryimage\",\"url\":\"https:\/\/www.inerco.com\/wp-content\/uploads\/Grupo-INERCO.jpg\",\"contentUrl\":\"https:\/\/www.inerco.com\/wp-content\/uploads\/Grupo-INERCO.jpg\",\"width\":1920,\"height\":650,\"caption\":\"INERCO Group\"},{\"@type\":\"BreadcrumbList\",\"@id\":\"https:\/\/www.inerco.com\/en\/board-of-directors\/#breadcrumb\",\"itemListElement\":[{\"@type\":\"ListItem\",\"position\":1,\"name\":\"Home\",\"item\":\"https:\/\/www.inerco.com\/en\/\"},{\"@type\":\"ListItem\",\"position\":2,\"name\":\"Board of Directors\"}]},{\"@type\":\"WebSite\",\"@id\":\"https:\/\/www.inerco.com\/es\/#website\",\"url\":\"https:\/\/www.inerco.com\/es\/\",\"name\":\"INERCO\",\"description\":\"Tecnolog\u00eda, ingenier\u00eda y consultor\u00eda integral para el desarrollo industrial sostenible\",\"potentialAction\":[{\"@type\":\"SearchAction\",\"target\":{\"@type\":\"EntryPoint\",\"urlTemplate\":\"https:\/\/www.inerco.com\/es\/?s={search_term_string}\"},\"query-input\":{\"@type\":\"PropertyValueSpecification\",\"valueRequired\":true,\"valueName\":\"search_term_string\"}}],\"inLanguage\":\"en-US\"}]}<\/script>\n<!-- \/ Yoast SEO plugin. -->","yoast_head_json":{"title":"Board of Directors - INERCO","description":"INERCO Board of Directors","robots":{"index":"index","follow":"follow","max-snippet":"max-snippet:-1","max-image-preview":"max-image-preview:large","max-video-preview":"max-video-preview:-1"},"canonical":"https:\/\/www.inerco.com\/en\/board-of-directors\/","og_locale":"en_US","og_type":"article","og_title":"Board of Directors - INERCO","og_description":"INERCO Board of Directors","og_url":"https:\/\/www.inerco.com\/en\/board-of-directors\/","og_site_name":"INERCO","article_modified_time":"2022-11-02T18:27:01+00:00","og_image":[{"width":1920,"height":650,"url":"https:\/\/www.inerco.com\/wp-content\/uploads\/Grupo-INERCO.jpg","type":"image\/jpeg"}],"twitter_card":"summary_large_image","twitter_site":"@Inerco_","schema":{"@context":"https:\/\/schema.org","@graph":[{"@type":"WebPage","@id":"https:\/\/www.inerco.com\/en\/board-of-directors\/","url":"https:\/\/www.inerco.com\/en\/board-of-directors\/","name":"Board of Directors - INERCO","isPartOf":{"@id":"https:\/\/www.inerco.com\/es\/#website"},"primaryImageOfPage":{"@id":"https:\/\/www.inerco.com\/en\/board-of-directors\/#primaryimage"},"image":{"@id":"https:\/\/www.inerco.com\/en\/board-of-directors\/#primaryimage"},"thumbnailUrl":"https:\/\/www.inerco.com\/wp-content\/uploads\/Grupo-INERCO.jpg","datePublished":"2018-02-19T13:41:20+00:00","dateModified":"2022-11-02T18:27:01+00:00","description":"INERCO Board of Directors","breadcrumb":{"@id":"https:\/\/www.inerco.com\/en\/board-of-directors\/#breadcrumb"},"inLanguage":"en-US","potentialAction":[{"@type":"ReadAction","target":["https:\/\/www.inerco.com\/en\/board-of-directors\/"]}]},{"@type":"ImageObject","inLanguage":"en-US","@id":"https:\/\/www.inerco.com\/en\/board-of-directors\/#primaryimage","url":"https:\/\/www.inerco.com\/wp-content\/uploads\/Grupo-INERCO.jpg","contentUrl":"https:\/\/www.inerco.com\/wp-content\/uploads\/Grupo-INERCO.jpg","width":1920,"height":650,"caption":"INERCO Group"},{"@type":"BreadcrumbList","@id":"https:\/\/www.inerco.com\/en\/board-of-directors\/#breadcrumb","itemListElement":[{"@type":"ListItem","position":1,"name":"Home","item":"https:\/\/www.inerco.com\/en\/"},{"@type":"ListItem","position":2,"name":"Board of Directors"}]},{"@type":"WebSite","@id":"https:\/\/www.inerco.com\/es\/#website","url":"https:\/\/www.inerco.com\/es\/","name":"INERCO","description":"Tecnolog\u00eda, ingenier\u00eda y consultor\u00eda integral para el desarrollo industrial sostenible","potentialAction":[{"@type":"SearchAction","target":{"@type":"EntryPoint","urlTemplate":"https:\/\/www.inerco.com\/es\/?s={search_term_string}"},"query-input":{"@type":"PropertyValueSpecification","valueRequired":true,"valueName":"search_term_string"}}],"inLanguage":"en-US"}]}},"_links":{"self":[{"href":"https:\/\/www.inerco.com\/en\/wp-json\/wp\/v2\/pages\/3577","targetHints":{"allow":["GET"]}}],"collection":[{"href":"https:\/\/www.inerco.com\/en\/wp-json\/wp\/v2\/pages"}],"about":[{"href":"https:\/\/www.inerco.com\/en\/wp-json\/wp\/v2\/types\/page"}],"author":[{"embeddable":true,"href":"https:\/\/www.inerco.com\/en\/wp-json\/wp\/v2\/users\/1"}],"replies":[{"embeddable":true,"href":"https:\/\/www.inerco.com\/en\/wp-json\/wp\/v2\/comments?post=3577"}],"version-history":[{"count":10,"href":"https:\/\/www.inerco.com\/en\/wp-json\/wp\/v2\/pages\/3577\/revisions"}],"predecessor-version":[{"id":4097,"href":"https:\/\/www.inerco.com\/en\/wp-json\/wp\/v2\/pages\/3577\/revisions\/4097"}],"wp:featuredmedia":[{"embeddable":true,"href":"https:\/\/www.inerco.com\/en\/wp-json\/wp\/v2\/media\/4419"}],"wp:attachment":[{"href":"https:\/\/www.inerco.com\/en\/wp-json\/wp\/v2\/media?parent=3577"}],"curies":[{"name":"wp","href":"https:\/\/api.w.org\/{rel}","templated":true}]}}