{"id":3576,"date":"2018-04-05T16:39:51","date_gmt":"2018-04-05T14:39:51","guid":{"rendered":"https:\/\/www.inerco.com\/?page_id=3576"},"modified":"2021-05-25T12:04:02","modified_gmt":"2021-05-25T10:04:02","slug":"mission-vision-and-code-of-ethics","status":"publish","type":"page","link":"https:\/\/www.inerco.com\/en\/mission-vision-and-code-of-ethics\/","title":{"rendered":"Mission, Vision and Code of Ethics"},"content":{"rendered":"<div class=\"wpb-content-wrapper\"><p>[vc_row css_animation=&#8221;&#8221; row_type=&#8221;row&#8221; use_row_as_full_screen_section=&#8221;no&#8221; type=&#8221;grid&#8221; angled_section=&#8221;no&#8221; text_align=&#8221;center&#8221; background_image_as_pattern=&#8221;without_pattern&#8221; z_index=&#8221;&#8221;][vc_column][vc_empty_space height=&#8221;60px&#8221;][vc_raw_html]JTNDZGl2JTIwc3R5bGUlM0QlMjJ3aWR0aCUzQTEwMCUyNSUzQiUyMiUzRSUwQSUzQ25hdiUyMGNsYXNzJTNEJTIyc3VibWVudSUyMiUzRSUwQSUzQ3NwYW4lMjBjbGFzcyUzRCUyMmVsZW1lbnRvJTIyJTNFJTNDYSUyMGhyZWYlM0QlMjIlMkZlbiUyRmluZXJjby1ncm91cCUyMiUzRUlORVJDTyUyMEdyb3VwJTNDJTJGYSUzRSUzQyUyRnNwYW4lM0UlMEElM0NzcGFuJTIwY2xhc3MlM0QlMjJhY3R1YWwlMjBlbGVtZW50byUyMiUzRSUzQ2ElMjBocmVmJTNEJTIyJTJGZW4lMkZtaXNzaW9uLXZpc2lvbi1hbmQtY29kZS1vZi1ldGhpY3MlMjIlM0VNaXNzaW9uJTJDJTIwVmlzaW9uJTIwYW5kJTIwQ29kZSUyMG9mJTIwRXRoaWNzJTNDJTJGYSUzRSUzQyUyRnNwYW4lM0UlMEElM0NzcGFuJTIwY2xhc3MlM0QlMjJlbGVtZW50byUyMiUzRSUzQ2ElMjBocmVmJTNEJTIyJTJGZW4lMkZpbm5vdmF0aW9uJTJGJTIyJTNFUiUyNkQlMjZJJTNDJTJGYSUzRSUzQyUyRnNwYW4lM0UlMEElM0NzcGFuJTIwY2xhc3MlM0QlMjJsYXN0JTIwZWxlbWVudG8lMjIlM0UlM0NhJTIwaHJlZiUzRCUyMiUyRmVuJTJGYm9hcmQtb2YtZGlyZWN0b3JzJTIyJTNFQm9hcmQlMjBvZiUyMERpcmVjdG9ycyUzQyUyRmElM0UlM0MlMkZzcGFuJTNFJTBBJTNDJTJGbmF2JTNFJTBBJTNDJTJGZGl2JTNFJTBB[\/vc_raw_html][\/vc_column][\/vc_row][vc_row css_animation=&#8221;&#8221; row_type=&#8221;row&#8221; use_row_as_full_screen_section=&#8221;no&#8221; type=&#8221;grid&#8221; angled_section=&#8221;no&#8221; text_align=&#8221;left&#8221; background_image_as_pattern=&#8221;without_pattern&#8221; z_index=&#8221;&#8221;][vc_column][vc_empty_space height=&#8221;80px&#8221;][qode_elements_holder number_of_columns=&#8221;two_columns&#8221; columns_proportion=&#8221;66_33&#8243; switch_to_one_column=&#8221;600&#8243; alignment_one_column=&#8221;center&#8221;][qode_elements_holder_item vertical_alignment=&#8221;top&#8221; horizontal_alignment=&#8221;right&#8221; advanced_animations=&#8221;no&#8221;]<div class=\"custom_font_holder \" style=\" font-style: normal; font-weight: 200; text-decoration: none; text-align: left; --qode-cf-font-size: 40px; --qode-cf-line-height: 45px; --qode-cf-font-size-1440: 40px; --qode-cf-line-height-1440: 45px; --qode-cf-font-size-1366: 40px; --qode-cf-line-height-1366: 45px; --qode-cf-font-size-1280: 40px; --qode-cf-line-height-1280: 45px; --qode-cf-font-size-1024: 40px; --qode-cf-line-height-1024: 45px; --qode-cf-font-size-768: 40px; --qode-cf-line-height-768: 45px; --qode-cf-font-size-680: 40px; --qode-cf-line-height-680: 45px; --qode-cf-font-size-480: 40px; --qode-cf-line-height-480: 45px;\"><span style=\"text-align: center; color: #009640;\">Mission Statement<\/span><\/div>[\/qode_elements_holder_item][qode_elements_holder_item vertical_alignment=&#8221;top&#8221; horizontal_alignment=&#8221;right&#8221; advanced_animations=&#8221;no&#8221;]\n\n\t<a href=\"\/en\/contact\" target=\"_self\" style=\"color: #ffffff;background-color: #009640\" class=\"qode-btn qode-btn-medium qode-btn-solid qode-btn-custom-hover-bg qode-btn-custom-hover-color qode-btn-custom-icon-bg-hover-color qode-btn-icon qode-btn-icon-rotate\" data-hover-bg-color=\"#009640\" data-hover-color=\"#ffffff\" >\n\t    <span class=\"qode-btn-text\">CONTACT<\/span><span class=\"qode-button-v2-icon-holder\" style=\"border-color: #ffffff;background-color: #009640\" data-hover-icon-border-color=\"#ffffff\" data-hover-icon-bg-color=\"#009640\"><span aria-hidden=\"true\" class=\"qode_icon_font_elegant arrow_right qode-button-v2-icon-holder-inner\" ><\/span><\/span>\t<\/a>\n\n[\/qode_elements_holder_item][\/qode_elements_holder][\/vc_column][\/vc_row][vc_row css_animation=&#8221;&#8221; row_type=&#8221;row&#8221; use_row_as_full_screen_section=&#8221;no&#8221; type=&#8221;grid&#8221; angled_section=&#8221;no&#8221; text_align=&#8221;left&#8221; background_image_as_pattern=&#8221;without_pattern&#8221; z_index=&#8221;&#8221; css=&#8221;.vc_custom_1518611434899{padding-top: 25px !important;}&#8221;][vc_column][vc_column_text]The mission statement of\u00a0<strong><span class=\"inerco\">INERCO<\/span><\/strong> is to contribute to sustainable industrial development by offering technologically advanced products and services in the areas of Engineering, The Environment and Workplace Safety.<\/p>\n<p>Our guiding principles are:<\/p>\n<ul style=\"margin-left: 50px;\">\n<li>To be an independent, innovative and creative company with international aspirations.<\/li>\n<li>To carry out our work maintaining the highest degree of commitment to the goals and needs of our customers.<\/li>\n<li>To embrace an attitude of Corporate Social Responsibility in all aspects (economic, social and environmental).<\/li>\n<li>Adopt an attitude of Corporate Social Responsibility in all areas (economic, social and environmental).<\/li>\n<\/ul>\n<p>[\/vc_column_text][\/vc_column][\/vc_row][vc_row css_animation=&#8221;&#8221; row_type=&#8221;row&#8221; use_row_as_full_screen_section=&#8221;no&#8221; type=&#8221;grid&#8221; angled_section=&#8221;no&#8221; text_align=&#8221;left&#8221; background_image_as_pattern=&#8221;without_pattern&#8221; z_index=&#8221;&#8221; css=&#8221;.vc_custom_1518611434899{padding-top: 25px !important;}&#8221;][vc_column][vc_empty_space height=&#8221;50px&#8221;]<div class=\"custom_font_holder \" style=\" font-style: normal; font-weight: 200; text-decoration: none; text-align: left; --qode-cf-font-size: 40px; --qode-cf-line-height: 45px; --qode-cf-font-size-1440: 40px; --qode-cf-line-height-1440: 45px; --qode-cf-font-size-1366: 40px; --qode-cf-line-height-1366: 45px; --qode-cf-font-size-1280: 40px; --qode-cf-line-height-1280: 45px; --qode-cf-font-size-1024: 40px; --qode-cf-line-height-1024: 45px; --qode-cf-font-size-768: 40px; --qode-cf-line-height-768: 45px; --qode-cf-font-size-680: 40px; --qode-cf-line-height-680: 45px; --qode-cf-font-size-480: 40px; --qode-cf-line-height-480: 45px;\"><span style=\"text-align: center; color: #009640;\">Vision<\/span><\/div>[vc_empty_space height=&#8221;25px&#8221;][vc_column_text]To be a <strong>premier global company<\/strong> in <strong>Health, Safety, Security and Environment<\/strong> providing sustainable and integrated <strong>consultancy, technology, and engineering<\/strong> solutions.[\/vc_column_text][\/vc_column][\/vc_row][vc_row css_animation=&#8221;&#8221; row_type=&#8221;row&#8221; use_row_as_full_screen_section=&#8221;no&#8221; type=&#8221;grid&#8221; angled_section=&#8221;no&#8221; text_align=&#8221;left&#8221; background_image_as_pattern=&#8221;without_pattern&#8221; z_index=&#8221;&#8221; css=&#8221;.vc_custom_1518611434899{padding-top: 25px !important;}&#8221;][vc_column][vc_empty_space height=&#8221;50px&#8221;]<div class=\"custom_font_holder \" style=\" font-style: normal; font-weight: 200; text-decoration: none; text-align: left; --qode-cf-font-size: 40px; --qode-cf-line-height: 45px; --qode-cf-font-size-1440: 40px; --qode-cf-line-height-1440: 45px; --qode-cf-font-size-1366: 40px; --qode-cf-line-height-1366: 45px; --qode-cf-font-size-1280: 40px; --qode-cf-line-height-1280: 45px; --qode-cf-font-size-1024: 40px; --qode-cf-line-height-1024: 45px; --qode-cf-font-size-768: 40px; --qode-cf-line-height-768: 45px; --qode-cf-font-size-680: 40px; --qode-cf-line-height-680: 45px; --qode-cf-font-size-480: 40px; --qode-cf-line-height-480: 45px;\"><span style=\"text-align: center; color: #009640;\">Code of Ethics<\/span><\/div>[vc_empty_space height=&#8221;25px&#8221;][vc_column_text]The Institutional and ethical values that should always be present in our activities and in the attitudes of all the people who make up <strong>INERCO<\/strong>, are:<\/p>\n<ul style=\"margin-left: 50px;\">\n<li>Maintaining a high level of quality in everything we do, working with integrity and solvency, and providing technologically advanced and innovative products and services.<\/li>\n<li>Ensuring that industrial development is fully respectful of the environment in order to achieve improved social acceptance.<\/li>\n<li>Offering all customers the best possible solutions and advice so that actions can go beyond merely fulfilling legal requirements and preventing situations in which conflicts of interest may arise in our work when advising clients.<\/li>\n<li>Keeping strict control over confidentiality of the data supplied by clients and the results of any work.<\/li>\n<li>Taking a responsible attitude towards the prevention and compliance of workplace safety rules and regulations laid down by our clients or external bodies.<\/li>\n<li>Minimising the environmental impact of activities carried out by\u00a0<span class=\"inerco\"><strong>INERCO<\/strong>.<\/span><\/li>\n<li>Providing training, professional development and workplace stability for all the people who are part of\u00a0<strong><span class=\"inerco\">INERCO<\/span><\/strong>, and ensuring their integration and satisfaction through communication and full transparency of information.<\/li>\n<li>Encouraging responsible social behaviour of everyone that makes up the company whilst maintaining a commitment to non-discrimination against the people of\u00a0<strong><span class=\"inerco\">INERCO<\/span><\/strong>, its customers and suppliers.<\/li>\n<li>Requiring our suppliers to behave ethically and responsibly regarding safety and the environment,non-discrimination of their employees and their independence in the face of political and economic powers.<\/li>\n<li>Ensuring the independence of <strong><span class=\"inerco\">INERCO\u00a0<\/span><\/strong>with respect to political and economic powers.<\/li>\n<\/ul>\n<p>[\/vc_column_text][\/vc_column][\/vc_row][vc_row css_animation=&#8221;&#8221; row_type=&#8221;row&#8221; use_row_as_full_screen_section=&#8221;no&#8221; type=&#8221;full_width&#8221; angled_section=&#8221;no&#8221; text_align=&#8221;left&#8221; background_image_as_pattern=&#8221;without_pattern&#8221;][vc_column][vc_empty_space height=&#8221;80px&#8221;][\/vc_column][\/vc_row]<\/p>\n<\/div>","protected":false},"excerpt":{"rendered":"<p>[vc_row css_animation=&#8221;&#8221; row_type=&#8221;row&#8221; use_row_as_full_screen_section=&#8221;no&#8221; type=&#8221;grid&#8221; angled_section=&#8221;no&#8221; text_align=&#8221;center&#8221; background_image_as_pattern=&#8221;without_pattern&#8221; z_index=&#8221;&#8221;][vc_column][vc_empty_space height=&#8221;60px&#8221;][vc_raw_html]JTNDZGl2JTIwc3R5bGUlM0QlMjJ3aWR0aCUzQTEwMCUyNSUzQiUyMiUzRSUwQSUzQ25hdiUyMGNsYXNzJTNEJTIyc3VibWVudSUyMiUzRSUwQSUzQ3NwYW4lMjBjbGFzcyUzRCUyMmVsZW1lbnRvJTIyJTNFJTNDYSUyMGhyZWYlM0QlMjIlMkZlbiUyRmluZXJjby1ncm91cCUyMiUzRUlORVJDTyUyMEdyb3VwJTNDJTJGYSUzRSUzQyUyRnNwYW4lM0UlMEElM0NzcGFuJTIwY2xhc3MlM0QlMjJhY3R1YWwlMjBlbGVtZW50byUyMiUzRSUzQ2ElMjBocmVmJTNEJTIyJTJGZW4lMkZtaXNzaW9uLXZpc2lvbi1hbmQtY29kZS1vZi1ldGhpY3MlMjIlM0VNaXNzaW9uJTJDJTIwVmlzaW9uJTIwYW5kJTIwQ29kZSUyMG9mJTIwRXRoaWNzJTNDJTJGYSUzRSUzQyUyRnNwYW4lM0UlMEElM0NzcGFuJTIwY2xhc3MlM0QlMjJlbGVtZW50byUyMiUzRSUzQ2ElMjBocmVmJTNEJTIyJTJGZW4lMkZpbm5vdmF0aW9uJTJGJTIyJTNFUiUyNkQlMjZJJTNDJTJGYSUzRSUzQyUyRnNwYW4lM0UlMEElM0NzcGFuJTIwY2xhc3MlM0QlMjJsYXN0JTIwZWxlbWVudG8lMjIlM0UlM0NhJTIwaHJlZiUzRCUyMiUyRmVuJTJGYm9hcmQtb2YtZGlyZWN0b3JzJTIyJTNFQm9hcmQlMjBvZiUyMERpcmVjdG9ycyUzQyUyRmElM0UlM0MlMkZzcGFuJTNFJTBBJTNDJTJGbmF2JTNFJTBBJTNDJTJGZGl2JTNFJTBB[\/vc_raw_html][\/vc_column][\/vc_row][vc_row css_animation=&#8221;&#8221; row_type=&#8221;row&#8221; use_row_as_full_screen_section=&#8221;no&#8221; type=&#8221;grid&#8221; angled_section=&#8221;no&#8221;&#8230;<\/p>\n","protected":false},"author":1,"featured_media":4419,"parent":0,"menu_order":0,"comment_status":"closed","ping_status":"closed","template":"full_width.php","meta":{"footnotes":""},"class_list":["post-3576","page","type-page","status-publish","has-post-thumbnail","hentry"],"yoast_head":"<!-- This site is optimized with the Yoast SEO plugin v27.3 - https:\/\/yoast.com\/product\/yoast-seo-wordpress\/ -->\n<title>Mission, Vision and Code of Ethics - INERCO<\/title>\n<meta name=\"description\" content=\"The mission statement of INERCO is to contribute to sustainable industrial development by offering technologically advanced products and services in the areas of Engineering, The Environment and Workplace Safety.\" \/>\n<meta name=\"robots\" content=\"index, follow, max-snippet:-1, max-image-preview:large, max-video-preview:-1\" \/>\n<link rel=\"canonical\" href=\"https:\/\/www.inerco.com\/en\/mission-vision-and-code-of-ethics\/\" \/>\n<meta property=\"og:locale\" content=\"en_US\" \/>\n<meta property=\"og:type\" content=\"article\" \/>\n<meta property=\"og:title\" content=\"Mission, Vision and Code of Ethics - INERCO\" \/>\n<meta property=\"og:description\" content=\"The mission statement of INERCO is to contribute to sustainable industrial development by offering technologically advanced products and services in the areas of Engineering, The Environment and Workplace Safety.\" \/>\n<meta property=\"og:url\" content=\"https:\/\/www.inerco.com\/en\/mission-vision-and-code-of-ethics\/\" \/>\n<meta property=\"og:site_name\" content=\"INERCO\" \/>\n<meta property=\"article:modified_time\" content=\"2021-05-25T10:04:02+00:00\" \/>\n<meta property=\"og:image\" content=\"https:\/\/www.inerco.com\/wp-content\/uploads\/Grupo-INERCO.jpg\" \/>\n\t<meta property=\"og:image:width\" content=\"1920\" \/>\n\t<meta property=\"og:image:height\" content=\"650\" \/>\n\t<meta property=\"og:image:type\" content=\"image\/jpeg\" \/>\n<meta name=\"twitter:card\" content=\"summary_large_image\" \/>\n<meta name=\"twitter:site\" content=\"@Inerco_\" \/>\n<script type=\"application\/ld+json\" class=\"yoast-schema-graph\">{\"@context\":\"https:\\\/\\\/schema.org\",\"@graph\":[{\"@type\":\"WebPage\",\"@id\":\"https:\\\/\\\/www.inerco.com\\\/en\\\/mission-vision-and-code-of-ethics\\\/\",\"url\":\"https:\\\/\\\/www.inerco.com\\\/en\\\/mission-vision-and-code-of-ethics\\\/\",\"name\":\"Mission, Vision and Code of Ethics - INERCO\",\"isPartOf\":{\"@id\":\"https:\\\/\\\/www.inerco.com\\\/es\\\/#website\"},\"primaryImageOfPage\":{\"@id\":\"https:\\\/\\\/www.inerco.com\\\/en\\\/mission-vision-and-code-of-ethics\\\/#primaryimage\"},\"image\":{\"@id\":\"https:\\\/\\\/www.inerco.com\\\/en\\\/mission-vision-and-code-of-ethics\\\/#primaryimage\"},\"thumbnailUrl\":\"https:\\\/\\\/www.inerco.com\\\/wp-content\\\/uploads\\\/Grupo-INERCO.jpg\",\"datePublished\":\"2018-04-05T14:39:51+00:00\",\"dateModified\":\"2021-05-25T10:04:02+00:00\",\"description\":\"The mission statement of INERCO is to contribute to sustainable industrial development by offering technologically advanced products and services in the areas of Engineering, The Environment and Workplace Safety.\",\"breadcrumb\":{\"@id\":\"https:\\\/\\\/www.inerco.com\\\/en\\\/mission-vision-and-code-of-ethics\\\/#breadcrumb\"},\"inLanguage\":\"en-US\",\"potentialAction\":[{\"@type\":\"ReadAction\",\"target\":[\"https:\\\/\\\/www.inerco.com\\\/en\\\/mission-vision-and-code-of-ethics\\\/\"]}]},{\"@type\":\"ImageObject\",\"inLanguage\":\"en-US\",\"@id\":\"https:\\\/\\\/www.inerco.com\\\/en\\\/mission-vision-and-code-of-ethics\\\/#primaryimage\",\"url\":\"https:\\\/\\\/www.inerco.com\\\/wp-content\\\/uploads\\\/Grupo-INERCO.jpg\",\"contentUrl\":\"https:\\\/\\\/www.inerco.com\\\/wp-content\\\/uploads\\\/Grupo-INERCO.jpg\",\"width\":1920,\"height\":650,\"caption\":\"INERCO Group\"},{\"@type\":\"BreadcrumbList\",\"@id\":\"https:\\\/\\\/www.inerco.com\\\/en\\\/mission-vision-and-code-of-ethics\\\/#breadcrumb\",\"itemListElement\":[{\"@type\":\"ListItem\",\"position\":1,\"name\":\"Home\",\"item\":\"https:\\\/\\\/www.inerco.com\\\/en\\\/\"},{\"@type\":\"ListItem\",\"position\":2,\"name\":\"Mission, Vision and Code of Ethics\"}]},{\"@type\":\"WebSite\",\"@id\":\"https:\\\/\\\/www.inerco.com\\\/es\\\/#website\",\"url\":\"https:\\\/\\\/www.inerco.com\\\/es\\\/\",\"name\":\"INERCO\",\"description\":\"Tecnolog\u00eda, ingenier\u00eda y consultor\u00eda integral para el desarrollo industrial sostenible\",\"potentialAction\":[{\"@type\":\"SearchAction\",\"target\":{\"@type\":\"EntryPoint\",\"urlTemplate\":\"https:\\\/\\\/www.inerco.com\\\/es\\\/?s={search_term_string}\"},\"query-input\":{\"@type\":\"PropertyValueSpecification\",\"valueRequired\":true,\"valueName\":\"search_term_string\"}}],\"inLanguage\":\"en-US\"}]}<\/script>\n<!-- \/ Yoast SEO plugin. -->","yoast_head_json":{"title":"Mission, Vision and Code of Ethics - INERCO","description":"The mission statement of INERCO is to contribute to sustainable industrial development by offering technologically advanced products and services in the areas of Engineering, The Environment and Workplace Safety.","robots":{"index":"index","follow":"follow","max-snippet":"max-snippet:-1","max-image-preview":"max-image-preview:large","max-video-preview":"max-video-preview:-1"},"canonical":"https:\/\/www.inerco.com\/en\/mission-vision-and-code-of-ethics\/","og_locale":"en_US","og_type":"article","og_title":"Mission, Vision and Code of Ethics - INERCO","og_description":"The mission statement of INERCO is to contribute to sustainable industrial development by offering technologically advanced products and services in the areas of Engineering, The Environment and Workplace Safety.","og_url":"https:\/\/www.inerco.com\/en\/mission-vision-and-code-of-ethics\/","og_site_name":"INERCO","article_modified_time":"2021-05-25T10:04:02+00:00","og_image":[{"width":1920,"height":650,"url":"https:\/\/www.inerco.com\/wp-content\/uploads\/Grupo-INERCO.jpg","type":"image\/jpeg"}],"twitter_card":"summary_large_image","twitter_site":"@Inerco_","schema":{"@context":"https:\/\/schema.org","@graph":[{"@type":"WebPage","@id":"https:\/\/www.inerco.com\/en\/mission-vision-and-code-of-ethics\/","url":"https:\/\/www.inerco.com\/en\/mission-vision-and-code-of-ethics\/","name":"Mission, Vision and Code of Ethics - INERCO","isPartOf":{"@id":"https:\/\/www.inerco.com\/es\/#website"},"primaryImageOfPage":{"@id":"https:\/\/www.inerco.com\/en\/mission-vision-and-code-of-ethics\/#primaryimage"},"image":{"@id":"https:\/\/www.inerco.com\/en\/mission-vision-and-code-of-ethics\/#primaryimage"},"thumbnailUrl":"https:\/\/www.inerco.com\/wp-content\/uploads\/Grupo-INERCO.jpg","datePublished":"2018-04-05T14:39:51+00:00","dateModified":"2021-05-25T10:04:02+00:00","description":"The mission statement of INERCO is to contribute to sustainable industrial development by offering technologically advanced products and services in the areas of Engineering, The Environment and Workplace Safety.","breadcrumb":{"@id":"https:\/\/www.inerco.com\/en\/mission-vision-and-code-of-ethics\/#breadcrumb"},"inLanguage":"en-US","potentialAction":[{"@type":"ReadAction","target":["https:\/\/www.inerco.com\/en\/mission-vision-and-code-of-ethics\/"]}]},{"@type":"ImageObject","inLanguage":"en-US","@id":"https:\/\/www.inerco.com\/en\/mission-vision-and-code-of-ethics\/#primaryimage","url":"https:\/\/www.inerco.com\/wp-content\/uploads\/Grupo-INERCO.jpg","contentUrl":"https:\/\/www.inerco.com\/wp-content\/uploads\/Grupo-INERCO.jpg","width":1920,"height":650,"caption":"INERCO Group"},{"@type":"BreadcrumbList","@id":"https:\/\/www.inerco.com\/en\/mission-vision-and-code-of-ethics\/#breadcrumb","itemListElement":[{"@type":"ListItem","position":1,"name":"Home","item":"https:\/\/www.inerco.com\/en\/"},{"@type":"ListItem","position":2,"name":"Mission, Vision and Code of Ethics"}]},{"@type":"WebSite","@id":"https:\/\/www.inerco.com\/es\/#website","url":"https:\/\/www.inerco.com\/es\/","name":"INERCO","description":"Tecnolog\u00eda, ingenier\u00eda y consultor\u00eda integral para el desarrollo industrial sostenible","potentialAction":[{"@type":"SearchAction","target":{"@type":"EntryPoint","urlTemplate":"https:\/\/www.inerco.com\/es\/?s={search_term_string}"},"query-input":{"@type":"PropertyValueSpecification","valueRequired":true,"valueName":"search_term_string"}}],"inLanguage":"en-US"}]}},"_links":{"self":[{"href":"https:\/\/www.inerco.com\/en\/wp-json\/wp\/v2\/pages\/3576","targetHints":{"allow":["GET"]}}],"collection":[{"href":"https:\/\/www.inerco.com\/en\/wp-json\/wp\/v2\/pages"}],"about":[{"href":"https:\/\/www.inerco.com\/en\/wp-json\/wp\/v2\/types\/page"}],"author":[{"embeddable":true,"href":"https:\/\/www.inerco.com\/en\/wp-json\/wp\/v2\/users\/1"}],"replies":[{"embeddable":true,"href":"https:\/\/www.inerco.com\/en\/wp-json\/wp\/v2\/comments?post=3576"}],"version-history":[{"count":16,"href":"https:\/\/www.inerco.com\/en\/wp-json\/wp\/v2\/pages\/3576\/revisions"}],"predecessor-version":[{"id":7722,"href":"https:\/\/www.inerco.com\/en\/wp-json\/wp\/v2\/pages\/3576\/revisions\/7722"}],"wp:featuredmedia":[{"embeddable":true,"href":"https:\/\/www.inerco.com\/en\/wp-json\/wp\/v2\/media\/4419"}],"wp:attachment":[{"href":"https:\/\/www.inerco.com\/en\/wp-json\/wp\/v2\/media?parent=3576"}],"curies":[{"name":"wp","href":"https:\/\/api.w.org\/{rel}","templated":true}]}}