{"id":3573,"date":"2017-11-06T19:16:51","date_gmt":"2017-11-06T18:16:51","guid":{"rendered":"https:\/\/www.inerco.com\/?page_id=3573"},"modified":"2024-10-09T17:22:16","modified_gmt":"2024-10-09T15:22:16","slug":"inerco-group","status":"publish","type":"page","link":"https:\/\/www.inerco.com\/en\/inerco-group\/","title":{"rendered":"INERCO Group"},"content":{"rendered":"<div class=\"wpb-content-wrapper\"><p>[vc_row css_animation=&#8221;&#8221; row_type=&#8221;row&#8221; use_row_as_full_screen_section=&#8221;no&#8221; type=&#8221;full_width&#8221; angled_section=&#8221;no&#8221; text_align=&#8221;center&#8221; background_image_as_pattern=&#8221;without_pattern&#8221; z_index=&#8221;&#8221;][vc_column][vc_empty_space height=&#8221;60px&#8221;][vc_raw_html]JTNDZGl2JTIwc3R5bGUlM0QlMjJ3aWR0aCUzQTEwMCUyNSUzQiUyMiUzRSUwQSUzQ25hdiUyMGNsYXNzJTNEJTIyc3VibWVudSUyMiUzRSUwQSUzQ3NwYW4lMjBjbGFzcyUzRCUyMmFjdHVhbCUyMGVsZW1lbnRvJTIyJTNFJTNDYSUyMGhyZWYlM0QlMjIlMkZlbiUyRmluZXJjby1ncm91cCUyMiUzRUlORVJDTyUyMEdyb3VwJTNDJTJGYSUzRSUzQyUyRnNwYW4lM0UlMEElM0NzcGFuJTIwY2xhc3MlM0QlMjJlbGVtZW50byUyMiUzRSUzQ2ElMjBocmVmJTNEJTIyJTJGZW4lMkZtaXNzaW9uLXZpc2lvbi1hbmQtY29kZS1vZi1ldGhpY3MlMjIlM0VNaXNzaW9uJTJDJTIwVmlzaW9uJTIwYW5kJTIwQ29kZSUyMG9mJTIwRXRoaWNzJTNDJTJGYSUzRSUzQyUyRnNwYW4lM0UlMEElM0NzcGFuJTIwY2xhc3MlM0QlMjJlbGVtZW50byUyMiUzRSUzQ2ElMjBocmVmJTNEJTIyJTJGZW4lMkZpbm5vdmF0aW9uJTJGJTIyJTNFUiUyNkQlMjZJJTNDJTJGYSUzRSUzQyUyRnNwYW4lM0UlMEElM0NzcGFuJTIwY2xhc3MlM0QlMjJsYXN0JTIwZWxlbWVudG8lMjIlM0UlM0NhJTIwaHJlZiUzRCUyMiUyRmVuJTJGYm9hcmQtb2YtZGlyZWN0b3JzJTIyJTNFQm9hcmQlMjBvZiUyMERpcmVjdG9ycyUzQyUyRmElM0UlM0MlMkZzcGFuJTNFJTBBJTNDJTJGbmF2JTNFJTBBJTNDJTJGZGl2JTNF[\/vc_raw_html][\/vc_column][\/vc_row][vc_row css_animation=&#8221;&#8221; row_type=&#8221;row&#8221; use_row_as_full_screen_section=&#8221;no&#8221; type=&#8221;grid&#8221; angled_section=&#8221;no&#8221; text_align=&#8221;left&#8221; background_image_as_pattern=&#8221;without_pattern&#8221;][vc_column][vc_empty_space height=&#8221;80px&#8221;][qode_elements_holder number_of_columns=&#8221;two_columns&#8221;][qode_elements_holder_item vertical_alignment=&#8221;middle&#8221; horizontal_alignment=&#8221;left&#8221; advanced_animations=&#8221;no&#8221; item_padding=&#8221;10px 0px 10px 0px&#8221;][vc_column_text]<\/p>\n<h2 style=\"color: #009640; font-weight: 300; text-align: left;\">INERCO, at the Service of Sustainable Industrial Development<\/h2>\n<p>[\/vc_column_text][\/qode_elements_holder_item][qode_elements_holder_item vertical_alignment=&#8221;middle&#8221; horizontal_alignment=&#8221;right&#8221; advanced_animations=&#8221;no&#8221; item_padding=&#8221;10px 0px 10px 0px&#8221;]\n\n\t<a href=\"\/en\/contact\" target=\"_self\"  class=\"qode-btn qode-btn-medium qode-btn-solid qode-btn-icon qode-btn-icon-rotate\"  >\n\t    <span class=\"qode-btn-text\">CONTACT<\/span><span class=\"qode-button-v2-icon-holder\"  ><span aria-hidden=\"true\" class=\"qode_icon_font_elegant arrow_right qode-button-v2-icon-holder-inner\" ><\/span><\/span>\t<\/a>\n\n[\/qode_elements_holder_item][\/qode_elements_holder][vc_empty_space height=&#8221;80px&#8221;][\/vc_column][\/vc_row][vc_row css_animation=&#8221;&#8221; row_type=&#8221;row&#8221; use_row_as_full_screen_section=&#8221;no&#8221; type=&#8221;full_width&#8221; angled_section=&#8221;no&#8221; text_align=&#8221;left&#8221; background_image_as_pattern=&#8221;without_pattern&#8221;][vc_column][vc_empty_space height=&#8221;50px&#8221;][qode_elements_holder number_of_columns=&#8221;three_columns&#8221; switch_to_one_column=&#8221;768&#8243;][qode_elements_holder_item vertical_alignment=&#8221;top&#8221; horizontal_alignment=&#8221;center&#8221; advanced_animations=&#8221;no&#8221; item_padding=&#8221;25px 25px 25px 25px&#8221;][vc_column_text]<\/p>\n<div style=\"height: 180px; width: 180px; padding: 10px; border-radius: 200px; background-color: #f5f5f5; position: relative;\">\n<div style=\"margin: 0; position: absolute; top: 50%; left: 50%; -ms-transform: translate(-50%, -50%); transform: translate(-50%, -50%);\">\n<h3 style=\"text-align: center;\">Over<br \/>\n<span style=\"font-size: 1.5em; color: #009640; font-weight: 400;\">100K<\/span><br \/>\nReferences<\/h3>\n<\/div>\n<\/div>\n<p>[\/vc_column_text][\/qode_elements_holder_item][qode_elements_holder_item vertical_alignment=&#8221;top&#8221; horizontal_alignment=&#8221;center&#8221; advanced_animations=&#8221;no&#8221; item_padding=&#8221;25px 25px 25px 25px&#8221;][vc_column_text]<\/p>\n<div style=\"height: 180px; width: 180px; padding: 10px; border-radius: 200px; background-color: #f5f5f5; position: relative;\">\n<div style=\"margin: 0; position: absolute; top: 50%; left: 40%; -ms-transform: translate(-33%, -50%); transform: translate(-33%, -50%);\">\n<h3 style=\"text-align: center;\">Projects in<br \/>\n<span style=\"font-size: 1.5em; color: #009640; font-weight: 400;\">+70<\/span><br \/>\nCountries<\/h3>\n<\/div>\n<\/div>\n<p>[\/vc_column_text][\/qode_elements_holder_item][qode_elements_holder_item vertical_alignment=&#8221;top&#8221; horizontal_alignment=&#8221;center&#8221; advanced_animations=&#8221;no&#8221; item_padding=&#8221;25px 25px 25px 25px&#8221;][vc_column_text]<\/p>\n<div style=\"height: 180px; width: 180px; padding: 10px; border-radius: 200px; background-color: #f5f5f5; position: relative;\">\n<div style=\"margin: 0; position: absolute; top: 50%; left: 50%; -ms-transform: translate(-50%, -50%); transform: translate(-50%, -50%);\">\n<h3 style=\"text-align: center;\"><span style=\"font-size: 1.5em; color: #009640; font-weight: 400;\">650<\/span><br \/>\nProfessionals<\/h3>\n<\/div>\n<\/div>\n<p>[\/vc_column_text][\/qode_elements_holder_item][\/qode_elements_holder][vc_empty_space height=&#8221;50px&#8221;][vc_single_image image=&#8221;15290&#8243; img_size=&#8221;full&#8221; alignment=&#8221;center&#8221; css=&#8221;&#8221; qode_css_animation=&#8221;&#8221;][vc_empty_space height=&#8221;50px&#8221;][qode_elements_holder number_of_columns=&#8221;three_columns&#8221; switch_to_one_column=&#8221;768&#8243;][qode_elements_holder_item vertical_alignment=&#8221;top&#8221; horizontal_alignment=&#8221;center&#8221; advanced_animations=&#8221;no&#8221; item_padding=&#8221;25px 25px 25px 25px&#8221;][vc_column_text]<\/p>\n<div style=\"height: 180px; width: 180px; padding: 10px; border-radius: 200px; background-color: #f5f5f5; position: relative;\">\n<div style=\"margin: 0; position: absolute; top: 50%; left: 50%; -ms-transform: translate(-50%, -50%); transform: translate(-50%, -50%);\">\n<h3 style=\"text-align: center;\"><span style=\"font-size: 1.5em; color: #009640; font-weight: 400;\">30<\/span><br \/>\nYears<br \/>\nexperience<\/h3>\n<\/div>\n<\/div>\n<p>[\/vc_column_text][\/qode_elements_holder_item][qode_elements_holder_item vertical_alignment=&#8221;top&#8221; horizontal_alignment=&#8221;center&#8221; advanced_animations=&#8221;no&#8221; item_padding=&#8221;25px 25px 25px 25px&#8221;][vc_column_text]<\/p>\n<div style=\"height: 180px; width: 180px; padding: 10px; border-radius: 200px; background-color: #f5f5f5; position: relative;\">\n<div style=\"margin: 0; position: absolute; top: 50%; left: 50%; -ms-transform: translate(-50%, -50%); transform: translate(-50%, -50%);\">\n<h3 style=\"text-align: center;\">Firm<br \/>\ncommitment to<br \/>\n<span style=\"font-size: 1.5em; color: #009640; font-weight: 400;\">R&amp;D&amp;I<\/span><\/h3>\n<\/div>\n<\/div>\n<p>[\/vc_column_text][\/qode_elements_holder_item][qode_elements_holder_item vertical_alignment=&#8221;top&#8221; horizontal_alignment=&#8221;center&#8221; advanced_animations=&#8221;no&#8221; item_padding=&#8221;25px 25px 25px 25px&#8221;][vc_column_text]<\/p>\n<div style=\"height: 180px; width: 180px; padding: 10px; border-radius: 200px; background-color: #f5f5f5; position: relative;\">\n<div style=\"margin: 0; position: absolute; top: 50%; left: 40%; -ms-transform: translate(-35%, -50%); transform: translate(-35%, -50%);\">\n<h3 style=\"text-align: center;\">Offices in<br \/>\n<span style=\"font-size: 1.5em; color: #009640; line-height: 0.8; font-weight: 400;\">10<\/span> Countries<\/h3>\n<p style=\"text-align: center; font-size: 0.6em; padding-top: -20px; line-height: 1; margin-top: 5px;\">Brazil, Chile, Colombia, India, M\u00e9xico, Per\u00fa, Portugal, Spain, UAE, USA<\/p>\n<\/div>\n<\/div>\n<p>[\/vc_column_text][\/qode_elements_holder_item][\/qode_elements_holder][\/vc_column][\/vc_row][vc_row css_animation=&#8221;&#8221; row_type=&#8221;row&#8221; use_row_as_full_screen_section=&#8221;no&#8221; type=&#8221;full_width&#8221; angled_section=&#8221;no&#8221; text_align=&#8221;left&#8221; background_image_as_pattern=&#8221;without_pattern&#8221;][vc_column][vc_empty_space height=&#8221;100px&#8221;][\/vc_column][\/vc_row]<\/p>\n<\/div>","protected":false},"excerpt":{"rendered":"<p>[vc_row css_animation=&#8221;&#8221; row_type=&#8221;row&#8221; use_row_as_full_screen_section=&#8221;no&#8221; type=&#8221;full_width&#8221; angled_section=&#8221;no&#8221; text_align=&#8221;center&#8221; background_image_as_pattern=&#8221;without_pattern&#8221; z_index=&#8221;&#8221;][vc_column][vc_empty_space height=&#8221;60px&#8221;][vc_raw_html]JTNDZGl2JTIwc3R5bGUlM0QlMjJ3aWR0aCUzQTEwMCUyNSUzQiUyMiUzRSUwQSUzQ25hdiUyMGNsYXNzJTNEJTIyc3VibWVudSUyMiUzRSUwQSUzQ3NwYW4lMjBjbGFzcyUzRCUyMmFjdHVhbCUyMGVsZW1lbnRvJTIyJTNFJTNDYSUyMGhyZWYlM0QlMjIlMkZlbiUyRmluZXJjby1ncm91cCUyMiUzRUlORVJDTyUyMEdyb3VwJTNDJTJGYSUzRSUzQyUyRnNwYW4lM0UlMEElM0NzcGFuJTIwY2xhc3MlM0QlMjJlbGVtZW50byUyMiUzRSUzQ2ElMjBocmVmJTNEJTIyJTJGZW4lMkZtaXNzaW9uLXZpc2lvbi1hbmQtY29kZS1vZi1ldGhpY3MlMjIlM0VNaXNzaW9uJTJDJTIwVmlzaW9uJTIwYW5kJTIwQ29kZSUyMG9mJTIwRXRoaWNzJTNDJTJGYSUzRSUzQyUyRnNwYW4lM0UlMEElM0NzcGFuJTIwY2xhc3MlM0QlMjJlbGVtZW50byUyMiUzRSUzQ2ElMjBocmVmJTNEJTIyJTJGZW4lMkZpbm5vdmF0aW9uJTJGJTIyJTNFUiUyNkQlMjZJJTNDJTJGYSUzRSUzQyUyRnNwYW4lM0UlMEElM0NzcGFuJTIwY2xhc3MlM0QlMjJsYXN0JTIwZWxlbWVudG8lMjIlM0UlM0NhJTIwaHJlZiUzRCUyMiUyRmVuJTJGYm9hcmQtb2YtZGlyZWN0b3JzJTIyJTNFQm9hcmQlMjBvZiUyMERpcmVjdG9ycyUzQyUyRmElM0UlM0MlMkZzcGFuJTNFJTBBJTNDJTJGbmF2JTNFJTBBJTNDJTJGZGl2JTNF[\/vc_raw_html][\/vc_column][\/vc_row][vc_row css_animation=&#8221;&#8221; row_type=&#8221;row&#8221; use_row_as_full_screen_section=&#8221;no&#8221; type=&#8221;grid&#8221; angled_section=&#8221;no&#8221;&#8230;<\/p>\n","protected":false},"author":1,"featured_media":13611,"parent":0,"menu_order":0,"comment_status":"closed","ping_status":"closed","template":"","meta":{"footnotes":""},"class_list":["post-3573","page","type-page","status-publish","has-post-thumbnail","hentry"],"yoast_head":"<!-- This site is optimized with the Yoast SEO plugin v27.3 - https:\/\/yoast.com\/product\/yoast-seo-wordpress\/ -->\n<title>INERCO Group - INERCO<\/title>\n<meta name=\"robots\" content=\"index, follow, max-snippet:-1, max-image-preview:large, max-video-preview:-1\" \/>\n<link rel=\"canonical\" href=\"https:\/\/www.inerco.com\/en\/inerco-group\/\" \/>\n<meta property=\"og:locale\" content=\"en_US\" \/>\n<meta property=\"og:type\" content=\"article\" \/>\n<meta property=\"og:title\" content=\"INERCO Group - INERCO\" \/>\n<meta property=\"og:description\" content=\"[vc_row css_animation=&#8221;&#8221; row_type=&#8221;row&#8221; use_row_as_full_screen_section=&#8221;no&#8221; type=&#8221;full_width&#8221; angled_section=&#8221;no&#8221; text_align=&#8221;center&#8221; background_image_as_pattern=&#8221;without_pattern&#8221; z_index=&#8221;&#8221;][vc_column][vc_empty_space height=&#8221;60px&#8221;][vc_raw_html]JTNDZGl2JTIwc3R5bGUlM0QlMjJ3aWR0aCUzQTEwMCUyNSUzQiUyMiUzRSUwQSUzQ25hdiUyMGNsYXNzJTNEJTIyc3VibWVudSUyMiUzRSUwQSUzQ3NwYW4lMjBjbGFzcyUzRCUyMmFjdHVhbCUyMGVsZW1lbnRvJTIyJTNFJTNDYSUyMGhyZWYlM0QlMjIlMkZlbiUyRmluZXJjby1ncm91cCUyMiUzRUlORVJDTyUyMEdyb3VwJTNDJTJGYSUzRSUzQyUyRnNwYW4lM0UlMEElM0NzcGFuJTIwY2xhc3MlM0QlMjJlbGVtZW50byUyMiUzRSUzQ2ElMjBocmVmJTNEJTIyJTJGZW4lMkZtaXNzaW9uLXZpc2lvbi1hbmQtY29kZS1vZi1ldGhpY3MlMjIlM0VNaXNzaW9uJTJDJTIwVmlzaW9uJTIwYW5kJTIwQ29kZSUyMG9mJTIwRXRoaWNzJTNDJTJGYSUzRSUzQyUyRnNwYW4lM0UlMEElM0NzcGFuJTIwY2xhc3MlM0QlMjJlbGVtZW50byUyMiUzRSUzQ2ElMjBocmVmJTNEJTIyJTJGZW4lMkZpbm5vdmF0aW9uJTJGJTIyJTNFUiUyNkQlMjZJJTNDJTJGYSUzRSUzQyUyRnNwYW4lM0UlMEElM0NzcGFuJTIwY2xhc3MlM0QlMjJsYXN0JTIwZWxlbWVudG8lMjIlM0UlM0NhJTIwaHJlZiUzRCUyMiUyRmVuJTJGYm9hcmQtb2YtZGlyZWN0b3JzJTIyJTNFQm9hcmQlMjBvZiUyMERpcmVjdG9ycyUzQyUyRmElM0UlM0MlMkZzcGFuJTNFJTBBJTNDJTJGbmF2JTNFJTBBJTNDJTJGZGl2JTNF[\/vc_raw_html][\/vc_column][\/vc_row][vc_row css_animation=&#8221;&#8221; row_type=&#8221;row&#8221; use_row_as_full_screen_section=&#8221;no&#8221; type=&#8221;grid&#8221; angled_section=&#8221;no&#8221;...\" \/>\n<meta property=\"og:url\" content=\"https:\/\/www.inerco.com\/en\/inerco-group\/\" \/>\n<meta property=\"og:site_name\" content=\"INERCO\" \/>\n<meta property=\"article:modified_time\" content=\"2024-10-09T15:22:16+00:00\" \/>\n<meta property=\"og:image\" content=\"https:\/\/www.inerco.com\/wp-content\/uploads\/Mapa-INERCO_EN.jpg\" \/>\n\t<meta property=\"og:image:width\" content=\"1095\" \/>\n\t<meta property=\"og:image:height\" content=\"499\" \/>\n\t<meta property=\"og:image:type\" content=\"image\/jpeg\" \/>\n<meta name=\"twitter:card\" content=\"summary_large_image\" \/>\n<meta name=\"twitter:site\" content=\"@Inerco_\" \/>\n<script type=\"application\/ld+json\" class=\"yoast-schema-graph\">{\"@context\":\"https:\\\/\\\/schema.org\",\"@graph\":[{\"@type\":\"WebPage\",\"@id\":\"https:\\\/\\\/www.inerco.com\\\/en\\\/inerco-group\\\/\",\"url\":\"https:\\\/\\\/www.inerco.com\\\/en\\\/inerco-group\\\/\",\"name\":\"INERCO Group - INERCO\",\"isPartOf\":{\"@id\":\"https:\\\/\\\/www.inerco.com\\\/es\\\/#website\"},\"primaryImageOfPage\":{\"@id\":\"https:\\\/\\\/www.inerco.com\\\/en\\\/inerco-group\\\/#primaryimage\"},\"image\":{\"@id\":\"https:\\\/\\\/www.inerco.com\\\/en\\\/inerco-group\\\/#primaryimage\"},\"thumbnailUrl\":\"https:\\\/\\\/www.inerco.com\\\/wp-content\\\/uploads\\\/Mapa-INERCO_EN.jpg\",\"datePublished\":\"2017-11-06T18:16:51+00:00\",\"dateModified\":\"2024-10-09T15:22:16+00:00\",\"breadcrumb\":{\"@id\":\"https:\\\/\\\/www.inerco.com\\\/en\\\/inerco-group\\\/#breadcrumb\"},\"inLanguage\":\"en-US\",\"potentialAction\":[{\"@type\":\"ReadAction\",\"target\":[\"https:\\\/\\\/www.inerco.com\\\/en\\\/inerco-group\\\/\"]}]},{\"@type\":\"ImageObject\",\"inLanguage\":\"en-US\",\"@id\":\"https:\\\/\\\/www.inerco.com\\\/en\\\/inerco-group\\\/#primaryimage\",\"url\":\"https:\\\/\\\/www.inerco.com\\\/wp-content\\\/uploads\\\/Mapa-INERCO_EN.jpg\",\"contentUrl\":\"https:\\\/\\\/www.inerco.com\\\/wp-content\\\/uploads\\\/Mapa-INERCO_EN.jpg\",\"width\":1095,\"height\":499,\"caption\":\"INERCO Group Offices and Countries\"},{\"@type\":\"BreadcrumbList\",\"@id\":\"https:\\\/\\\/www.inerco.com\\\/en\\\/inerco-group\\\/#breadcrumb\",\"itemListElement\":[{\"@type\":\"ListItem\",\"position\":1,\"name\":\"Home\",\"item\":\"https:\\\/\\\/www.inerco.com\\\/en\\\/\"},{\"@type\":\"ListItem\",\"position\":2,\"name\":\"INERCO Group\"}]},{\"@type\":\"WebSite\",\"@id\":\"https:\\\/\\\/www.inerco.com\\\/es\\\/#website\",\"url\":\"https:\\\/\\\/www.inerco.com\\\/es\\\/\",\"name\":\"INERCO\",\"description\":\"Tecnolog\u00eda, ingenier\u00eda y consultor\u00eda integral para el desarrollo industrial sostenible\",\"potentialAction\":[{\"@type\":\"SearchAction\",\"target\":{\"@type\":\"EntryPoint\",\"urlTemplate\":\"https:\\\/\\\/www.inerco.com\\\/es\\\/?s={search_term_string}\"},\"query-input\":{\"@type\":\"PropertyValueSpecification\",\"valueRequired\":true,\"valueName\":\"search_term_string\"}}],\"inLanguage\":\"en-US\"}]}<\/script>\n<!-- \/ Yoast SEO plugin. -->","yoast_head_json":{"title":"INERCO Group - INERCO","robots":{"index":"index","follow":"follow","max-snippet":"max-snippet:-1","max-image-preview":"max-image-preview:large","max-video-preview":"max-video-preview:-1"},"canonical":"https:\/\/www.inerco.com\/en\/inerco-group\/","og_locale":"en_US","og_type":"article","og_title":"INERCO Group - INERCO","og_description":"[vc_row css_animation=&#8221;&#8221; row_type=&#8221;row&#8221; use_row_as_full_screen_section=&#8221;no&#8221; type=&#8221;full_width&#8221; angled_section=&#8221;no&#8221; text_align=&#8221;center&#8221; background_image_as_pattern=&#8221;without_pattern&#8221; z_index=&#8221;&#8221;][vc_column][vc_empty_space height=&#8221;60px&#8221;][vc_raw_html]JTNDZGl2JTIwc3R5bGUlM0QlMjJ3aWR0aCUzQTEwMCUyNSUzQiUyMiUzRSUwQSUzQ25hdiUyMGNsYXNzJTNEJTIyc3VibWVudSUyMiUzRSUwQSUzQ3NwYW4lMjBjbGFzcyUzRCUyMmFjdHVhbCUyMGVsZW1lbnRvJTIyJTNFJTNDYSUyMGhyZWYlM0QlMjIlMkZlbiUyRmluZXJjby1ncm91cCUyMiUzRUlORVJDTyUyMEdyb3VwJTNDJTJGYSUzRSUzQyUyRnNwYW4lM0UlMEElM0NzcGFuJTIwY2xhc3MlM0QlMjJlbGVtZW50byUyMiUzRSUzQ2ElMjBocmVmJTNEJTIyJTJGZW4lMkZtaXNzaW9uLXZpc2lvbi1hbmQtY29kZS1vZi1ldGhpY3MlMjIlM0VNaXNzaW9uJTJDJTIwVmlzaW9uJTIwYW5kJTIwQ29kZSUyMG9mJTIwRXRoaWNzJTNDJTJGYSUzRSUzQyUyRnNwYW4lM0UlMEElM0NzcGFuJTIwY2xhc3MlM0QlMjJlbGVtZW50byUyMiUzRSUzQ2ElMjBocmVmJTNEJTIyJTJGZW4lMkZpbm5vdmF0aW9uJTJGJTIyJTNFUiUyNkQlMjZJJTNDJTJGYSUzRSUzQyUyRnNwYW4lM0UlMEElM0NzcGFuJTIwY2xhc3MlM0QlMjJsYXN0JTIwZWxlbWVudG8lMjIlM0UlM0NhJTIwaHJlZiUzRCUyMiUyRmVuJTJGYm9hcmQtb2YtZGlyZWN0b3JzJTIyJTNFQm9hcmQlMjBvZiUyMERpcmVjdG9ycyUzQyUyRmElM0UlM0MlMkZzcGFuJTNFJTBBJTNDJTJGbmF2JTNFJTBBJTNDJTJGZGl2JTNF[\/vc_raw_html][\/vc_column][\/vc_row][vc_row css_animation=&#8221;&#8221; row_type=&#8221;row&#8221; use_row_as_full_screen_section=&#8221;no&#8221; type=&#8221;grid&#8221; angled_section=&#8221;no&#8221;...","og_url":"https:\/\/www.inerco.com\/en\/inerco-group\/","og_site_name":"INERCO","article_modified_time":"2024-10-09T15:22:16+00:00","og_image":[{"width":1095,"height":499,"url":"https:\/\/www.inerco.com\/wp-content\/uploads\/Mapa-INERCO_EN.jpg","type":"image\/jpeg"}],"twitter_card":"summary_large_image","twitter_site":"@Inerco_","schema":{"@context":"https:\/\/schema.org","@graph":[{"@type":"WebPage","@id":"https:\/\/www.inerco.com\/en\/inerco-group\/","url":"https:\/\/www.inerco.com\/en\/inerco-group\/","name":"INERCO Group - INERCO","isPartOf":{"@id":"https:\/\/www.inerco.com\/es\/#website"},"primaryImageOfPage":{"@id":"https:\/\/www.inerco.com\/en\/inerco-group\/#primaryimage"},"image":{"@id":"https:\/\/www.inerco.com\/en\/inerco-group\/#primaryimage"},"thumbnailUrl":"https:\/\/www.inerco.com\/wp-content\/uploads\/Mapa-INERCO_EN.jpg","datePublished":"2017-11-06T18:16:51+00:00","dateModified":"2024-10-09T15:22:16+00:00","breadcrumb":{"@id":"https:\/\/www.inerco.com\/en\/inerco-group\/#breadcrumb"},"inLanguage":"en-US","potentialAction":[{"@type":"ReadAction","target":["https:\/\/www.inerco.com\/en\/inerco-group\/"]}]},{"@type":"ImageObject","inLanguage":"en-US","@id":"https:\/\/www.inerco.com\/en\/inerco-group\/#primaryimage","url":"https:\/\/www.inerco.com\/wp-content\/uploads\/Mapa-INERCO_EN.jpg","contentUrl":"https:\/\/www.inerco.com\/wp-content\/uploads\/Mapa-INERCO_EN.jpg","width":1095,"height":499,"caption":"INERCO Group Offices and Countries"},{"@type":"BreadcrumbList","@id":"https:\/\/www.inerco.com\/en\/inerco-group\/#breadcrumb","itemListElement":[{"@type":"ListItem","position":1,"name":"Home","item":"https:\/\/www.inerco.com\/en\/"},{"@type":"ListItem","position":2,"name":"INERCO Group"}]},{"@type":"WebSite","@id":"https:\/\/www.inerco.com\/es\/#website","url":"https:\/\/www.inerco.com\/es\/","name":"INERCO","description":"Tecnolog\u00eda, ingenier\u00eda y consultor\u00eda integral para el desarrollo industrial sostenible","potentialAction":[{"@type":"SearchAction","target":{"@type":"EntryPoint","urlTemplate":"https:\/\/www.inerco.com\/es\/?s={search_term_string}"},"query-input":{"@type":"PropertyValueSpecification","valueRequired":true,"valueName":"search_term_string"}}],"inLanguage":"en-US"}]}},"_links":{"self":[{"href":"https:\/\/www.inerco.com\/en\/wp-json\/wp\/v2\/pages\/3573","targetHints":{"allow":["GET"]}}],"collection":[{"href":"https:\/\/www.inerco.com\/en\/wp-json\/wp\/v2\/pages"}],"about":[{"href":"https:\/\/www.inerco.com\/en\/wp-json\/wp\/v2\/types\/page"}],"author":[{"embeddable":true,"href":"https:\/\/www.inerco.com\/en\/wp-json\/wp\/v2\/users\/1"}],"replies":[{"embeddable":true,"href":"https:\/\/www.inerco.com\/en\/wp-json\/wp\/v2\/comments?post=3573"}],"version-history":[{"count":23,"href":"https:\/\/www.inerco.com\/en\/wp-json\/wp\/v2\/pages\/3573\/revisions"}],"predecessor-version":[{"id":15303,"href":"https:\/\/www.inerco.com\/en\/wp-json\/wp\/v2\/pages\/3573\/revisions\/15303"}],"wp:featuredmedia":[{"embeddable":true,"href":"https:\/\/www.inerco.com\/en\/wp-json\/wp\/v2\/media\/13611"}],"wp:attachment":[{"href":"https:\/\/www.inerco.com\/en\/wp-json\/wp\/v2\/media?parent=3573"}],"curies":[{"name":"wp","href":"https:\/\/api.w.org\/{rel}","templated":true}]}}