{"id":3561,"date":"2018-12-16T19:19:49","date_gmt":"2018-12-16T18:19:49","guid":{"rendered":"https:\/\/www.inerco.com\/?page_id=3561"},"modified":"2023-07-27T11:46:48","modified_gmt":"2023-07-27T09:46:48","slug":"instrumentation-and-industrial-water-discharges","status":"publish","type":"page","link":"https:\/\/www.inerco.com\/en\/environmental-technologies\/water\/instrumentation-and-industrial-water-discharges\/","title":{"rendered":"Instrumentation and Industrial Water Discharges"},"content":{"rendered":"<div class=\"wpb-content-wrapper\"><p>[vc_row css_animation=&#8221;&#8221; row_type=&#8221;row&#8221; use_row_as_full_screen_section=&#8221;no&#8221; type=&#8221;grid&#8221; angled_section=&#8221;no&#8221; text_align=&#8221;left&#8221; background_image_as_pattern=&#8221;without_pattern&#8221; z_index=&#8221;&#8221;][vc_column][vc_empty_space height=&#8221;100px&#8221;][\/vc_column][\/vc_row][vc_row css_animation=&#8221;&#8221; row_type=&#8221;row&#8221; use_row_as_full_screen_section=&#8221;no&#8221; type=&#8221;grid&#8221; angled_section=&#8221;no&#8221; text_align=&#8221;left&#8221; background_image_as_pattern=&#8221;without_pattern&#8221; z_index=&#8221;&#8221;][vc_column width=&#8221;3\/4&#8243;][vc_row_inner row_type=&#8221;row&#8221; type=&#8221;full_width&#8221; text_align=&#8221;left&#8221; css_animation=&#8221;&#8221;][vc_column_inner]<div class=\"custom_font_holder \" style=\" font-style: normal; font-weight: 300; text-decoration: none; text-align: left; --qode-cf-font-size: 35px; --qode-cf-line-height: 40px; --qode-cf-font-size-1440: 35px; --qode-cf-line-height-1440: 40px; --qode-cf-font-size-1366: 35px; --qode-cf-line-height-1366: 40px; --qode-cf-font-size-1280: 35px; --qode-cf-line-height-1280: 40px; --qode-cf-font-size-1024: 35px; --qode-cf-line-height-1024: 40px; --qode-cf-font-size-768: 35px; --qode-cf-line-height-768: 40px; --qode-cf-font-size-680: 35px; --qode-cf-line-height-680: 40px; --qode-cf-font-size-480: 35px; --qode-cf-line-height-480: 40px;\"><strong>Waste and industrial water analysers<\/strong><\/div>[vc_empty_space height=&#8221;50px&#8221;][\/vc_column_inner][\/vc_row_inner][vc_row_inner row_type=&#8221;row&#8221; type=&#8221;full_width&#8221; text_align=&#8221;left&#8221; css_animation=&#8221;&#8221;][vc_column_inner]<div class=\"q_icon_list\"><span aria-hidden=\"true\" class=\"qode_icon_font_elegant arrow_right qode-ili-icon-holder transparent\" style=\"color: #009640;\" ><\/span><p style=\"color:#000000;font-size: 20px;font-weight: 300;\">Engineering, Supply, Installation and Commissioning of Monitoring Sytems for Industrial Water Discharges.<\/p><\/div><div class=\"q_icon_list\"><span aria-hidden=\"true\" class=\"qode_icon_font_elegant arrow_right qode-ili-icon-holder transparent\" style=\"color: #009640;\" ><\/span><p style=\"color:#000000;font-size: 20px;font-weight: 300;\">Auditing and Diagnosis of Systems.<\/p><\/div><div class=\"q_icon_list\"><span aria-hidden=\"true\" class=\"qode_icon_font_elegant arrow_right qode-ili-icon-holder transparent\" style=\"color: #009640;\" ><\/span><p style=\"color:#000000;font-size: 20px;font-weight: 300;\">Review of maintenance plans.<\/p><\/div><div class=\"q_icon_list\"><span aria-hidden=\"true\" class=\"qode_icon_font_elegant arrow_right qode-ili-icon-holder transparent\" style=\"color: #009640;\" ><\/span><p style=\"color:#000000;font-size: 20px;font-weight: 300;\">Training and field qualification of instrumentalist contractors.<\/p><\/div>[vc_empty_space height=&#8221;50px&#8221;][\/vc_column_inner][\/vc_row_inner][vc_empty_space height=&#8221;40px&#8221;][\/vc_column][vc_column width=&#8221;1\/4&#8243;][vc_row_inner row_type=&#8221;row&#8221; type=&#8221;full_width&#8221; text_align=&#8221;center&#8221; css_animation=&#8221;&#8221;][vc_column_inner]<a  itemprop=\"url\" href=\"#webinars\" target=\"_self\" data-hover-background-color=\"#ffffff\" data-hover-border-color=\"#009640\" data-hover-color=\"#009640\" class=\"qbutton  medium center default boton-webinars-reach\" style=\"color: #ffffff; border-color: #009640; border-radius: 0px;-moz-border-radius: 0px;-webkit-border-radius: 0px; background-color:#009640;\">Water Webinars<\/a>[\/vc_column_inner][\/vc_row_inner][vc_empty_space height=&#8221;42px&#8221;][vc_widget_sidebar sidebar_id=&#8221;Antonio Alvarado&#8221;][\/vc_column][\/vc_row][vc_row css_animation=&#8221;&#8221; row_type=&#8221;row&#8221; use_row_as_full_screen_section=&#8221;no&#8221; type=&#8221;full_width&#8221; angled_section=&#8221;no&#8221; text_align=&#8221;left&#8221; background_image_as_pattern=&#8221;without_pattern&#8221;][vc_column][vc_empty_space height=&#8221;20px&#8221;][\/vc_column][\/vc_row][vc_row css_animation=&#8221;&#8221; row_type=&#8221;row&#8221; use_row_as_full_screen_section=&#8221;no&#8221; type=&#8221;full_width&#8221; angled_section=&#8221;no&#8221; text_align=&#8221;left&#8221; background_image_as_pattern=&#8221;without_pattern&#8221; el_id=&#8221;webinars&#8221; z_index=&#8221;&#8221;][vc_column][vc_empty_space height=&#8221;50px&#8221;][\/vc_column][\/vc_row][vc_row css_animation=&#8221;&#8221; row_type=&#8221;row&#8221; use_row_as_full_screen_section=&#8221;no&#8221; type=&#8221;full_width&#8221; angled_section=&#8221;no&#8221; text_align=&#8221;center&#8221; background_image_as_pattern=&#8221;without_pattern&#8221; css=&#8221;.vc_custom_1625647306728{padding-right: 10% !important;padding-left: 10% !important;background-color: #f7f7f7 !important;}&#8221; background_color=&#8221;#efefef&#8221; z_index=&#8221;&#8221;][vc_column][vc_empty_space height=&#8221;40px&#8221;][vc_row_inner row_type=&#8221;row&#8221; type=&#8221;full_width&#8221; text_align=&#8221;center&#8221; css_animation=&#8221;&#8221; el_class=&#8221;webinars&#8221;][vc_column_inner offset=&#8221;vc_col-md-offset-2 vc_col-md-8 vc_col-sm-offset-0&#8243;][vc_empty_space height=&#8221;40px&#8221;][vc_column_text]<\/p>\n<h3 style=\"text-align: center; font-size: 1.4em;\"><strong>WATER WEBINARS<\/strong><\/h3>\n<p>[\/vc_column_text][vc_separator type=&#8221;small&#8221; position=&#8221;center&#8221; thickness=&#8221;4&#8243; width=&#8221;30&#8243; up=&#8221;15&#8243; down=&#8221;15&#8243;][vc_empty_space height=&#8221;40px&#8221;]<div class='latest_post_two_holder two_columns'><ul><li class=\"clearfix\"><div class=\"latest_post_two_image\"><a itemprop=\"url\" href=\"https:\/\/www.inerco.com\/en\/eventos\/recuperacion-y-reutilizacion-de-agua-en-la-industria\/\"><img loading=\"lazy\" decoding=\"async\" width=\"700\" height=\"239\" src=\"https:\/\/www.inerco.com\/wp-content\/uploads\/Webinar-INERCO-Recuperacion-y-reutilizacion-de-agua-en-la-industria-5-noviembre-2020.jpg\" class=\"attachment-portfolio_masonry_with_space size-portfolio_masonry_with_space wp-post-image\" alt=\"Webinar INERCO Recuperaci\u00f3n y reutilizaci\u00f3n de agua en la industria 5 noviembre 2020\" srcset=\"https:\/\/www.inerco.com\/wp-content\/uploads\/Webinar-INERCO-Recuperacion-y-reutilizacion-de-agua-en-la-industria-5-noviembre-2020.jpg 768w, https:\/\/www.inerco.com\/wp-content\/uploads\/Webinar-INERCO-Recuperacion-y-reutilizacion-de-agua-en-la-industria-5-noviembre-2020.jpg 700w, https:\/\/www.inerco.com\/wp-content\/uploads\/Webinar-INERCO-Recuperacion-y-reutilizacion-de-agua-en-la-industria-5-noviembre-2020.jpg 1170w\" sizes=\"auto, (max-width: 700px) 100vw, 700px\" \/><\/a><\/div><div class=\"latest_post_two_inner\" ><div class=\"latest_post_two_text\"><h3 itemprop=\"name\" class=\"latest_post_two_title entry_title\"><a itemprop=\"url\" href=\"https:\/\/www.inerco.com\/en\/eventos\/recuperacion-y-reutilizacion-de-agua-en-la-industria\/\" >Recuperaci\u00f3n y reutilizaci\u00f3n de agua en la industria<\/a><\/h3><div class=\"separator small left \" ><\/div><\/div><div class=\"latest_post_two_info\" ><div class=\"latest_post_two_info_inner\" ><div class=\"post_info_author\"><img alt='Author Image' src='https:\/\/secure.gravatar.com\/avatar\/ea600b49b008c695acb1b7e3f5b20aa53d8e162bcf7df4dbbc4ec8895d401b0b?s=30&#038;d=mm&#038;r=g' srcset='https:\/\/secure.gravatar.com\/avatar\/ea600b49b008c695acb1b7e3f5b20aa53d8e162bcf7df4dbbc4ec8895d401b0b?s=60&#038;d=mm&#038;r=g 2x' class='avatar avatar-30 photo' height='30' width='30' \/><span class=\"post_info_author_name\">INERCOAdm1n<\/span><\/div><div itemprop=\"dateCreated\" class=\"post_info_date entry_date updated\">05 November, 2020<meta itemprop=\"interactionCount\" content=\"UserComments: 0\"\/><\/div><\/div><\/div><\/div><\/li><\/ul><\/div>[vc_empty_space height=&#8221;40px&#8221;][\/vc_column_inner][\/vc_row_inner][vc_empty_space height=&#8221;40px&#8221;][\/vc_column][\/vc_row]<\/p>\n<\/div>","protected":false},"excerpt":{"rendered":"<p>[vc_row css_animation=&#8221;&#8221; row_type=&#8221;row&#8221; use_row_as_full_screen_section=&#8221;no&#8221; type=&#8221;grid&#8221; angled_section=&#8221;no&#8221; text_align=&#8221;left&#8221; background_image_as_pattern=&#8221;without_pattern&#8221; z_index=&#8221;&#8221;][vc_column][vc_empty_space height=&#8221;100px&#8221;][\/vc_column][\/vc_row][vc_row css_animation=&#8221;&#8221; row_type=&#8221;row&#8221; use_row_as_full_screen_section=&#8221;no&#8221; type=&#8221;grid&#8221; angled_section=&#8221;no&#8221;&#8230;<\/p>\n","protected":false},"author":1,"featured_media":13476,"parent":3541,"menu_order":7,"comment_status":"closed","ping_status":"closed","template":"full_width.php","meta":{"footnotes":""},"class_list":["post-3561","page","type-page","status-publish","has-post-thumbnail","hentry"],"yoast_head":"<!-- This site is optimized with the Yoast SEO plugin v26.4 - https:\/\/yoast.com\/wordpress\/plugins\/seo\/ -->\n<title>Instrumentation and Industrial Water Discharges - INERCO<\/title>\n<meta name=\"description\" content=\"INERCO offers engineering services, supply, installation and commissioning of monitoring sytems for industrial water discharges.\" \/>\n<meta name=\"robots\" content=\"index, follow, max-snippet:-1, max-image-preview:large, max-video-preview:-1\" \/>\n<link rel=\"canonical\" href=\"https:\/\/www.inerco.com\/en\/environmental-technologies\/water\/instrumentation-and-industrial-water-discharges\/\" \/>\n<meta property=\"og:locale\" content=\"en_US\" \/>\n<meta property=\"og:type\" content=\"article\" \/>\n<meta property=\"og:title\" content=\"Instrumentation and Industrial Water Discharges - INERCO\" \/>\n<meta property=\"og:description\" content=\"INERCO offers engineering services, supply, installation and commissioning of monitoring sytems for industrial water discharges.\" \/>\n<meta property=\"og:url\" content=\"https:\/\/www.inerco.com\/en\/environmental-technologies\/water\/instrumentation-and-industrial-water-discharges\/\" \/>\n<meta property=\"og:site_name\" content=\"INERCO\" \/>\n<meta property=\"article:modified_time\" content=\"2023-07-27T09:46:48+00:00\" \/>\n<meta property=\"og:image\" content=\"https:\/\/www.inerco.com\/wp-content\/uploads\/Instrumentaci\u00f3n-para-Vertidos-y-Aguas-Industriales-INERCO.jpg\" \/>\n\t<meta property=\"og:image:width\" content=\"500\" \/>\n\t<meta property=\"og:image:height\" content=\"225\" \/>\n\t<meta property=\"og:image:type\" content=\"image\/jpeg\" \/>\n<meta name=\"twitter:card\" content=\"summary_large_image\" \/>\n<meta name=\"twitter:site\" content=\"@Inerco_\" \/>\n<script type=\"application\/ld+json\" class=\"yoast-schema-graph\">{\"@context\":\"https:\/\/schema.org\",\"@graph\":[{\"@type\":\"WebPage\",\"@id\":\"https:\/\/www.inerco.com\/en\/environmental-technologies\/water\/instrumentation-and-industrial-water-discharges\/\",\"url\":\"https:\/\/www.inerco.com\/en\/environmental-technologies\/water\/instrumentation-and-industrial-water-discharges\/\",\"name\":\"Instrumentation and Industrial Water Discharges - INERCO\",\"isPartOf\":{\"@id\":\"https:\/\/www.inerco.com\/es\/#website\"},\"primaryImageOfPage\":{\"@id\":\"https:\/\/www.inerco.com\/en\/environmental-technologies\/water\/instrumentation-and-industrial-water-discharges\/#primaryimage\"},\"image\":{\"@id\":\"https:\/\/www.inerco.com\/en\/environmental-technologies\/water\/instrumentation-and-industrial-water-discharges\/#primaryimage\"},\"thumbnailUrl\":\"https:\/\/www.inerco.com\/wp-content\/uploads\/Instrumentaci\u00f3n-para-Vertidos-y-Aguas-Industriales-INERCO.jpg\",\"datePublished\":\"2018-12-16T18:19:49+00:00\",\"dateModified\":\"2023-07-27T09:46:48+00:00\",\"description\":\"INERCO offers engineering services, supply, installation and commissioning of monitoring sytems for industrial water discharges.\",\"breadcrumb\":{\"@id\":\"https:\/\/www.inerco.com\/en\/environmental-technologies\/water\/instrumentation-and-industrial-water-discharges\/#breadcrumb\"},\"inLanguage\":\"en-US\",\"potentialAction\":[{\"@type\":\"ReadAction\",\"target\":[\"https:\/\/www.inerco.com\/en\/environmental-technologies\/water\/instrumentation-and-industrial-water-discharges\/\"]}]},{\"@type\":\"ImageObject\",\"inLanguage\":\"en-US\",\"@id\":\"https:\/\/www.inerco.com\/en\/environmental-technologies\/water\/instrumentation-and-industrial-water-discharges\/#primaryimage\",\"url\":\"https:\/\/www.inerco.com\/wp-content\/uploads\/Instrumentaci\u00f3n-para-Vertidos-y-Aguas-Industriales-INERCO.jpg\",\"contentUrl\":\"https:\/\/www.inerco.com\/wp-content\/uploads\/Instrumentaci\u00f3n-para-Vertidos-y-Aguas-Industriales-INERCO.jpg\",\"width\":\"500\",\"height\":\"225\"},{\"@type\":\"BreadcrumbList\",\"@id\":\"https:\/\/www.inerco.com\/en\/environmental-technologies\/water\/instrumentation-and-industrial-water-discharges\/#breadcrumb\",\"itemListElement\":[{\"@type\":\"ListItem\",\"position\":1,\"name\":\"Home\",\"item\":\"https:\/\/www.inerco.com\/en\/\"},{\"@type\":\"ListItem\",\"position\":2,\"name\":\"Environmental Technologies\",\"item\":\"https:\/\/www.inerco.com\/en\/environmental-technologies\/\"},{\"@type\":\"ListItem\",\"position\":3,\"name\":\"Water\",\"item\":\"https:\/\/www.inerco.com\/en\/environmental-technologies\/water\/\"},{\"@type\":\"ListItem\",\"position\":4,\"name\":\"Instrumentation and Industrial Water Discharges\"}]},{\"@type\":\"WebSite\",\"@id\":\"https:\/\/www.inerco.com\/es\/#website\",\"url\":\"https:\/\/www.inerco.com\/es\/\",\"name\":\"INERCO\",\"description\":\"Tecnolog\u00eda, ingenier\u00eda y consultor\u00eda integral para el desarrollo industrial sostenible\",\"potentialAction\":[{\"@type\":\"SearchAction\",\"target\":{\"@type\":\"EntryPoint\",\"urlTemplate\":\"https:\/\/www.inerco.com\/es\/?s={search_term_string}\"},\"query-input\":{\"@type\":\"PropertyValueSpecification\",\"valueRequired\":true,\"valueName\":\"search_term_string\"}}],\"inLanguage\":\"en-US\"}]}<\/script>\n<!-- \/ Yoast SEO plugin. -->","yoast_head_json":{"title":"Instrumentation and Industrial Water Discharges - INERCO","description":"INERCO offers engineering services, supply, installation and commissioning of monitoring sytems for industrial water discharges.","robots":{"index":"index","follow":"follow","max-snippet":"max-snippet:-1","max-image-preview":"max-image-preview:large","max-video-preview":"max-video-preview:-1"},"canonical":"https:\/\/www.inerco.com\/en\/environmental-technologies\/water\/instrumentation-and-industrial-water-discharges\/","og_locale":"en_US","og_type":"article","og_title":"Instrumentation and Industrial Water Discharges - INERCO","og_description":"INERCO offers engineering services, supply, installation and commissioning of monitoring sytems for industrial water discharges.","og_url":"https:\/\/www.inerco.com\/en\/environmental-technologies\/water\/instrumentation-and-industrial-water-discharges\/","og_site_name":"INERCO","article_modified_time":"2023-07-27T09:46:48+00:00","og_image":[{"width":500,"height":225,"url":"https:\/\/www.inerco.com\/wp-content\/uploads\/Instrumentaci\u00f3n-para-Vertidos-y-Aguas-Industriales-INERCO.jpg","type":"image\/jpeg"}],"twitter_card":"summary_large_image","twitter_site":"@Inerco_","schema":{"@context":"https:\/\/schema.org","@graph":[{"@type":"WebPage","@id":"https:\/\/www.inerco.com\/en\/environmental-technologies\/water\/instrumentation-and-industrial-water-discharges\/","url":"https:\/\/www.inerco.com\/en\/environmental-technologies\/water\/instrumentation-and-industrial-water-discharges\/","name":"Instrumentation and Industrial Water Discharges - INERCO","isPartOf":{"@id":"https:\/\/www.inerco.com\/es\/#website"},"primaryImageOfPage":{"@id":"https:\/\/www.inerco.com\/en\/environmental-technologies\/water\/instrumentation-and-industrial-water-discharges\/#primaryimage"},"image":{"@id":"https:\/\/www.inerco.com\/en\/environmental-technologies\/water\/instrumentation-and-industrial-water-discharges\/#primaryimage"},"thumbnailUrl":"https:\/\/www.inerco.com\/wp-content\/uploads\/Instrumentaci\u00f3n-para-Vertidos-y-Aguas-Industriales-INERCO.jpg","datePublished":"2018-12-16T18:19:49+00:00","dateModified":"2023-07-27T09:46:48+00:00","description":"INERCO offers engineering services, supply, installation and commissioning of monitoring sytems for industrial water discharges.","breadcrumb":{"@id":"https:\/\/www.inerco.com\/en\/environmental-technologies\/water\/instrumentation-and-industrial-water-discharges\/#breadcrumb"},"inLanguage":"en-US","potentialAction":[{"@type":"ReadAction","target":["https:\/\/www.inerco.com\/en\/environmental-technologies\/water\/instrumentation-and-industrial-water-discharges\/"]}]},{"@type":"ImageObject","inLanguage":"en-US","@id":"https:\/\/www.inerco.com\/en\/environmental-technologies\/water\/instrumentation-and-industrial-water-discharges\/#primaryimage","url":"https:\/\/www.inerco.com\/wp-content\/uploads\/Instrumentaci\u00f3n-para-Vertidos-y-Aguas-Industriales-INERCO.jpg","contentUrl":"https:\/\/www.inerco.com\/wp-content\/uploads\/Instrumentaci\u00f3n-para-Vertidos-y-Aguas-Industriales-INERCO.jpg","width":"500","height":"225"},{"@type":"BreadcrumbList","@id":"https:\/\/www.inerco.com\/en\/environmental-technologies\/water\/instrumentation-and-industrial-water-discharges\/#breadcrumb","itemListElement":[{"@type":"ListItem","position":1,"name":"Home","item":"https:\/\/www.inerco.com\/en\/"},{"@type":"ListItem","position":2,"name":"Environmental Technologies","item":"https:\/\/www.inerco.com\/en\/environmental-technologies\/"},{"@type":"ListItem","position":3,"name":"Water","item":"https:\/\/www.inerco.com\/en\/environmental-technologies\/water\/"},{"@type":"ListItem","position":4,"name":"Instrumentation and Industrial Water Discharges"}]},{"@type":"WebSite","@id":"https:\/\/www.inerco.com\/es\/#website","url":"https:\/\/www.inerco.com\/es\/","name":"INERCO","description":"Tecnolog\u00eda, ingenier\u00eda y consultor\u00eda integral para el desarrollo industrial sostenible","potentialAction":[{"@type":"SearchAction","target":{"@type":"EntryPoint","urlTemplate":"https:\/\/www.inerco.com\/es\/?s={search_term_string}"},"query-input":{"@type":"PropertyValueSpecification","valueRequired":true,"valueName":"search_term_string"}}],"inLanguage":"en-US"}]}},"_links":{"self":[{"href":"https:\/\/www.inerco.com\/en\/wp-json\/wp\/v2\/pages\/3561","targetHints":{"allow":["GET"]}}],"collection":[{"href":"https:\/\/www.inerco.com\/en\/wp-json\/wp\/v2\/pages"}],"about":[{"href":"https:\/\/www.inerco.com\/en\/wp-json\/wp\/v2\/types\/page"}],"author":[{"embeddable":true,"href":"https:\/\/www.inerco.com\/en\/wp-json\/wp\/v2\/users\/1"}],"replies":[{"embeddable":true,"href":"https:\/\/www.inerco.com\/en\/wp-json\/wp\/v2\/comments?post=3561"}],"version-history":[{"count":3,"href":"https:\/\/www.inerco.com\/en\/wp-json\/wp\/v2\/pages\/3561\/revisions"}],"predecessor-version":[{"id":13491,"href":"https:\/\/www.inerco.com\/en\/wp-json\/wp\/v2\/pages\/3561\/revisions\/13491"}],"up":[{"embeddable":true,"href":"https:\/\/www.inerco.com\/en\/wp-json\/wp\/v2\/pages\/3541"}],"wp:featuredmedia":[{"embeddable":true,"href":"https:\/\/www.inerco.com\/en\/wp-json\/wp\/v2\/media\/13476"}],"wp:attachment":[{"href":"https:\/\/www.inerco.com\/en\/wp-json\/wp\/v2\/media?parent=3561"}],"curies":[{"name":"wp","href":"https:\/\/api.w.org\/{rel}","templated":true}]}}