{"id":3541,"date":"2018-12-16T18:08:51","date_gmt":"2018-12-16T17:08:51","guid":{"rendered":"https:\/\/www.inerco.com\/?page_id=3541"},"modified":"2023-09-06T13:23:42","modified_gmt":"2023-09-06T11:23:42","slug":"water","status":"publish","type":"page","link":"https:\/\/www.inerco.com\/en\/environmental-technologies\/water\/","title":{"rendered":"Water"},"content":{"rendered":"<div class=\"wpb-content-wrapper\"><p>[vc_row css_animation=&#8221;&#8221; row_type=&#8221;row&#8221; use_row_as_full_screen_section=&#8221;no&#8221; type=&#8221;full_width&#8221; angled_section=&#8221;no&#8221; text_align=&#8221;left&#8221; background_image_as_pattern=&#8221;without_pattern&#8221;][vc_column][vc_empty_space height=&#8221;50px&#8221;][\/vc_column][\/vc_row][vc_row css_animation=&#8221;&#8221; row_type=&#8221;row&#8221; use_row_as_full_screen_section=&#8221;no&#8221; type=&#8221;grid&#8221; angled_section=&#8221;no&#8221; text_align=&#8221;left&#8221; background_image_as_pattern=&#8221;without_pattern&#8221; z_index=&#8221;&#8221; css=&#8221;.vc_custom_1518611434899{padding-top: 25px !important;}&#8221;][vc_column][vc_column_text]<\/p>\n<h2 style=\"text-align: center;\"><strong>INERCO<\/strong> analyze and implement improvements in operational, technical, economic, water conservation and management in any industry.<\/h2>\n<p>[\/vc_column_text][vc_empty_space height=&#8221;10px&#8221;][vc_column_text]<\/p>\n<h3 style=\"text-align: center;\">Our capabilities include the full supply of plants for:<\/h3>\n<p>[\/vc_column_text][vc_empty_space height=&#8221;50px&#8221;][vc_row_inner row_type=&#8221;row&#8221; type=&#8221;full_width&#8221; text_align=&#8221;left&#8221; css_animation=&#8221;&#8221;][vc_column_inner width=&#8221;1\/2&#8243;][vc_column_text]<\/p>\n<p style=\"text-align: right; font-size: 25px !important; font-weight: 300;\">Leachate Treatment.<\/p>\n<p style=\"text-align: right; font-size: 25px !important; font-weight: 300;\">Industrial Waste Treatment.<\/p>\n<p style=\"text-align: right; font-size: 25px !important; font-weight: 300;\">Surface Treatment of Metals.<\/p>\n<p style=\"text-align: right; font-size: 25px !important; font-weight: 300;\">Process Water Conditioning and Purification.<\/p>\n<p>[\/vc_column_text][\/vc_column_inner][vc_column_inner width=&#8221;1\/2&#8243;][vc_column_text]<\/p>\n<p style=\"font-weight: 300; font-size: 25px !important; text-align: left;\">Separation and Recovery of Oil.<\/p>\n<p style=\"font-weight: 300; font-size: 25px !important; text-align: left;\">Water Recycling for Vehicle Washing on a commercial scale.<\/p>\n<p style=\"font-weight: 300; font-size: 25px !important; text-align: left;\">Analysis and optimization of environmental improvement alternatives for the management of effluents and discharges.<\/p>\n<p>[\/vc_column_text][\/vc_column_inner][\/vc_row_inner][\/vc_column][\/vc_row][vc_row css_animation=&#8221;&#8221; row_type=&#8221;row&#8221; use_row_as_full_screen_section=&#8221;no&#8221; type=&#8221;full_width&#8221; angled_section=&#8221;no&#8221; text_align=&#8221;left&#8221; background_image_as_pattern=&#8221;without_pattern&#8221;][vc_column][vc_empty_space height=&#8221;50px&#8221;][\/vc_column][\/vc_row][vc_row css_animation=&#8221;&#8221; row_type=&#8221;row&#8221; use_row_as_full_screen_section=&#8221;no&#8221; type=&#8221;grid&#8221; angled_section=&#8221;no&#8221; text_align=&#8221;left&#8221; background_image_as_pattern=&#8221;without_pattern&#8221; z_index=&#8221;&#8221; css=&#8221;.vc_custom_1518589969864{padding-top: 25px !important;}&#8221;][vc_column width=&#8221;3\/4&#8243;][vc_column_text]<\/p>\n<h4><span style=\"font-weight: 200;\">In all cases, <a href=\"\/\"><strong>INERCO<\/strong><\/a> has the technical specialists and expertise necessary to identify and propose appropriate measures when considering water savings in the appropriate sectors, like zero discharge system that enables the recovery of more than 95% of the water used in a production plant, using technologies such as vacuum evaporation or evaporation by mechanical compression (Vacudest technology), among others.<\/span><\/h4>\n<p>[\/vc_column_text][vc_empty_space height=&#8221;50px&#8221;][vc_row_inner row_type=&#8221;row&#8221; type=&#8221;full_width&#8221; text_align=&#8221;left&#8221; css_animation=&#8221;&#8221;][vc_column_inner][qode_elements_holder number_of_columns=&#8221;two_columns&#8221; switch_to_one_column=&#8221;600&#8243; alignment_one_column=&#8221;center&#8221;][qode_elements_holder_item vertical_alignment=&#8221;top&#8221; horizontal_alignment=&#8221;center&#8221; advanced_animations=&#8221;no&#8221; item_padding=&#8221;0px 3px 0px 0px&#8221;]<div class=\"q_image_with_text_over q_iwto_hover\"><div class=\"shader\" style=\"background-color: rgba(0,0,0,0.43)\"><\/div><div class=\"shader_hover\" style=\"background-color: rgba(0,150,64,0.4)\"><\/div><img decoding=\"async\" itemprop=\"image\" src=\"https:\/\/www.inerco.com\/wp-content\/uploads\/INERCO-Evaporadores.jpg\" alt=\"INERCO Evaporadores\" \/><div class=\"text\"><table><tr><td><h2 class=\"caption no_icon\" style=\"color: #ffffff;\">Evaporators<\/h2><\/td><\/tr><\/table><table><tr><td><div class=\"desc\"><\/p>\n<h2 style=\"text-align: center;\"><a style=\"color: #ffffff;\" href=\"https:\/\/www.inerco.com\/en\/environmental-technologies\/water\/evaporators\/\">Evaporators<\/a><\/h2>\n<p><\/div><\/td><\/tr><\/table><\/div><\/div>[\/qode_elements_holder_item][qode_elements_holder_item vertical_alignment=&#8221;top&#8221; horizontal_alignment=&#8221;center&#8221; advanced_animations=&#8221;no&#8221; item_padding=&#8221;0px 0px 0px 3px&#8221;]<div class=\"q_image_with_text_over q_iwto_hover\"><div class=\"shader\" style=\"background-color: rgba(0,0,0,0.42)\"><\/div><div class=\"shader_hover\" style=\"background-color: rgba(0,150,64,0.4)\"><\/div><img decoding=\"async\" itemprop=\"image\" src=\"https:\/\/www.inerco.com\/wp-content\/uploads\/INERCO-Ultrafiltraci\u00f3n-Microfiltraci\u00f3n.jpg\" alt=\"INERCO Ultrafiltraci\u00f3n - Microfiltraci\u00f3n\" \/><div class=\"text\"><table><tr><td><h2 class=\"caption no_icon\" style=\"color: #ffffff;\">Ultrafiltration \u2013 Microfiltration<\/h2><\/td><\/tr><\/table><table><tr><td><div class=\"desc\"><\/p>\n<h2 style=\"text-align: center;\"><a style=\"color: #ffffff;\" href=\"https:\/\/www.inerco.com\/en\/environmental-technologies\/water\/ultrafiltration-microfiltration\/\">Ultrafiltration \u2013 Microfiltration<\/a><\/h2>\n<p><\/div><\/td><\/tr><\/table><\/div><\/div>[\/qode_elements_holder_item][\/qode_elements_holder][qode_elements_holder number_of_columns=&#8221;two_columns&#8221; switch_to_one_column=&#8221;600&#8243; alignment_one_column=&#8221;center&#8221;][qode_elements_holder_item vertical_alignment=&#8221;top&#8221; horizontal_alignment=&#8221;center&#8221; advanced_animations=&#8221;no&#8221; item_padding=&#8221;0px 3px 0px 0px&#8221;]<div class=\"q_image_with_text_over q_iwto_hover\"><div class=\"shader\" style=\"background-color: rgba(0,0,0,0.42)\"><\/div><div class=\"shader_hover\" style=\"background-color: rgba(0,150,64,0.4)\"><\/div><img decoding=\"async\" itemprop=\"image\" src=\"https:\/\/www.inerco.com\/wp-content\/uploads\/INERCO-Intercambio-I\u00f3nico-\u2013-Electrodesionizaci\u00f3n.jpg\" alt=\"INERCO Intercambio I\u00f3nico \u2013 Electrodesionizaci\u00f3n\" \/><div class=\"text\"><table><tr><td><h2 class=\"caption no_icon\" style=\"color: #ffffff;\">Ion Exchange \u2013 Electronic deionization (EDI)<\/h2><\/td><\/tr><\/table><table><tr><td><div class=\"desc\"><\/p>\n<h2 style=\"text-align: center;\"><a style=\"color: #ffffff;\" href=\"https:\/\/www.inerco.com\/en\/environmental-technologies\/water\/ion-exchange-electronic-deionization-edi\/\">Ion Exchange \u2013 Electronic deionization (EDI)<\/a><\/h2>\n<p><\/div><\/td><\/tr><\/table><\/div><\/div>[\/qode_elements_holder_item][qode_elements_holder_item vertical_alignment=&#8221;top&#8221; horizontal_alignment=&#8221;center&#8221; advanced_animations=&#8221;no&#8221; item_padding=&#8221;0px 0px 0px 3px&#8221;]<div class=\"q_image_with_text_over q_iwto_hover\"><div class=\"shader\" style=\"background-color: rgba(0,0,0,0.43)\"><\/div><div class=\"shader_hover\" style=\"background-color: rgba(0,150,64,0.4)\"><\/div><img decoding=\"async\" itemprop=\"image\" src=\"https:\/\/www.inerco.com\/wp-content\/uploads\/INERCO-\u00d3smosis-Inversa.jpg\" alt=\"INERCO \u00d3smosis Inversa\" \/><div class=\"text\"><table><tr><td><h2 class=\"caption no_icon\" style=\"color: #ffffff;\">Reverse Osmosis<\/h2><\/td><\/tr><\/table><table><tr><td><div class=\"desc\"><\/p>\n<h2 style=\"text-align: center;\"><a style=\"color: #ffffff;\" href=\"https:\/\/www.inerco.com\/en\/environmental-technologies\/water\/reverse-osmosis\/\">Reverse Osmosis<\/a><\/h2>\n<p><\/div><\/td><\/tr><\/table><\/div><\/div>[\/qode_elements_holder_item][\/qode_elements_holder][qode_elements_holder number_of_columns=&#8221;two_columns&#8221; switch_to_one_column=&#8221;600&#8243; alignment_one_column=&#8221;center&#8221;][qode_elements_holder_item vertical_alignment=&#8221;top&#8221; horizontal_alignment=&#8221;center&#8221; advanced_animations=&#8221;no&#8221; item_padding=&#8221;0px 3px 0px 0px&#8221;]<div class=\"q_image_with_text_over q_iwto_hover\"><div class=\"shader\" style=\"background-color: rgba(0,0,0,0.42)\"><\/div><div class=\"shader_hover\" style=\"background-color: rgba(0,150,64,0.4)\"><\/div><img decoding=\"async\" itemprop=\"image\" src=\"https:\/\/www.inerco.com\/wp-content\/uploads\/INERCO-Ultrafiltraci\u00f3n-Microfiltraci\u00f3n.jpg\" alt=\"INERCO Ultrafiltraci\u00f3n - Microfiltraci\u00f3n\" \/><div class=\"text\"><table><tr><td><h2 class=\"caption no_icon\" style=\"color: #ffffff;\">Physical \u2013 Chemical Treatment Plant<\/h2><\/td><\/tr><\/table><table><tr><td><div class=\"desc\"><\/p>\n<h2 style=\"text-align: center;\"><a style=\"color: #ffffff;\" href=\"https:\/\/www.inerco.com\/en\/environmental-technologies\/water\/physical-chemical-treatment-plant\/\">Physical \u2013 Chemical Treatment Plant<\/a><\/h2>\n<p><\/div><\/td><\/tr><\/table><\/div><\/div>[\/qode_elements_holder_item][qode_elements_holder_item vertical_alignment=&#8221;top&#8221; horizontal_alignment=&#8221;center&#8221; advanced_animations=&#8221;no&#8221; item_padding=&#8221;0px 0px 0px 3px&#8221;]<div class=\"q_image_with_text_over q_iwto_hover\"><div class=\"shader\" style=\"background-color: rgba(0,0,0,0.43)\"><\/div><div class=\"shader_hover\" style=\"background-color: rgba(0,150,64,0.4)\"><\/div><img decoding=\"async\" itemprop=\"image\" src=\"https:\/\/www.inerco.com\/wp-content\/uploads\/INERCO-Desoleadores.jpg\" alt=\"INERCO Desoleadores\" \/><div class=\"text\"><table><tr><td><h2 class=\"caption no_icon\" style=\"color: #ffffff;\">Separation of oils (Degreasing)<\/h2><\/td><\/tr><\/table><table><tr><td><div class=\"desc\"><\/p>\n<h2 style=\"text-align: center;\"><a style=\"color: #ffffff;\" href=\"https:\/\/www.inerco.com\/en\/environmental-technologies\/water\/separation-of-oils-degreasing\/\">Separation of oils (Degreasing)<\/a><\/h2>\n<p><\/div><\/td><\/tr><\/table><\/div><\/div>[\/qode_elements_holder_item][\/qode_elements_holder][qode_elements_holder number_of_columns=&#8221;one_column&#8221; switch_to_one_column=&#8221;600&#8243; alignment_one_column=&#8221;center&#8221;][qode_elements_holder_item vertical_alignment=&#8221;top&#8221; horizontal_alignment=&#8221;center&#8221; advanced_animations=&#8221;no&#8221;]<div class=\"q_image_with_text_over q_iwto_hover\"><div class=\"shader\" style=\"background-color: rgba(0,0,0,0.43)\"><\/div><div class=\"shader_hover\" style=\"background-color: rgba(0,150,64,0.4)\"><\/div><img decoding=\"async\" itemprop=\"image\" src=\"https:\/\/www.inerco.com\/wp-content\/uploads\/INERCO-Instrumentaci\u00f3n-para-Vertidos-y-Aguas-Industriales.jpg\" alt=\"INERCO Instrumentaci\u00f3n para Vertidos y Aguas Industriales\" \/><div class=\"text\"><table><tr><td><h2 class=\"caption no_icon\" style=\"color: #ffffff;\">Instrumentation and Industrial Water Discharges<\/h2><\/td><\/tr><\/table><table><tr><td><div class=\"desc\"><\/p>\n<h2 style=\"text-align: center;\"><a style=\"color: #ffffff;\" href=\"https:\/\/www.inerco.com\/en\/environmental-technologies\/water\/instrumentation-and-industrial-water-discharges\/\">Instrumentation and Industrial Water Discharges<\/a><\/h2>\n<p><\/div><\/td><\/tr><\/table><\/div><\/div>[\/qode_elements_holder_item][\/qode_elements_holder][vc_empty_space][\/vc_column_inner][\/vc_row_inner][\/vc_column][vc_column width=&#8221;1\/4&#8243;][vc_row_inner row_type=&#8221;row&#8221; type=&#8221;full_width&#8221; text_align=&#8221;center&#8221; css_animation=&#8221;&#8221;][vc_column_inner]<a  itemprop=\"url\" href=\"#webinars\" target=\"_self\" data-hover-background-color=\"#ffffff\" data-hover-border-color=\"#009640\" data-hover-color=\"#009640\" class=\"qbutton  medium center default boton-webinars-reach\" style=\"color: #ffffff; border-color: #009640; border-radius: 0px;-moz-border-radius: 0px;-webkit-border-radius: 0px; background-color:#009640;\">Water Webinars<\/a>[\/vc_column_inner][\/vc_row_inner][vc_empty_space height=&#8221;42px&#8221;][vc_widget_sidebar sidebar_id=&#8221;Aguas&#8221;][\/vc_column][\/vc_row][vc_row css_animation=&#8221;&#8221; row_type=&#8221;row&#8221; use_row_as_full_screen_section=&#8221;no&#8221; type=&#8221;full_width&#8221; angled_section=&#8221;no&#8221; text_align=&#8221;left&#8221; background_image_as_pattern=&#8221;without_pattern&#8221;][vc_column][vc_empty_space height=&#8221;50px&#8221;][\/vc_column][\/vc_row][vc_row css_animation=&#8221;&#8221; row_type=&#8221;row&#8221; use_row_as_full_screen_section=&#8221;no&#8221; type=&#8221;full_width&#8221; angled_section=&#8221;no&#8221; text_align=&#8221;left&#8221; background_image_as_pattern=&#8221;without_pattern&#8221; el_id=&#8221;webinars&#8221; z_index=&#8221;&#8221;][vc_column][vc_empty_space height=&#8221;50px&#8221;][\/vc_column][\/vc_row][vc_row css_animation=&#8221;&#8221; row_type=&#8221;row&#8221; use_row_as_full_screen_section=&#8221;no&#8221; type=&#8221;full_width&#8221; angled_section=&#8221;no&#8221; text_align=&#8221;center&#8221; background_image_as_pattern=&#8221;without_pattern&#8221; css=&#8221;.vc_custom_1625647306728{padding-right: 10% !important;padding-left: 10% !important;background-color: #f7f7f7 !important;}&#8221; background_color=&#8221;#efefef&#8221; z_index=&#8221;&#8221;][vc_column][vc_empty_space height=&#8221;40px&#8221;][vc_row_inner row_type=&#8221;row&#8221; type=&#8221;full_width&#8221; text_align=&#8221;center&#8221; css_animation=&#8221;&#8221; el_class=&#8221;webinars&#8221;][vc_column_inner offset=&#8221;vc_col-md-offset-2 vc_col-md-8 vc_col-sm-offset-0&#8243;][vc_empty_space height=&#8221;40px&#8221;][vc_column_text]<\/p>\n<h3 style=\"text-align: center; font-size: 1.4em;\"><strong>WATER WEBINARS<\/strong><\/h3>\n<p>[\/vc_column_text][vc_separator type=&#8221;small&#8221; position=&#8221;center&#8221; thickness=&#8221;4&#8243; width=&#8221;30&#8243; up=&#8221;15&#8243; down=&#8221;15&#8243;][vc_empty_space height=&#8221;40px&#8221;]<div class='latest_post_two_holder two_columns'><ul><li class=\"clearfix\"><div class=\"latest_post_two_image\"><a itemprop=\"url\" href=\"https:\/\/www.inerco.com\/en\/eventos\/recuperacion-y-reutilizacion-de-agua-en-la-industria\/\"><img loading=\"lazy\" decoding=\"async\" width=\"700\" height=\"239\" src=\"https:\/\/www.inerco.com\/wp-content\/uploads\/Webinar-INERCO-Recuperacion-y-reutilizacion-de-agua-en-la-industria-5-noviembre-2020.jpg\" class=\"attachment-portfolio_masonry_with_space size-portfolio_masonry_with_space wp-post-image\" alt=\"Webinar INERCO Recuperaci\u00f3n y reutilizaci\u00f3n de agua en la industria 5 noviembre 2020\" srcset=\"https:\/\/www.inerco.com\/wp-content\/uploads\/Webinar-INERCO-Recuperacion-y-reutilizacion-de-agua-en-la-industria-5-noviembre-2020.jpg 768w, https:\/\/www.inerco.com\/wp-content\/uploads\/Webinar-INERCO-Recuperacion-y-reutilizacion-de-agua-en-la-industria-5-noviembre-2020.jpg 700w, https:\/\/www.inerco.com\/wp-content\/uploads\/Webinar-INERCO-Recuperacion-y-reutilizacion-de-agua-en-la-industria-5-noviembre-2020.jpg 1170w\" sizes=\"auto, (max-width: 700px) 100vw, 700px\" \/><\/a><\/div><div class=\"latest_post_two_inner\" ><div class=\"latest_post_two_text\"><h3 itemprop=\"name\" class=\"latest_post_two_title entry_title\"><a itemprop=\"url\" href=\"https:\/\/www.inerco.com\/en\/eventos\/recuperacion-y-reutilizacion-de-agua-en-la-industria\/\" >Recuperaci\u00f3n y reutilizaci\u00f3n de agua en la industria<\/a><\/h3><div class=\"separator small left \" ><\/div><\/div><div class=\"latest_post_two_info\" ><div class=\"latest_post_two_info_inner\" ><div class=\"post_info_author\"><img alt='Author Image' src='https:\/\/secure.gravatar.com\/avatar\/ea600b49b008c695acb1b7e3f5b20aa53d8e162bcf7df4dbbc4ec8895d401b0b?s=30&#038;d=mm&#038;r=g' srcset='https:\/\/secure.gravatar.com\/avatar\/ea600b49b008c695acb1b7e3f5b20aa53d8e162bcf7df4dbbc4ec8895d401b0b?s=60&#038;d=mm&#038;r=g 2x' class='avatar avatar-30 photo' height='30' width='30' \/><span class=\"post_info_author_name\">INERCOAdm1n<\/span><\/div><div itemprop=\"dateCreated\" class=\"post_info_date entry_date updated\">05 November, 2020<meta itemprop=\"interactionCount\" content=\"UserComments: 0\"\/><\/div><\/div><\/div><\/div><\/li><\/ul><\/div>[vc_empty_space height=&#8221;40px&#8221;][\/vc_column_inner][\/vc_row_inner][vc_empty_space height=&#8221;40px&#8221;][\/vc_column][\/vc_row]<\/p>\n<\/div>","protected":false},"excerpt":{"rendered":"<p>[vc_row css_animation=&#8221;&#8221; row_type=&#8221;row&#8221; use_row_as_full_screen_section=&#8221;no&#8221; type=&#8221;full_width&#8221; angled_section=&#8221;no&#8221; text_align=&#8221;left&#8221; background_image_as_pattern=&#8221;without_pattern&#8221;][vc_column][vc_empty_space height=&#8221;50px&#8221;][\/vc_column][\/vc_row][vc_row css_animation=&#8221;&#8221; row_type=&#8221;row&#8221; use_row_as_full_screen_section=&#8221;no&#8221; type=&#8221;grid&#8221; angled_section=&#8221;no&#8221; text_align=&#8221;left&#8221;&#8230;<\/p>\n","protected":false},"author":1,"featured_media":13372,"parent":3522,"menu_order":2,"comment_status":"closed","ping_status":"closed","template":"full_width.php","meta":{"footnotes":""},"class_list":["post-3541","page","type-page","status-publish","has-post-thumbnail","hentry"],"yoast_head":"<!-- This site is optimized with the Yoast SEO plugin v27.3 - https:\/\/yoast.com\/product\/yoast-seo-wordpress\/ -->\n<title>Water - INERCO<\/title>\n<meta name=\"description\" content=\"INERCO analyze and implement improvements in operational, technical, economic, water conservation and management in any industry.\" \/>\n<meta name=\"robots\" content=\"index, follow, max-snippet:-1, max-image-preview:large, max-video-preview:-1\" \/>\n<link rel=\"canonical\" href=\"https:\/\/www.inerco.com\/en\/environmental-technologies\/water\/\" \/>\n<meta property=\"og:locale\" content=\"en_US\" \/>\n<meta property=\"og:type\" content=\"article\" \/>\n<meta property=\"og:title\" content=\"Water - INERCO\" \/>\n<meta property=\"og:description\" content=\"INERCO analyze and implement improvements in operational, technical, economic, water conservation and management in any industry.\" \/>\n<meta property=\"og:url\" content=\"https:\/\/www.inerco.com\/en\/environmental-technologies\/water\/\" \/>\n<meta property=\"og:site_name\" content=\"INERCO\" \/>\n<meta property=\"article:modified_time\" content=\"2023-09-06T11:23:42+00:00\" \/>\n<meta property=\"og:image\" content=\"https:\/\/www.inerco.com\/wp-content\/uploads\/INERCO-Aguas.jpg\" \/>\n\t<meta property=\"og:image:width\" content=\"500\" \/>\n\t<meta property=\"og:image:height\" content=\"225\" \/>\n\t<meta property=\"og:image:type\" content=\"image\/jpeg\" \/>\n<meta name=\"twitter:card\" content=\"summary_large_image\" \/>\n<meta name=\"twitter:site\" content=\"@Inerco_\" \/>\n<script type=\"application\/ld+json\" class=\"yoast-schema-graph\">{\"@context\":\"https:\\\/\\\/schema.org\",\"@graph\":[{\"@type\":\"WebPage\",\"@id\":\"https:\\\/\\\/www.inerco.com\\\/en\\\/environmental-technologies\\\/water\\\/\",\"url\":\"https:\\\/\\\/www.inerco.com\\\/en\\\/environmental-technologies\\\/water\\\/\",\"name\":\"Water - INERCO\",\"isPartOf\":{\"@id\":\"https:\\\/\\\/www.inerco.com\\\/es\\\/#website\"},\"primaryImageOfPage\":{\"@id\":\"https:\\\/\\\/www.inerco.com\\\/en\\\/environmental-technologies\\\/water\\\/#primaryimage\"},\"image\":{\"@id\":\"https:\\\/\\\/www.inerco.com\\\/en\\\/environmental-technologies\\\/water\\\/#primaryimage\"},\"thumbnailUrl\":\"https:\\\/\\\/www.inerco.com\\\/wp-content\\\/uploads\\\/INERCO-Aguas.jpg\",\"datePublished\":\"2018-12-16T17:08:51+00:00\",\"dateModified\":\"2023-09-06T11:23:42+00:00\",\"description\":\"INERCO analyze and implement improvements in operational, technical, economic, water conservation and management in any industry.\",\"breadcrumb\":{\"@id\":\"https:\\\/\\\/www.inerco.com\\\/en\\\/environmental-technologies\\\/water\\\/#breadcrumb\"},\"inLanguage\":\"en-US\",\"potentialAction\":[{\"@type\":\"ReadAction\",\"target\":[\"https:\\\/\\\/www.inerco.com\\\/en\\\/environmental-technologies\\\/water\\\/\"]}]},{\"@type\":\"ImageObject\",\"inLanguage\":\"en-US\",\"@id\":\"https:\\\/\\\/www.inerco.com\\\/en\\\/environmental-technologies\\\/water\\\/#primaryimage\",\"url\":\"https:\\\/\\\/www.inerco.com\\\/wp-content\\\/uploads\\\/INERCO-Aguas.jpg\",\"contentUrl\":\"https:\\\/\\\/www.inerco.com\\\/wp-content\\\/uploads\\\/INERCO-Aguas.jpg\",\"width\":\"500\",\"height\":\"225\"},{\"@type\":\"BreadcrumbList\",\"@id\":\"https:\\\/\\\/www.inerco.com\\\/en\\\/environmental-technologies\\\/water\\\/#breadcrumb\",\"itemListElement\":[{\"@type\":\"ListItem\",\"position\":1,\"name\":\"Home\",\"item\":\"https:\\\/\\\/www.inerco.com\\\/en\\\/\"},{\"@type\":\"ListItem\",\"position\":2,\"name\":\"Environmental Technologies\",\"item\":\"https:\\\/\\\/www.inerco.com\\\/en\\\/environmental-technologies\\\/\"},{\"@type\":\"ListItem\",\"position\":3,\"name\":\"Water\"}]},{\"@type\":\"WebSite\",\"@id\":\"https:\\\/\\\/www.inerco.com\\\/es\\\/#website\",\"url\":\"https:\\\/\\\/www.inerco.com\\\/es\\\/\",\"name\":\"INERCO\",\"description\":\"Tecnolog\u00eda, ingenier\u00eda y consultor\u00eda integral para el desarrollo industrial sostenible\",\"potentialAction\":[{\"@type\":\"SearchAction\",\"target\":{\"@type\":\"EntryPoint\",\"urlTemplate\":\"https:\\\/\\\/www.inerco.com\\\/es\\\/?s={search_term_string}\"},\"query-input\":{\"@type\":\"PropertyValueSpecification\",\"valueRequired\":true,\"valueName\":\"search_term_string\"}}],\"inLanguage\":\"en-US\"}]}<\/script>\n<!-- \/ Yoast SEO plugin. -->","yoast_head_json":{"title":"Water - INERCO","description":"INERCO analyze and implement improvements in operational, technical, economic, water conservation and management in any industry.","robots":{"index":"index","follow":"follow","max-snippet":"max-snippet:-1","max-image-preview":"max-image-preview:large","max-video-preview":"max-video-preview:-1"},"canonical":"https:\/\/www.inerco.com\/en\/environmental-technologies\/water\/","og_locale":"en_US","og_type":"article","og_title":"Water - INERCO","og_description":"INERCO analyze and implement improvements in operational, technical, economic, water conservation and management in any industry.","og_url":"https:\/\/www.inerco.com\/en\/environmental-technologies\/water\/","og_site_name":"INERCO","article_modified_time":"2023-09-06T11:23:42+00:00","og_image":[{"width":500,"height":225,"url":"https:\/\/www.inerco.com\/wp-content\/uploads\/INERCO-Aguas.jpg","type":"image\/jpeg"}],"twitter_card":"summary_large_image","twitter_site":"@Inerco_","schema":{"@context":"https:\/\/schema.org","@graph":[{"@type":"WebPage","@id":"https:\/\/www.inerco.com\/en\/environmental-technologies\/water\/","url":"https:\/\/www.inerco.com\/en\/environmental-technologies\/water\/","name":"Water - INERCO","isPartOf":{"@id":"https:\/\/www.inerco.com\/es\/#website"},"primaryImageOfPage":{"@id":"https:\/\/www.inerco.com\/en\/environmental-technologies\/water\/#primaryimage"},"image":{"@id":"https:\/\/www.inerco.com\/en\/environmental-technologies\/water\/#primaryimage"},"thumbnailUrl":"https:\/\/www.inerco.com\/wp-content\/uploads\/INERCO-Aguas.jpg","datePublished":"2018-12-16T17:08:51+00:00","dateModified":"2023-09-06T11:23:42+00:00","description":"INERCO analyze and implement improvements in operational, technical, economic, water conservation and management in any industry.","breadcrumb":{"@id":"https:\/\/www.inerco.com\/en\/environmental-technologies\/water\/#breadcrumb"},"inLanguage":"en-US","potentialAction":[{"@type":"ReadAction","target":["https:\/\/www.inerco.com\/en\/environmental-technologies\/water\/"]}]},{"@type":"ImageObject","inLanguage":"en-US","@id":"https:\/\/www.inerco.com\/en\/environmental-technologies\/water\/#primaryimage","url":"https:\/\/www.inerco.com\/wp-content\/uploads\/INERCO-Aguas.jpg","contentUrl":"https:\/\/www.inerco.com\/wp-content\/uploads\/INERCO-Aguas.jpg","width":"500","height":"225"},{"@type":"BreadcrumbList","@id":"https:\/\/www.inerco.com\/en\/environmental-technologies\/water\/#breadcrumb","itemListElement":[{"@type":"ListItem","position":1,"name":"Home","item":"https:\/\/www.inerco.com\/en\/"},{"@type":"ListItem","position":2,"name":"Environmental Technologies","item":"https:\/\/www.inerco.com\/en\/environmental-technologies\/"},{"@type":"ListItem","position":3,"name":"Water"}]},{"@type":"WebSite","@id":"https:\/\/www.inerco.com\/es\/#website","url":"https:\/\/www.inerco.com\/es\/","name":"INERCO","description":"Tecnolog\u00eda, ingenier\u00eda y consultor\u00eda integral para el desarrollo industrial sostenible","potentialAction":[{"@type":"SearchAction","target":{"@type":"EntryPoint","urlTemplate":"https:\/\/www.inerco.com\/es\/?s={search_term_string}"},"query-input":{"@type":"PropertyValueSpecification","valueRequired":true,"valueName":"search_term_string"}}],"inLanguage":"en-US"}]}},"_links":{"self":[{"href":"https:\/\/www.inerco.com\/en\/wp-json\/wp\/v2\/pages\/3541","targetHints":{"allow":["GET"]}}],"collection":[{"href":"https:\/\/www.inerco.com\/en\/wp-json\/wp\/v2\/pages"}],"about":[{"href":"https:\/\/www.inerco.com\/en\/wp-json\/wp\/v2\/types\/page"}],"author":[{"embeddable":true,"href":"https:\/\/www.inerco.com\/en\/wp-json\/wp\/v2\/users\/1"}],"replies":[{"embeddable":true,"href":"https:\/\/www.inerco.com\/en\/wp-json\/wp\/v2\/comments?post=3541"}],"version-history":[{"count":9,"href":"https:\/\/www.inerco.com\/en\/wp-json\/wp\/v2\/pages\/3541\/revisions"}],"predecessor-version":[{"id":13712,"href":"https:\/\/www.inerco.com\/en\/wp-json\/wp\/v2\/pages\/3541\/revisions\/13712"}],"up":[{"embeddable":true,"href":"https:\/\/www.inerco.com\/en\/wp-json\/wp\/v2\/pages\/3522"}],"wp:featuredmedia":[{"embeddable":true,"href":"https:\/\/www.inerco.com\/en\/wp-json\/wp\/v2\/media\/13372"}],"wp:attachment":[{"href":"https:\/\/www.inerco.com\/en\/wp-json\/wp\/v2\/media?parent=3541"}],"curies":[{"name":"wp","href":"https:\/\/api.w.org\/{rel}","templated":true}]}}