{"id":3531,"date":"2017-10-23T17:41:37","date_gmt":"2017-10-23T15:41:37","guid":{"rendered":"https:\/\/www.inerco.com\/?page_id=3531"},"modified":"2025-11-19T11:13:23","modified_gmt":"2025-11-19T10:13:23","slug":"turnkey-projects-epc-epcm","status":"publish","type":"page","link":"https:\/\/www.inerco.com\/en\/engineering\/turnkey-projects-epc-epcm\/","title":{"rendered":"Turnkey Projects (EPC, EPCM)"},"content":{"rendered":"<div class=\"wpb-content-wrapper\"><p>[vc_row css_animation=&#8221;&#8221; row_type=&#8221;row&#8221; use_row_as_full_screen_section=&#8221;no&#8221; type=&#8221;full_width&#8221; angled_section=&#8221;no&#8221; text_align=&#8221;left&#8221; background_image_as_pattern=&#8221;without_pattern&#8221;][vc_column][vc_empty_space height=&#8221;80px&#8221;][\/vc_column][\/vc_row][vc_row css_animation=&#8221;&#8221; row_type=&#8221;row&#8221; use_row_as_full_screen_section=&#8221;no&#8221; type=&#8221;grid&#8221; angled_section=&#8221;no&#8221; text_align=&#8221;left&#8221; background_image_as_pattern=&#8221;without_pattern&#8221; z_index=&#8221;&#8221;][vc_column width=&#8221;1\/2&#8243; offset=&#8221;vc_hidden-sm vc_hidden-xs&#8221;][vc_empty_space height=&#8221;50px&#8221;]<div class=\"custom_font_holder \" style=\" font-style: normal; font-weight: 200; text-decoration: none; text-align: right; --qode-cf-font-size: 35px; --qode-cf-line-height: 35px; --qode-cf-font-size-1440: 35px; --qode-cf-line-height-1440: 35px; --qode-cf-font-size-1366: 35px; --qode-cf-line-height-1366: 35px; --qode-cf-font-size-1280: 35px; --qode-cf-line-height-1280: 35px; --qode-cf-font-size-1024: 35px; --qode-cf-line-height-1024: 35px; --qode-cf-font-size-768: 35px; --qode-cf-line-height-768: 35px; --qode-cf-font-size-680: 35px; --qode-cf-line-height-680: 35px; --qode-cf-font-size-480: 35px; --qode-cf-line-height-480: 35px;\">Within its Engineering Services, <strong>INERCO<\/strong> develops Turnkey Projects, Cost &amp; Plus or EPC projects.<\/div>[vc_empty_space]<div class=\"custom_font_holder \" style=\" font-style: normal; font-weight: 200; text-decoration: none; text-align: right; --qode-cf-font-size: 35px; --qode-cf-line-height: 35px; --qode-cf-font-size-1440: 35px; --qode-cf-line-height-1440: 35px; --qode-cf-font-size-1366: 35px; --qode-cf-line-height-1366: 35px; --qode-cf-font-size-1280: 35px; --qode-cf-line-height-1280: 35px; --qode-cf-font-size-1024: 35px; --qode-cf-line-height-1024: 35px; --qode-cf-font-size-768: 35px; --qode-cf-line-height-768: 35px; --qode-cf-font-size-680: 35px; --qode-cf-line-height-680: 35px; --qode-cf-font-size-480: 35px; --qode-cf-line-height-480: 35px;\"><strong>INERCO<\/strong> has staff with experience in implementing Turnkey Projects undertaken in the most demanding industrial sectors.<\/div>[\/vc_column][vc_column width=&#8221;1\/2&#8243; offset=&#8221;vc_hidden-sm vc_hidden-xs&#8221;][vc_raw_html css=&#8221;&#8221;]JTNDZGl2JTIwY2xhc3MlM0QlMjJ0ZXh0d2lkZ2V0JTIwY3VzdG9tLWh0bWwtd2lkZ2V0JTIyJTIwc3R5bGUlM0QlMjJ0ZXh0LWFsaWduJTNBJTIwY2VudGVyJTNCJTIyJTNFJTIwJTBBJTNDYSUyMGhyZWYlM0QlMjIlMkZjb250YWN0JTIyJTIwdGFyZ2V0JTNEJTIyX2JsYW5rJTIyJTIwc3R5bGUlM0QlMjJmb250LXNpemUlM0ElMjAxNnB4JTNCJTIwY29sb3IlM0ElMjByZ2IlMjgyNTUlMkMlMjAyNTUlMkMlMjAyNTUlMjklM0IlMjBiYWNrZ3JvdW5kLWNvbG9yJTNBJTIzMDA5NjQwJTNCJTIwaGVpZ2h0JTNBNDBweCUyMCUyMWltcG9ydGFudCUzQiUyMCUyMiUyMGNsYXNzJTNEJTIycW9kZS1idG4lMjBxb2RlLWJ0bi1tZWRpdW0lMjBxb2RlLWJ0bi1zb2xpZCUyMHFvZGUtYnRuLWN1c3RvbS1ob3Zlci1iZyUyMHFvZGUtYnRuLWN1c3RvbS1ob3Zlci1jb2xvciUyMHFvZGUtYnRuLWN1c3RvbS1pY29uLWJnLWhvdmVyLWNvbG9yJTIwcW9kZS1idG4taWNvbiUyMHFvZGUtYnRuLWljb24tcm90YXRlJTIyJTIwZGF0YS1ob3Zlci1iZy1jb2xvciUzRCUyMiUyMzAwOTY0MCUyMiUyMGRhdGEtaG92ZXItY29sb3IlM0QlMjIlMjNmZmZmZmYlMjIlMjByZWwlM0QlMjJub29wZW5lciUyMG5vcmVmZXJyZXIlM0IlMjAlMjIlM0UlMEElMjAlM0NzcGFuJTIwY2xhc3MlM0QlMjJxb2RlLWJ0bi10ZXh0JTIyJTIwc3R5bGUlM0QlMjJwYWRkaW5nLXRvcCUzQSUyMDEwcHglM0IlMjBsaW5lLWhlaWdodCUzQSUyMDIwcHglMjFpbXBvcnRhbnQlM0JwYWRkaW5nLWJvdHRvbSUzQSUyMDVweCUzQiUyMiUzRUNPTlRBQ1QlM0MlMkZzcGFuJTNFJTBBJTNDc3BhbiUyMGNsYXNzJTNEJTIycW9kZS1idXR0b24tdjItaWNvbi1ob2xkZXIlMjBib3Rvbi1jb250YWN0byUyMiUyMHN0eWxlJTNEJTIyYm9yZGVyLWNvbG9yJTNBJTIwcmdiJTI4MjU1JTJDJTIwMjU1JTJDJTIwMjU1JTI5JTNCJTIwbGluZS1oZWlnaHQlM0ElMjAyMHB4JTIxaW1wb3J0YW50JTNCJTIwYmFja2dyb3VuZC1jb2xvciUzQSUyMCUyMzAwOTY0MCUzQiUyMHBhZGRpbmclM0ElMjAxMHB4JTIwMHB4JTNCJTIyJTIwZGF0YS1ob3Zlci1pY29uLWJvcmRlci1jb2xvciUzRCUyMiUyM2ZmZmZmZiUyMiUyMGRhdGEtaG92ZXItaWNvbi1iZy1jb2xvciUzRCUyMiUyMzAwOTY0MCUyMiUzRSUzQ3NwYW4lMjBhcmlhLWhpZGRlbiUzRCUyMnRydWUlMjIlMjBjbGFzcyUzRCUyMnFvZGVfaWNvbl9mb250X2VsZWdhbnQlMjBhcnJvd19yaWdodCUyMHFvZGUtYnV0dG9uLXYyLWljb24taG9sZGVyLWlubmVyJTIyJTNFJTNDJTJGc3BhbiUzRSUzQyUyRnNwYW4lM0UlMjAlM0MlMkZhJTNFJTNDJTJGZGl2JTNF[\/vc_raw_html][vc_empty_space][vc_row_inner row_type=&#8221;row&#8221; type=&#8221;full_width&#8221; text_align=&#8221;left&#8221; css_animation=&#8221;&#8221;][vc_column_inner]<div class=\"custom_font_holder \" style=\" font-style: normal; font-weight: 200; color: #009640; text-decoration: none; text-align: center; --qode-cf-font-size: 35px; --qode-cf-line-height: 30px; --qode-cf-font-size-1440: 35px; --qode-cf-line-height-1440: 30px; --qode-cf-font-size-1366: 35px; --qode-cf-line-height-1366: 30px; --qode-cf-font-size-1280: 35px; --qode-cf-line-height-1280: 30px; --qode-cf-font-size-1024: 35px; --qode-cf-line-height-1024: 30px; --qode-cf-font-size-768: 35px; --qode-cf-line-height-768: 30px; --qode-cf-font-size-680: 35px; --qode-cf-line-height-680: 30px; --qode-cf-font-size-480: 35px; --qode-cf-line-height-480: 30px;\">CONTACT<\/div>[vc_empty_space height=&#8221;20px&#8221;][\/vc_column_inner][\/vc_row_inner][qode_elements_holder number_of_columns=&#8221;two_columns&#8221;][qode_elements_holder_item vertical_alignment=&#8221;top&#8221; horizontal_alignment=&#8221;center&#8221; advanced_animations=&#8221;no&#8221;]<div class=\"q_team\" ><div class=\"q_team_inner\"><div class=\"q_team_image\"><img decoding=\"async\" itemprop=\"image\" src=\"https:\/\/www.inerco.com\/wp-content\/uploads\/Pedro-Rodr\u00edguez-Mu\u00f1oz-INERCO.jpg\" alt=\"Pedro Rodr\u00edguez Mu\u00f1oz INERCO\" \/><\/div><div class='q_team_text' ><div class=\"q_team_text_inner\"><div class=\"q_team_title_holder\"><h4 class=\"q_team_name\" >PEDRO RODR\u00cdGUEZ MU\u00d1OZ<\/h4><span >Director of Engineering Division<\/span><\/div><div class='separator small center' style=\"background-color: #009640\"><\/div><\/div><div class='q_team_social_holder'><span class='q_social_icon_holder normal_social' ><a itemprop='url' href='mailto:ingenieria@inerco.com' target='_blank'><i class=\"qode_icon_font_awesome fa fa-envelope fa-2x simple_social\" style=\"\" ><\/i><\/a><\/span><span class='q_social_icon_holder normal_social' ><a itemprop='url' href='https:\/\/www.linkedin.com\/in\/pedro-rodr%C3%ADguez-mu%C3%B1oz-0aa65a27\/' target='_blank'><i class=\"qode_icon_font_awesome fa fa-linkedin fa-2x simple_social\" style=\"\" ><\/i><\/a><\/span><\/div><\/div><\/div><\/div>[vc_empty_space][\/qode_elements_holder_item][qode_elements_holder_item vertical_alignment=&#8221;top&#8221; horizontal_alignment=&#8221;center&#8221; advanced_animations=&#8221;no&#8221;]<div class=\"q_team\" ><div class=\"q_team_inner\"><div class=\"q_team_image\"><img decoding=\"async\" itemprop=\"image\" src=\"https:\/\/www.inerco.com\/wp-content\/uploads\/Alfonso-Casado-Hernandez-INERCO.jpg\" alt=\"Alfonso Casado Hern\u00e1ndez INERCO\" \/><\/div><div class='q_team_text' ><div class=\"q_team_text_inner\"><div class=\"q_team_title_holder\"><h4 class=\"q_team_name\" >ALFONSO CASADO HERNANDEZ<\/h4><span >Head of PM Area and Construction Management Engineering Division<\/span><\/div><div class='separator small center' style=\"background-color: #009640\"><\/div><\/div><div class='q_team_social_holder'><span class='q_social_icon_holder normal_social' ><a itemprop='url' href='mailto:acasado@inerco.com' target='_blank'><i class=\"qode_icon_font_awesome fa fa-envelope fa-2x simple_social\" style=\"\" ><\/i><\/a><\/span><span class='q_social_icon_holder normal_social' ><a itemprop='url' href='https:\/\/www.linkedin.com\/in\/alfonso-casado-hernandez-397212b4\/' target='_blank'><i class=\"qode_icon_font_awesome fa fa-linkedin fa-2x simple_social\" style=\"\" ><\/i><\/a><\/span><\/div><\/div><\/div><\/div>[vc_empty_space][\/qode_elements_holder_item][\/qode_elements_holder][\/vc_column][\/vc_row][vc_row css_animation=&#8221;&#8221; row_type=&#8221;row&#8221; use_row_as_full_screen_section=&#8221;no&#8221; type=&#8221;grid&#8221; angled_section=&#8221;no&#8221; text_align=&#8221;left&#8221; background_image_as_pattern=&#8221;without_pattern&#8221; z_index=&#8221;&#8221;][vc_column offset=&#8221;vc_hidden-lg vc_hidden-md&#8221;][vc_empty_space height=&#8221;50px&#8221;]<div class=\"custom_font_holder \" style=\" font-style: normal; font-weight: 200; text-decoration: none; text-align: center; --qode-cf-font-size: 28px; --qode-cf-line-height: 30px; --qode-cf-font-size-1440: 28px; --qode-cf-line-height-1440: 30px; --qode-cf-font-size-1366: 28px; --qode-cf-line-height-1366: 30px; --qode-cf-font-size-1280: 28px; --qode-cf-line-height-1280: 30px; --qode-cf-font-size-1024: 28px; --qode-cf-line-height-1024: 30px; --qode-cf-font-size-768: 28px; --qode-cf-line-height-768: 30px; --qode-cf-font-size-680: 28px; --qode-cf-line-height-680: 30px; --qode-cf-font-size-480: 28px; --qode-cf-line-height-480: 30px;\">Within its Engineering Services, <strong>INERCO<\/strong> develops Turnkey Projects, Cost &amp; Plus or EPC projects.<\/div>[vc_empty_space]<div class=\"custom_font_holder \" style=\" font-style: normal; font-weight: 200; text-decoration: none; text-align: center; --qode-cf-font-size: 28px; --qode-cf-line-height: 30px; --qode-cf-font-size-1440: 28px; --qode-cf-line-height-1440: 30px; --qode-cf-font-size-1366: 28px; --qode-cf-line-height-1366: 30px; --qode-cf-font-size-1280: 28px; --qode-cf-line-height-1280: 30px; --qode-cf-font-size-1024: 28px; --qode-cf-line-height-1024: 30px; --qode-cf-font-size-768: 28px; --qode-cf-line-height-768: 30px; --qode-cf-font-size-680: 28px; --qode-cf-line-height-680: 30px; --qode-cf-font-size-480: 28px; --qode-cf-line-height-480: 30px;\"><strong>INERCO<\/strong>\u00a0has staff with experience in implementing Turnkey Projects undertaken in the most demanding industrial sectors.<\/div>[vc_empty_space height=&#8221;50px&#8221;][vc_row_inner row_type=&#8221;row&#8221; type=&#8221;full_width&#8221; text_align=&#8221;left&#8221; css_animation=&#8221;&#8221;][vc_column_inner]<div class=\"custom_font_holder \" style=\" font-style: normal; font-weight: 200; color: #009640; text-decoration: none; text-align: center; --qode-cf-font-size: 35px; --qode-cf-line-height: 30px; --qode-cf-font-size-1440: 35px; --qode-cf-line-height-1440: 30px; --qode-cf-font-size-1366: 35px; --qode-cf-line-height-1366: 30px; --qode-cf-font-size-1280: 35px; --qode-cf-line-height-1280: 30px; --qode-cf-font-size-1024: 35px; --qode-cf-line-height-1024: 30px; --qode-cf-font-size-768: 35px; --qode-cf-line-height-768: 30px; --qode-cf-font-size-680: 35px; --qode-cf-line-height-680: 30px; --qode-cf-font-size-480: 35px; --qode-cf-line-height-480: 30px;\">CONTACT<\/div>[vc_empty_space height=&#8221;20px&#8221;]<div class=\"q_team\" ><div class=\"q_team_inner\"><div class=\"q_team_image\"><img decoding=\"async\" itemprop=\"image\" src=\"https:\/\/www.inerco.com\/wp-content\/uploads\/Pedro-Rodr\u00edguez-Mu\u00f1oz-INERCO.jpg\" alt=\"Pedro Rodr\u00edguez Mu\u00f1oz INERCO\" \/><\/div><div class='q_team_text' ><div class=\"q_team_text_inner\"><div class=\"q_team_title_holder\"><h4 class=\"q_team_name\" >PEDRO RODR\u00cdGUEZ MU\u00d1OZ<\/h4><span >Director of Engineering Division<\/span><\/div><div class='separator small center' style=\"background-color: #009640\"><\/div><\/div><div class='q_team_social_holder'><span class='q_social_icon_holder normal_social' ><a itemprop='url' href='mailto:ingenieria@inerco.com' target='_blank'><i class=\"qode_icon_font_awesome fa fa-envelope fa-2x simple_social\" style=\"\" ><\/i><\/a><\/span><span class='q_social_icon_holder normal_social' ><a itemprop='url' href='https:\/\/www.linkedin.com\/in\/pedro-rodr%C3%ADguez-mu%C3%B1oz-0aa65a27\/' target='_blank'><i class=\"qode_icon_font_awesome fa fa-linkedin fa-2x simple_social\" style=\"\" ><\/i><\/a><\/span><\/div><\/div><\/div><\/div>[vc_empty_space]<div class=\"q_team\" ><div class=\"q_team_inner\"><div class=\"q_team_image\"><img decoding=\"async\" itemprop=\"image\" src=\"https:\/\/www.inerco.com\/wp-content\/uploads\/Alfonso-Casado-Hernandez-INERCO.jpg\" alt=\"Alfonso Casado Hern\u00e1ndez INERCO\" \/><\/div><div class='q_team_text' ><div class=\"q_team_text_inner\"><div class=\"q_team_title_holder\"><h4 class=\"q_team_name\" >ALFONSO CASADO HERNANDEZ<\/h4><span >Head of PM Area and Construction Management Engineering Division<\/span><\/div><div class='separator small center' style=\"background-color: #009640\"><\/div><\/div><div class='q_team_social_holder'><span class='q_social_icon_holder normal_social' ><a itemprop='url' href='mailto:acasado@inerco.com' target='_blank'><i class=\"qode_icon_font_awesome fa fa-envelope fa-2x simple_social\" style=\"\" ><\/i><\/a><\/span><span class='q_social_icon_holder normal_social' ><a itemprop='url' href='https:\/\/www.linkedin.com\/in\/alfonso-casado-hernandez-397212b4\/' target='_blank'><i class=\"qode_icon_font_awesome fa fa-linkedin fa-2x simple_social\" style=\"\" ><\/i><\/a><\/span><\/div><\/div><\/div><\/div>[vc_empty_space][\/vc_column_inner][\/vc_row_inner][\/vc_column][\/vc_row][vc_row css_animation=&#8221;&#8221; row_type=&#8221;row&#8221; use_row_as_full_screen_section=&#8221;no&#8221; type=&#8221;full_width&#8221; angled_section=&#8221;no&#8221; text_align=&#8221;left&#8221; background_image_as_pattern=&#8221;without_pattern&#8221;][vc_column][vc_empty_space height=&#8221;50px&#8221;][\/vc_column][\/vc_row]<\/p>\n<\/div>","protected":false},"excerpt":{"rendered":"<p>[vc_row css_animation=&#8221;&#8221; row_type=&#8221;row&#8221; use_row_as_full_screen_section=&#8221;no&#8221; type=&#8221;full_width&#8221; angled_section=&#8221;no&#8221; text_align=&#8221;left&#8221; background_image_as_pattern=&#8221;without_pattern&#8221;][vc_column][vc_empty_space height=&#8221;80px&#8221;][\/vc_column][\/vc_row][vc_row css_animation=&#8221;&#8221; row_type=&#8221;row&#8221; use_row_as_full_screen_section=&#8221;no&#8221; type=&#8221;grid&#8221; angled_section=&#8221;no&#8221; text_align=&#8221;left&#8221;&#8230;<\/p>\n","protected":false},"author":1,"featured_media":5422,"parent":3484,"menu_order":1,"comment_status":"closed","ping_status":"closed","template":"full_width.php","meta":{"footnotes":""},"class_list":["post-3531","page","type-page","status-publish","has-post-thumbnail","hentry"],"yoast_head":"<!-- This site is optimized with the Yoast SEO plugin v27.3 - https:\/\/yoast.com\/product\/yoast-seo-wordpress\/ -->\n<title>Turnkey Projects (EPC, EPCM) - INERCO<\/title>\n<meta name=\"description\" content=\"Within its Engineering Services, INERCO develops Turnkey Projects, Cost &amp; Plus or EPC projects. INERCO has staff with experience in implementing Turnkey Projects undertaken in the most demanding industrial sectors.\" \/>\n<meta name=\"robots\" content=\"index, follow, max-snippet:-1, max-image-preview:large, max-video-preview:-1\" \/>\n<link rel=\"canonical\" href=\"https:\/\/www.inerco.com\/en\/engineering\/turnkey-projects-epc-epcm\/\" \/>\n<meta property=\"og:locale\" content=\"en_US\" \/>\n<meta property=\"og:type\" content=\"article\" \/>\n<meta property=\"og:title\" content=\"Turnkey Projects (EPC, EPCM) - INERCO\" \/>\n<meta property=\"og:description\" content=\"Within its Engineering Services, INERCO develops Turnkey Projects, Cost &amp; Plus or EPC projects. INERCO has staff with experience in implementing Turnkey Projects undertaken in the most demanding industrial sectors.\" \/>\n<meta property=\"og:url\" content=\"https:\/\/www.inerco.com\/en\/engineering\/turnkey-projects-epc-epcm\/\" \/>\n<meta property=\"og:site_name\" content=\"INERCO\" \/>\n<meta property=\"article:modified_time\" content=\"2025-11-19T10:13:23+00:00\" \/>\n<meta property=\"og:image\" content=\"https:\/\/www.inerco.com\/wp-content\/uploads\/INERCO_Ingenieria.jpg\" \/>\n\t<meta property=\"og:image:width\" content=\"1000\" \/>\n\t<meta property=\"og:image:height\" content=\"220\" \/>\n\t<meta property=\"og:image:type\" content=\"image\/jpeg\" \/>\n<meta name=\"twitter:card\" content=\"summary_large_image\" \/>\n<meta name=\"twitter:site\" content=\"@Inerco_\" \/>\n<script type=\"application\/ld+json\" class=\"yoast-schema-graph\">{\"@context\":\"https:\\\/\\\/schema.org\",\"@graph\":[{\"@type\":\"WebPage\",\"@id\":\"https:\\\/\\\/www.inerco.com\\\/en\\\/engineering\\\/turnkey-projects-epc-epcm\\\/\",\"url\":\"https:\\\/\\\/www.inerco.com\\\/en\\\/engineering\\\/turnkey-projects-epc-epcm\\\/\",\"name\":\"Turnkey Projects (EPC, EPCM) - INERCO\",\"isPartOf\":{\"@id\":\"https:\\\/\\\/www.inerco.com\\\/es\\\/#website\"},\"primaryImageOfPage\":{\"@id\":\"https:\\\/\\\/www.inerco.com\\\/en\\\/engineering\\\/turnkey-projects-epc-epcm\\\/#primaryimage\"},\"image\":{\"@id\":\"https:\\\/\\\/www.inerco.com\\\/en\\\/engineering\\\/turnkey-projects-epc-epcm\\\/#primaryimage\"},\"thumbnailUrl\":\"https:\\\/\\\/www.inerco.com\\\/wp-content\\\/uploads\\\/INERCO_Ingenieria.jpg\",\"datePublished\":\"2017-10-23T15:41:37+00:00\",\"dateModified\":\"2025-11-19T10:13:23+00:00\",\"description\":\"Within its Engineering Services, INERCO develops Turnkey Projects, Cost & Plus or EPC projects. INERCO has staff with experience in implementing Turnkey Projects undertaken in the most demanding industrial sectors.\",\"breadcrumb\":{\"@id\":\"https:\\\/\\\/www.inerco.com\\\/en\\\/engineering\\\/turnkey-projects-epc-epcm\\\/#breadcrumb\"},\"inLanguage\":\"en-US\",\"potentialAction\":[{\"@type\":\"ReadAction\",\"target\":[\"https:\\\/\\\/www.inerco.com\\\/en\\\/engineering\\\/turnkey-projects-epc-epcm\\\/\"]}]},{\"@type\":\"ImageObject\",\"inLanguage\":\"en-US\",\"@id\":\"https:\\\/\\\/www.inerco.com\\\/en\\\/engineering\\\/turnkey-projects-epc-epcm\\\/#primaryimage\",\"url\":\"https:\\\/\\\/www.inerco.com\\\/wp-content\\\/uploads\\\/INERCO_Ingenieria.jpg\",\"contentUrl\":\"https:\\\/\\\/www.inerco.com\\\/wp-content\\\/uploads\\\/INERCO_Ingenieria.jpg\",\"width\":1000,\"height\":220,\"caption\":\"INERCO Engineering\"},{\"@type\":\"BreadcrumbList\",\"@id\":\"https:\\\/\\\/www.inerco.com\\\/en\\\/engineering\\\/turnkey-projects-epc-epcm\\\/#breadcrumb\",\"itemListElement\":[{\"@type\":\"ListItem\",\"position\":1,\"name\":\"Home\",\"item\":\"https:\\\/\\\/www.inerco.com\\\/en\\\/\"},{\"@type\":\"ListItem\",\"position\":2,\"name\":\"Engineering\",\"item\":\"https:\\\/\\\/www.inerco.com\\\/en\\\/engineering\\\/\"},{\"@type\":\"ListItem\",\"position\":3,\"name\":\"Turnkey Projects (EPC, EPCM)\"}]},{\"@type\":\"WebSite\",\"@id\":\"https:\\\/\\\/www.inerco.com\\\/es\\\/#website\",\"url\":\"https:\\\/\\\/www.inerco.com\\\/es\\\/\",\"name\":\"INERCO\",\"description\":\"Tecnolog\u00eda, ingenier\u00eda y consultor\u00eda integral para el desarrollo industrial sostenible\",\"potentialAction\":[{\"@type\":\"SearchAction\",\"target\":{\"@type\":\"EntryPoint\",\"urlTemplate\":\"https:\\\/\\\/www.inerco.com\\\/es\\\/?s={search_term_string}\"},\"query-input\":{\"@type\":\"PropertyValueSpecification\",\"valueRequired\":true,\"valueName\":\"search_term_string\"}}],\"inLanguage\":\"en-US\"}]}<\/script>\n<!-- \/ Yoast SEO plugin. -->","yoast_head_json":{"title":"Turnkey Projects (EPC, EPCM) - INERCO","description":"Within its Engineering Services, INERCO develops Turnkey Projects, Cost & Plus or EPC projects. INERCO has staff with experience in implementing Turnkey Projects undertaken in the most demanding industrial sectors.","robots":{"index":"index","follow":"follow","max-snippet":"max-snippet:-1","max-image-preview":"max-image-preview:large","max-video-preview":"max-video-preview:-1"},"canonical":"https:\/\/www.inerco.com\/en\/engineering\/turnkey-projects-epc-epcm\/","og_locale":"en_US","og_type":"article","og_title":"Turnkey Projects (EPC, EPCM) - INERCO","og_description":"Within its Engineering Services, INERCO develops Turnkey Projects, Cost & Plus or EPC projects. INERCO has staff with experience in implementing Turnkey Projects undertaken in the most demanding industrial sectors.","og_url":"https:\/\/www.inerco.com\/en\/engineering\/turnkey-projects-epc-epcm\/","og_site_name":"INERCO","article_modified_time":"2025-11-19T10:13:23+00:00","og_image":[{"width":1000,"height":220,"url":"https:\/\/www.inerco.com\/wp-content\/uploads\/INERCO_Ingenieria.jpg","type":"image\/jpeg"}],"twitter_card":"summary_large_image","twitter_site":"@Inerco_","schema":{"@context":"https:\/\/schema.org","@graph":[{"@type":"WebPage","@id":"https:\/\/www.inerco.com\/en\/engineering\/turnkey-projects-epc-epcm\/","url":"https:\/\/www.inerco.com\/en\/engineering\/turnkey-projects-epc-epcm\/","name":"Turnkey Projects (EPC, EPCM) - INERCO","isPartOf":{"@id":"https:\/\/www.inerco.com\/es\/#website"},"primaryImageOfPage":{"@id":"https:\/\/www.inerco.com\/en\/engineering\/turnkey-projects-epc-epcm\/#primaryimage"},"image":{"@id":"https:\/\/www.inerco.com\/en\/engineering\/turnkey-projects-epc-epcm\/#primaryimage"},"thumbnailUrl":"https:\/\/www.inerco.com\/wp-content\/uploads\/INERCO_Ingenieria.jpg","datePublished":"2017-10-23T15:41:37+00:00","dateModified":"2025-11-19T10:13:23+00:00","description":"Within its Engineering Services, INERCO develops Turnkey Projects, Cost & Plus or EPC projects. INERCO has staff with experience in implementing Turnkey Projects undertaken in the most demanding industrial sectors.","breadcrumb":{"@id":"https:\/\/www.inerco.com\/en\/engineering\/turnkey-projects-epc-epcm\/#breadcrumb"},"inLanguage":"en-US","potentialAction":[{"@type":"ReadAction","target":["https:\/\/www.inerco.com\/en\/engineering\/turnkey-projects-epc-epcm\/"]}]},{"@type":"ImageObject","inLanguage":"en-US","@id":"https:\/\/www.inerco.com\/en\/engineering\/turnkey-projects-epc-epcm\/#primaryimage","url":"https:\/\/www.inerco.com\/wp-content\/uploads\/INERCO_Ingenieria.jpg","contentUrl":"https:\/\/www.inerco.com\/wp-content\/uploads\/INERCO_Ingenieria.jpg","width":1000,"height":220,"caption":"INERCO Engineering"},{"@type":"BreadcrumbList","@id":"https:\/\/www.inerco.com\/en\/engineering\/turnkey-projects-epc-epcm\/#breadcrumb","itemListElement":[{"@type":"ListItem","position":1,"name":"Home","item":"https:\/\/www.inerco.com\/en\/"},{"@type":"ListItem","position":2,"name":"Engineering","item":"https:\/\/www.inerco.com\/en\/engineering\/"},{"@type":"ListItem","position":3,"name":"Turnkey Projects (EPC, EPCM)"}]},{"@type":"WebSite","@id":"https:\/\/www.inerco.com\/es\/#website","url":"https:\/\/www.inerco.com\/es\/","name":"INERCO","description":"Tecnolog\u00eda, ingenier\u00eda y consultor\u00eda integral para el desarrollo industrial sostenible","potentialAction":[{"@type":"SearchAction","target":{"@type":"EntryPoint","urlTemplate":"https:\/\/www.inerco.com\/es\/?s={search_term_string}"},"query-input":{"@type":"PropertyValueSpecification","valueRequired":true,"valueName":"search_term_string"}}],"inLanguage":"en-US"}]}},"_links":{"self":[{"href":"https:\/\/www.inerco.com\/en\/wp-json\/wp\/v2\/pages\/3531","targetHints":{"allow":["GET"]}}],"collection":[{"href":"https:\/\/www.inerco.com\/en\/wp-json\/wp\/v2\/pages"}],"about":[{"href":"https:\/\/www.inerco.com\/en\/wp-json\/wp\/v2\/types\/page"}],"author":[{"embeddable":true,"href":"https:\/\/www.inerco.com\/en\/wp-json\/wp\/v2\/users\/1"}],"replies":[{"embeddable":true,"href":"https:\/\/www.inerco.com\/en\/wp-json\/wp\/v2\/comments?post=3531"}],"version-history":[{"count":5,"href":"https:\/\/www.inerco.com\/en\/wp-json\/wp\/v2\/pages\/3531\/revisions"}],"predecessor-version":[{"id":17201,"href":"https:\/\/www.inerco.com\/en\/wp-json\/wp\/v2\/pages\/3531\/revisions\/17201"}],"up":[{"embeddable":true,"href":"https:\/\/www.inerco.com\/en\/wp-json\/wp\/v2\/pages\/3484"}],"wp:featuredmedia":[{"embeddable":true,"href":"https:\/\/www.inerco.com\/en\/wp-json\/wp\/v2\/media\/5422"}],"wp:attachment":[{"href":"https:\/\/www.inerco.com\/en\/wp-json\/wp\/v2\/media?parent=3531"}],"curies":[{"name":"wp","href":"https:\/\/api.w.org\/{rel}","templated":true}]}}