{"id":3505,"date":"2018-12-11T22:18:15","date_gmt":"2018-12-11T21:18:15","guid":{"rendered":"https:\/\/www.inerco.com\/?page_id=3505"},"modified":"2019-11-25T19:46:00","modified_gmt":"2019-11-25T18:46:00","slug":"energy-storage","status":"publish","type":"page","link":"https:\/\/www.inerco.com\/en\/energy-technologies\/energy-storage\/","title":{"rendered":"Energy Storage"},"content":{"rendered":"<div class=\"wpb-content-wrapper\"><p>[vc_row css_animation=&#8221;&#8221; row_type=&#8221;row&#8221; use_row_as_full_screen_section=&#8221;no&#8221; type=&#8221;grid&#8221; angled_section=&#8221;no&#8221; text_align=&#8221;left&#8221; background_image_as_pattern=&#8221;without_pattern&#8221; z_index=&#8221;&#8221;][vc_column][vc_empty_space height=&#8221;100px&#8221;]<div class=\"custom_font_holder \" style=\" font-style: normal; font-weight: 200; text-decoration: none; text-align: center; --qode-cf-font-size: 40px; --qode-cf-line-height: 45px; --qode-cf-font-size-1440: 40px; --qode-cf-line-height-1440: 45px; --qode-cf-font-size-1366: 40px; --qode-cf-line-height-1366: 45px; --qode-cf-font-size-1280: 40px; --qode-cf-line-height-1280: 45px; --qode-cf-font-size-1024: 40px; --qode-cf-line-height-1024: 45px; --qode-cf-font-size-768: 40px; --qode-cf-line-height-768: 45px; --qode-cf-font-size-680: 40px; --qode-cf-line-height-680: 45px; --qode-cf-font-size-480: 40px; --qode-cf-line-height-480: 45px;\"><strong>INERCO\u00a0<\/strong>offers comprehensive and advanced energy storage solutions in the application areas of power generation (conventional and renewable), transmission, distribution and consumption.<\/div>[vc_empty_space height=&#8221;50px&#8221;]<div class=\"custom_font_holder \" style=\" font-style: normal; font-weight: 200; text-decoration: none; text-align: center; --qode-cf-font-size: 24px; --qode-cf-line-height: 30px; --qode-cf-font-size-1440: 24px; --qode-cf-line-height-1440: 30px; --qode-cf-font-size-1366: 24px; --qode-cf-line-height-1366: 30px; --qode-cf-font-size-1280: 24px; --qode-cf-line-height-1280: 30px; --qode-cf-font-size-1024: 24px; --qode-cf-line-height-1024: 30px; --qode-cf-font-size-768: 24px; --qode-cf-line-height-768: 30px; --qode-cf-font-size-680: 24px; --qode-cf-line-height-680: 30px; --qode-cf-font-size-480: 24px; --qode-cf-line-height-480: 30px;\">These systems allow the <strong>optimization and management<\/strong> of power generation sources and consumption, to ensure the grid <strong>stability and quality<\/strong>, deferral of infrastructure investments and to avoid electrical failures, in industrial and mining sectors, for both grid-connected and isolated systems.<\/div>[vc_empty_space height=&#8221;50px&#8221;][\/vc_column][\/vc_row][vc_row css_animation=&#8221;&#8221; row_type=&#8221;row&#8221; use_row_as_full_screen_section=&#8221;no&#8221; type=&#8221;grid&#8221; angled_section=&#8221;no&#8221; text_align=&#8221;left&#8221; background_image_as_pattern=&#8221;without_pattern&#8221; z_index=&#8221;&#8221;][vc_column width=&#8221;3\/4&#8243;][vc_row_inner row_type=&#8221;row&#8221; type=&#8221;full_width&#8221; text_align=&#8221;left&#8221; css_animation=&#8221;&#8221;][vc_column_inner css=&#8221;.vc_custom_1544699987744{margin-right: 15px !important;margin-left: 15px !important;}&#8221;]<div class=\"custom_font_holder \" style=\" font-style: normal; font-weight: 300; text-decoration: none; text-align: left; --qode-cf-font-size: 26px; --qode-cf-line-height: 30px; --qode-cf-font-size-1440: 26px; --qode-cf-line-height-1440: 30px; --qode-cf-font-size-1366: 26px; --qode-cf-line-height-1366: 30px; --qode-cf-font-size-1280: 26px; --qode-cf-line-height-1280: 30px; --qode-cf-font-size-1024: 26px; --qode-cf-line-height-1024: 30px; --qode-cf-font-size-768: 26px; --qode-cf-line-height-768: 30px; --qode-cf-font-size-680: 26px; --qode-cf-line-height-680: 30px; --qode-cf-font-size-480: 26px; --qode-cf-line-height-480: 30px;\"><strong>Application fields<\/strong> to be highlighted:<\/div>[\/vc_column_inner][\/vc_row_inner][vc_empty_space height=&#8221;40px&#8221;][vc_row_inner row_type=&#8221;row&#8221; type=&#8221;full_width&#8221; text_align=&#8221;left&#8221; css_animation=&#8221;&#8221;][vc_column_inner][qode_elements_holder number_of_columns=&#8221;two_columns&#8221;][qode_elements_holder_item vertical_alignment=&#8221;top&#8221; horizontal_alignment=&#8221;center&#8221; advanced_animations=&#8221;no&#8221; item_padding=&#8221;0px 15px 0px 15px&#8221;]<div class='service_table_holder' style=&#039;border-style:solid;border-width:2px;border-color:#f2f2f2;&#039;><ul class='service_table_inner'><li class='service_table_title_holder background_color_type' style='background-color: #f2f2f2;'><div class='service_table_title_inner'><div class='service_table_title_inner2'><h4 class='service_title' style=''>Conventional Thermal Power Plants<\/h4><\/div><\/div><\/li><li class='service_table_content' style=''><\/p>\n<ul>\n<li>Frequency regulation \/ Price arbitrage.<\/li>\n<li>Operation and Flexibility optimization.<\/li>\n<li>O&amp;M cost and emissions reduction.<\/li>\n<\/ul>\n<p><\/li><\/ul><\/div>[vc_empty_space height=&#8221;50px&#8221;][\/qode_elements_holder_item][qode_elements_holder_item vertical_alignment=&#8221;top&#8221; horizontal_alignment=&#8221;center&#8221; advanced_animations=&#8221;no&#8221; item_padding=&#8221;0px 15px 0px 15px&#8221;]<div class='service_table_holder' style=&#039;border-style:solid;border-width:2px;border-color:#f2f2f2;&#039;><ul class='service_table_inner'><li class='service_table_title_holder background_color_type' style='background-color: #f2f2f2;'><div class='service_table_title_inner'><div class='service_table_title_inner2'><h4 class='service_title' style=''>Gas Turbines and Combined Cycle Plants<\/h4><\/div><\/div><\/li><li class='service_table_content' style=''><\/p>\n<ul>\n<li>Start-up and Shutdown support.<\/li>\n<li>Frequency regulation \/ Price arbitrage.<\/li>\n<li>Operation and Flexibility optimization.<\/li>\n<li>O&amp;M cost and emissions reduction.<\/li>\n<\/ul>\n<p><\/li><\/ul><\/div>[\/qode_elements_holder_item][\/qode_elements_holder][vc_empty_space height=&#8221;50px&#8221;][qode_elements_holder number_of_columns=&#8221;two_columns&#8221;][qode_elements_holder_item vertical_alignment=&#8221;top&#8221; horizontal_alignment=&#8221;center&#8221; advanced_animations=&#8221;no&#8221; item_padding=&#8221;0px 15px 0px 15px&#8221;]<div class='service_table_holder' style=&#039;border-style:solid;border-width:2px;border-color:#f2f2f2;&#039;><ul class='service_table_inner'><li class='service_table_title_holder background_color_type' style='background-color: #f2f2f2;'><div class='service_table_title_inner'><div class='service_table_title_inner2'><h4 class='service_title' style=''>Renewable Energies Integration<\/h4><\/div><\/div><\/li><li class='service_table_content' style=''><\/p>\n<ul>\n<li>Ramp rate control \/ Power smoothing.<\/li>\n<li>Time Shifting \/ Load Following.<\/li>\n<\/ul>\n<p><\/li><\/ul><\/div>[vc_empty_space height=&#8221;50px&#8221;][\/qode_elements_holder_item][qode_elements_holder_item vertical_alignment=&#8221;top&#8221; horizontal_alignment=&#8221;center&#8221; advanced_animations=&#8221;no&#8221; item_padding=&#8221;0px 15px 0px 15px&#8221;]<div class='service_table_holder' style=&#039;border-style:solid;border-width:2px;border-color:#f2f2f2;&#039;><ul class='service_table_inner'><li class='service_table_title_holder background_color_type' style='background-color: #f2f2f2;'><div class='service_table_title_inner'><div class='service_table_title_inner2'><h4 class='service_title' style=''>Transmission and Distribution grid support<\/h4><\/div><\/div><\/li><li class='service_table_content' style=''><\/p>\n<ul>\n<li>Frequency regulation \/ Time Shifting \/ Load Following.<\/li>\n<li>Deferral of investments.<\/li>\n<li>Other ancillary grid services.<\/li>\n<\/ul>\n<p><\/li><\/ul><\/div>[\/qode_elements_holder_item][\/qode_elements_holder][vc_empty_space height=&#8221;50px&#8221;][qode_elements_holder number_of_columns=&#8221;two_columns&#8221;][qode_elements_holder_item vertical_alignment=&#8221;top&#8221; horizontal_alignment=&#8221;center&#8221; advanced_animations=&#8221;no&#8221; item_padding=&#8221;0px 15px 0px 15px&#8221;]<div class='service_table_holder' style=&#039;border-style:solid;border-width:2px;border-color:#f2f2f2;&#039;><ul class='service_table_inner'><li class='service_table_title_holder background_color_type' style='background-color: #f2f2f2;'><div class='service_table_title_inner'><div class='service_table_title_inner2'><h4 class='service_title' style=''>Islands and Islanded \/ Weak Grids<\/h4><\/div><\/div><\/li><li class='service_table_content' style=''><\/p>\n<ul>\n<li>Voltage \/ frequency support (stability and quality).<\/li>\n<li>Renewable integration.<\/li>\n<li>Genset support.<\/li>\n<li>Energy optimization.<\/li>\n<\/ul>\n<p><\/li><\/ul><\/div>[\/qode_elements_holder_item][\/qode_elements_holder][vc_empty_space height=&#8221;50px&#8221;][\/vc_column_inner][\/vc_row_inner][\/vc_column][vc_column width=&#8221;1\/4&#8243;][vc_widget_sidebar sidebar_id=&#8221;Optimizaci\u00f3n de la Combusti\u00f3n&#8221;][\/vc_column][\/vc_row][vc_row css_animation=&#8221;&#8221; row_type=&#8221;row&#8221; use_row_as_full_screen_section=&#8221;no&#8221; type=&#8221;full_width&#8221; angled_section=&#8221;no&#8221; text_align=&#8221;left&#8221; background_image_as_pattern=&#8221;without_pattern&#8221;][vc_column][vc_empty_space height=&#8221;50px&#8221;][vc_empty_space height=&#8221;50px&#8221;][\/vc_column][\/vc_row]<\/p>\n<\/div>","protected":false},"excerpt":{"rendered":"<p>[vc_row css_animation=&#8221;&#8221; row_type=&#8221;row&#8221; use_row_as_full_screen_section=&#8221;no&#8221; type=&#8221;grid&#8221; angled_section=&#8221;no&#8221; text_align=&#8221;left&#8221; background_image_as_pattern=&#8221;without_pattern&#8221; z_index=&#8221;&#8221;][vc_column][vc_empty_space height=&#8221;100px&#8221;][vc_empty_space height=&#8221;50px&#8221;][vc_empty_space height=&#8221;50px&#8221;][\/vc_column][\/vc_row][vc_row css_animation=&#8221;&#8221; row_type=&#8221;row&#8221; use_row_as_full_screen_section=&#8221;no&#8221;&#8230;<\/p>\n","protected":false},"author":1,"featured_media":0,"parent":3493,"menu_order":3,"comment_status":"closed","ping_status":"closed","template":"full_width.php","meta":{"footnotes":""},"class_list":["post-3505","page","type-page","status-publish","hentry"],"yoast_head":"<!-- This site is optimized with the Yoast SEO plugin v27.3 - https:\/\/yoast.com\/product\/yoast-seo-wordpress\/ -->\n<title>Energy Storage - INERCO<\/title>\n<meta name=\"robots\" content=\"index, follow, max-snippet:-1, max-image-preview:large, max-video-preview:-1\" \/>\n<link rel=\"canonical\" href=\"https:\/\/www.inerco.com\/es\/tecnologia-energetica\/almacenamiento-de-energia\/\" \/>\n<meta property=\"og:locale\" content=\"en_US\" \/>\n<meta property=\"og:type\" content=\"article\" \/>\n<meta property=\"og:title\" content=\"Energy Storage - INERCO\" \/>\n<meta property=\"og:description\" content=\"[vc_row css_animation=&#8221;&#8221; row_type=&#8221;row&#8221; use_row_as_full_screen_section=&#8221;no&#8221; type=&#8221;grid&#8221; angled_section=&#8221;no&#8221; text_align=&#8221;left&#8221; background_image_as_pattern=&#8221;without_pattern&#8221; z_index=&#8221;&#8221;][vc_column][vc_empty_space height=&#8221;100px&#8221;][vc_empty_space height=&#8221;50px&#8221;][vc_empty_space height=&#8221;50px&#8221;][\/vc_column][\/vc_row][vc_row css_animation=&#8221;&#8221; row_type=&#8221;row&#8221; use_row_as_full_screen_section=&#8221;no&#8221;...\" \/>\n<meta property=\"og:url\" content=\"https:\/\/www.inerco.com\/es\/tecnologia-energetica\/almacenamiento-de-energia\/\" \/>\n<meta property=\"og:site_name\" content=\"INERCO\" \/>\n<meta property=\"article:modified_time\" content=\"2019-11-25T18:46:00+00:00\" \/>\n<meta name=\"twitter:card\" content=\"summary_large_image\" \/>\n<meta name=\"twitter:site\" content=\"@Inerco_\" \/>\n<script type=\"application\/ld+json\" class=\"yoast-schema-graph\">{\"@context\":\"https:\\\/\\\/schema.org\",\"@graph\":[{\"@type\":\"WebPage\",\"@id\":\"https:\\\/\\\/www.inerco.com\\\/es\\\/tecnologia-energetica\\\/almacenamiento-de-energia\\\/\",\"url\":\"https:\\\/\\\/www.inerco.com\\\/es\\\/tecnologia-energetica\\\/almacenamiento-de-energia\\\/\",\"name\":\"Energy Storage - INERCO\",\"isPartOf\":{\"@id\":\"https:\\\/\\\/www.inerco.com\\\/es\\\/#website\"},\"datePublished\":\"2018-12-11T21:18:15+00:00\",\"dateModified\":\"2019-11-25T18:46:00+00:00\",\"breadcrumb\":{\"@id\":\"https:\\\/\\\/www.inerco.com\\\/es\\\/tecnologia-energetica\\\/almacenamiento-de-energia\\\/#breadcrumb\"},\"inLanguage\":\"en-US\",\"potentialAction\":[{\"@type\":\"ReadAction\",\"target\":[\"https:\\\/\\\/www.inerco.com\\\/es\\\/tecnologia-energetica\\\/almacenamiento-de-energia\\\/\"]}]},{\"@type\":\"BreadcrumbList\",\"@id\":\"https:\\\/\\\/www.inerco.com\\\/es\\\/tecnologia-energetica\\\/almacenamiento-de-energia\\\/#breadcrumb\",\"itemListElement\":[{\"@type\":\"ListItem\",\"position\":1,\"name\":\"Home\",\"item\":\"https:\\\/\\\/www.inerco.com\\\/en\\\/\"},{\"@type\":\"ListItem\",\"position\":2,\"name\":\"Energy Technologies\",\"item\":\"https:\\\/\\\/www.inerco.com\\\/es\\\/tecnologia-energetica\\\/\"},{\"@type\":\"ListItem\",\"position\":3,\"name\":\"Energy Storage\"}]},{\"@type\":\"WebSite\",\"@id\":\"https:\\\/\\\/www.inerco.com\\\/es\\\/#website\",\"url\":\"https:\\\/\\\/www.inerco.com\\\/es\\\/\",\"name\":\"INERCO\",\"description\":\"Tecnolog\u00eda, ingenier\u00eda y consultor\u00eda integral para el desarrollo industrial sostenible\",\"potentialAction\":[{\"@type\":\"SearchAction\",\"target\":{\"@type\":\"EntryPoint\",\"urlTemplate\":\"https:\\\/\\\/www.inerco.com\\\/es\\\/?s={search_term_string}\"},\"query-input\":{\"@type\":\"PropertyValueSpecification\",\"valueRequired\":true,\"valueName\":\"search_term_string\"}}],\"inLanguage\":\"en-US\"}]}<\/script>\n<!-- \/ Yoast SEO plugin. -->","yoast_head_json":{"title":"Energy Storage - INERCO","robots":{"index":"index","follow":"follow","max-snippet":"max-snippet:-1","max-image-preview":"max-image-preview:large","max-video-preview":"max-video-preview:-1"},"canonical":"https:\/\/www.inerco.com\/es\/tecnologia-energetica\/almacenamiento-de-energia\/","og_locale":"en_US","og_type":"article","og_title":"Energy Storage - INERCO","og_description":"[vc_row css_animation=&#8221;&#8221; row_type=&#8221;row&#8221; use_row_as_full_screen_section=&#8221;no&#8221; type=&#8221;grid&#8221; angled_section=&#8221;no&#8221; text_align=&#8221;left&#8221; background_image_as_pattern=&#8221;without_pattern&#8221; z_index=&#8221;&#8221;][vc_column][vc_empty_space height=&#8221;100px&#8221;][vc_empty_space height=&#8221;50px&#8221;][vc_empty_space height=&#8221;50px&#8221;][\/vc_column][\/vc_row][vc_row css_animation=&#8221;&#8221; row_type=&#8221;row&#8221; use_row_as_full_screen_section=&#8221;no&#8221;...","og_url":"https:\/\/www.inerco.com\/es\/tecnologia-energetica\/almacenamiento-de-energia\/","og_site_name":"INERCO","article_modified_time":"2019-11-25T18:46:00+00:00","twitter_card":"summary_large_image","twitter_site":"@Inerco_","schema":{"@context":"https:\/\/schema.org","@graph":[{"@type":"WebPage","@id":"https:\/\/www.inerco.com\/es\/tecnologia-energetica\/almacenamiento-de-energia\/","url":"https:\/\/www.inerco.com\/es\/tecnologia-energetica\/almacenamiento-de-energia\/","name":"Energy Storage - INERCO","isPartOf":{"@id":"https:\/\/www.inerco.com\/es\/#website"},"datePublished":"2018-12-11T21:18:15+00:00","dateModified":"2019-11-25T18:46:00+00:00","breadcrumb":{"@id":"https:\/\/www.inerco.com\/es\/tecnologia-energetica\/almacenamiento-de-energia\/#breadcrumb"},"inLanguage":"en-US","potentialAction":[{"@type":"ReadAction","target":["https:\/\/www.inerco.com\/es\/tecnologia-energetica\/almacenamiento-de-energia\/"]}]},{"@type":"BreadcrumbList","@id":"https:\/\/www.inerco.com\/es\/tecnologia-energetica\/almacenamiento-de-energia\/#breadcrumb","itemListElement":[{"@type":"ListItem","position":1,"name":"Home","item":"https:\/\/www.inerco.com\/en\/"},{"@type":"ListItem","position":2,"name":"Energy Technologies","item":"https:\/\/www.inerco.com\/es\/tecnologia-energetica\/"},{"@type":"ListItem","position":3,"name":"Energy Storage"}]},{"@type":"WebSite","@id":"https:\/\/www.inerco.com\/es\/#website","url":"https:\/\/www.inerco.com\/es\/","name":"INERCO","description":"Tecnolog\u00eda, ingenier\u00eda y consultor\u00eda integral para el desarrollo industrial sostenible","potentialAction":[{"@type":"SearchAction","target":{"@type":"EntryPoint","urlTemplate":"https:\/\/www.inerco.com\/es\/?s={search_term_string}"},"query-input":{"@type":"PropertyValueSpecification","valueRequired":true,"valueName":"search_term_string"}}],"inLanguage":"en-US"}]}},"_links":{"self":[{"href":"https:\/\/www.inerco.com\/en\/wp-json\/wp\/v2\/pages\/3505","targetHints":{"allow":["GET"]}}],"collection":[{"href":"https:\/\/www.inerco.com\/en\/wp-json\/wp\/v2\/pages"}],"about":[{"href":"https:\/\/www.inerco.com\/en\/wp-json\/wp\/v2\/types\/page"}],"author":[{"embeddable":true,"href":"https:\/\/www.inerco.com\/en\/wp-json\/wp\/v2\/users\/1"}],"replies":[{"embeddable":true,"href":"https:\/\/www.inerco.com\/en\/wp-json\/wp\/v2\/comments?post=3505"}],"version-history":[{"count":1,"href":"https:\/\/www.inerco.com\/en\/wp-json\/wp\/v2\/pages\/3505\/revisions"}],"predecessor-version":[{"id":3506,"href":"https:\/\/www.inerco.com\/en\/wp-json\/wp\/v2\/pages\/3505\/revisions\/3506"}],"up":[{"embeddable":true,"href":"https:\/\/www.inerco.com\/en\/wp-json\/wp\/v2\/pages\/3493"}],"wp:attachment":[{"href":"https:\/\/www.inerco.com\/en\/wp-json\/wp\/v2\/media?parent=3505"}],"curies":[{"name":"wp","href":"https:\/\/api.w.org\/{rel}","templated":true}]}}