{"id":3493,"date":"2018-02-14T13:27:39","date_gmt":"2018-02-14T12:27:39","guid":{"rendered":"https:\/\/www.inerco.com\/?page_id=3493"},"modified":"2024-06-13T10:25:11","modified_gmt":"2024-06-13T08:25:11","slug":"energy-technologies","status":"publish","type":"page","link":"https:\/\/www.inerco.com\/en\/energy-technologies\/","title":{"rendered":"Energy Technologies"},"content":{"rendered":"<div class=\"wpb-content-wrapper\"><p>[vc_row css_animation=&#8221;&#8221; row_type=&#8221;row&#8221; use_row_as_full_screen_section=&#8221;no&#8221; type=&#8221;full_width&#8221; angled_section=&#8221;no&#8221; text_align=&#8221;left&#8221; background_image_as_pattern=&#8221;without_pattern&#8221;][vc_column][vc_column_text]<br \/>\n[\/vc_column_text][\/vc_column][\/vc_row][vc_row css_animation=&#8221;&#8221; row_type=&#8221;row&#8221; use_row_as_full_screen_section=&#8221;no&#8221; type=&#8221;full_width&#8221; angled_section=&#8221;no&#8221; text_align=&#8221;left&#8221; background_image_as_pattern=&#8221;without_pattern&#8221;][vc_column][vc_empty_space height=&#8221;50px&#8221;][\/vc_column][\/vc_row][vc_row css_animation=&#8221;&#8221; row_type=&#8221;row&#8221; use_row_as_full_screen_section=&#8221;no&#8221; type=&#8221;grid&#8221; angled_section=&#8221;no&#8221; text_align=&#8221;left&#8221; background_image_as_pattern=&#8221;without_pattern&#8221; z_index=&#8221;&#8221; css=&#8221;.vc_custom_1518611434899{padding-top: 25px !important;}&#8221;][vc_column]<div class=\"custom_font_holder \" style=\" font-style: normal; font-weight: 200; text-decoration: none; text-align: center; --qode-cf-font-size: 40px; --qode-cf-line-height: 45px; --qode-cf-font-size-1440: 40px; --qode-cf-line-height-1440: 45px; --qode-cf-font-size-1366: 40px; --qode-cf-line-height-1366: 45px; --qode-cf-font-size-1280: 40px; --qode-cf-line-height-1280: 45px; --qode-cf-font-size-1024: 40px; --qode-cf-line-height-1024: 45px; --qode-cf-font-size-768: 40px; --qode-cf-line-height-768: 45px; --qode-cf-font-size-680: 40px; --qode-cf-line-height-680: 45px; --qode-cf-font-size-480: 40px; --qode-cf-line-height-480: 45px;\"><span style=\"text-align: center;\">Advanced technical solutions in the environmental field developed in-house.<br \/>\n<\/span><\/div>[vc_empty_space height=&#8221;50px&#8221;][\/vc_column][\/vc_row][vc_row css_animation=&#8221;&#8221; row_type=&#8221;row&#8221; use_row_as_full_screen_section=&#8221;no&#8221; type=&#8221;full_width&#8221; angled_section=&#8221;no&#8221; text_align=&#8221;left&#8221; background_image_as_pattern=&#8221;without_pattern&#8221;][vc_column][vc_empty_space height=&#8221;50px&#8221;][\/vc_column][\/vc_row][vc_row css_animation=&#8221;&#8221; row_type=&#8221;row&#8221; use_row_as_full_screen_section=&#8221;no&#8221; type=&#8221;full_width&#8221; angled_section=&#8221;no&#8221; text_align=&#8221;left&#8221; background_image_as_pattern=&#8221;without_pattern&#8221; z_index=&#8221;&#8221;][vc_column width=&#8221;5\/6&#8243; offset=&#8221;vc_col-lg-offset-2 vc_col-lg-6 vc_col-md-offset-2 vc_col-md-6 vc_col-sm-offset-1 vc_col-xs-offset-1 vc_col-xs-10&#8243;]<blockquote class=' with_quote_icon' style='width: 95%;border-left-color: rgba(255,255,255,0.01);background-color: #ffffff;'><i class='fa fa-quote-right' style='color: #009640;'><\/i><h5 class='blockquote-text' style='color: #90908f; line-height: 30px;'>Cutting-edge technologies for energy optimisation.<\/h5><\/blockquote>[vc_empty_space height=&#8221;50px&#8221;][vc_row_inner row_type=&#8221;row&#8221; type=&#8221;full_width&#8221; text_align=&#8221;left&#8221; css_animation=&#8221;&#8221;][vc_column_inner offset=&#8221;vc_col-lg-12 vc_col-md-12 vc_col-xs-12&#8243;][qode_elements_holder number_of_columns=&#8221;three_columns&#8221; switch_to_one_column=&#8221;768&#8243; alignment_one_column=&#8221;center&#8221;][qode_elements_holder_item vertical_alignment=&#8221;top&#8221; horizontal_alignment=&#8221;center&#8221; advanced_animations=&#8221;no&#8221; item_padding=&#8221;15px 15ox 15px 15px&#8221;][vc_single_image image=&#8221;10300&#8243; img_size=&#8221;220&#215;220&#8243; alignment=&#8221;center&#8221; style=&#8221;vc_box_circle_2&#8243; onclick=&#8221;custom_link&#8221; qode_css_animation=&#8221;&#8221; qode_hover_animation=&#8221;zoom_in&#8221; link=&#8221;https:\/\/www.inerco.com\/en\/energy-technologies\/energy-services\/&#8221; css=&#8221;.vc_custom_1644432382919{padding-top: 10% !important;padding-right: 10% !important;padding-left: 10% !important;}&#8221;][vc_empty_space][vc_column_text]<\/p>\n<h3 style=\"text-align: center;\"><span style=\"color: #009640;\"><a style=\"color: #009640;\" href=\"https:\/\/www.inerco.com\/en\/energy-technology\/energy-services\/\">Energy Services<\/a><\/span><\/h3>\n<p>[\/vc_column_text][\/qode_elements_holder_item][qode_elements_holder_item vertical_alignment=&#8221;top&#8221; horizontal_alignment=&#8221;center&#8221; advanced_animations=&#8221;no&#8221; item_padding=&#8221;15px 15ox 15px 15px&#8221;][vc_single_image image=&#8221;10292&#8243; img_size=&#8221;220&#215;220&#8243; alignment=&#8221;center&#8221; style=&#8221;vc_box_circle_2&#8243; onclick=&#8221;custom_link&#8221; qode_css_animation=&#8221;&#8221; qode_hover_animation=&#8221;zoom_in&#8221; link=&#8221;https:\/\/www.inerco.com\/en\/energy-technologies\/combustion-systems\/&#8221; css=&#8221;.vc_custom_1644432386315{padding-top: 10% !important;padding-right: 10% !important;padding-left: 10% !important;}&#8221;][vc_empty_space][vc_column_text]<\/p>\n<h3 style=\"text-align: center;\"><span style=\"color: #009640;\"><a style=\"color: #009640;\" href=\"https:\/\/www.inerco.com\/en\/energy-technology\/combustion-systems\/\">Combustion Systems<\/a><\/span><\/h3>\n<p>[\/vc_column_text][\/qode_elements_holder_item][qode_elements_holder_item vertical_alignment=&#8221;top&#8221; horizontal_alignment=&#8221;center&#8221; advanced_animations=&#8221;no&#8221; item_padding=&#8221;15px 15ox 15px 15px&#8221;][vc_single_image image=&#8221;1553&#8243; img_size=&#8221;220&#215;220&#8243; alignment=&#8221;center&#8221; style=&#8221;vc_box_circle_2&#8243; onclick=&#8221;custom_link&#8221; qode_css_animation=&#8221;&#8221; qode_hover_animation=&#8221;zoom_in&#8221; link=&#8221;https:\/\/www.inerco.com\/en\/energy-technologies\/energy-storage\/&#8221; css=&#8221;.vc_custom_1644432391124{padding-top: 10% !important;padding-right: 10% !important;padding-left: 10% !important;}&#8221;][vc_empty_space][vc_column_text]<\/p>\n<h3 style=\"text-align: center;\"><span style=\"color: #009640;\"><a style=\"color: #009640;\" href=\"https:\/\/www.inerco.com\/en\/energy-technology\/energy-storage\/\">Energy Storage<\/a><\/span><\/h3>\n<p>[\/vc_column_text][\/qode_elements_holder_item][\/qode_elements_holder][qode_elements_holder number_of_columns=&#8221;four_columns&#8221; switch_to_one_column=&#8221;768&#8243; alignment_one_column=&#8221;center&#8221;][qode_elements_holder_item vertical_alignment=&#8221;top&#8221; horizontal_alignment=&#8221;center&#8221; advanced_animations=&#8221;no&#8221; item_padding=&#8221;15px 15ox 15px 15px&#8221;][vc_single_image image=&#8221;13476&#8243; img_size=&#8221;220&#215;220&#8243; alignment=&#8221;center&#8221; style=&#8221;vc_box_circle_2&#8243; onclick=&#8221;custom_link&#8221; qode_css_animation=&#8221;&#8221; qode_hover_animation=&#8221;zoom_in&#8221; link=&#8221;https:\/\/www.inerco.com\/en\/energy-technologies\/optimizacion-de-unidades-de-recuperacion-de-azufre-y-aminas\/&#8221; css=&#8221;.vc_custom_1644432407806{padding-top: 10% !important;padding-right: 10% !important;padding-left: 10% !important;}&#8221;][vc_empty_space][vc_column_text]<\/p>\n<h3 style=\"text-align: center;\"><span style=\"color: #009640;\"><a style=\"color: #009640;\" href=\"https:\/\/www.inerco.com\/en\/energy-technologies\/optimizacion-de-unidades-de-recuperacion-de-azufre-y-aminas\/\">Optimisation of sulphur and amine recovery units<\/a><\/span><\/h3>\n<p>[\/vc_column_text][\/qode_elements_holder_item][qode_elements_holder_item vertical_alignment=&#8221;top&#8221; horizontal_alignment=&#8221;center&#8221; advanced_animations=&#8221;no&#8221; item_padding=&#8221;15px 15ox 15px 15px&#8221;][vc_single_image image=&#8221;10296&#8243; img_size=&#8221;220&#215;220&#8243; alignment=&#8221;center&#8221; style=&#8221;vc_box_circle_2&#8243; onclick=&#8221;custom_link&#8221; qode_css_animation=&#8221;&#8221; qode_hover_animation=&#8221;zoom_in&#8221; link=&#8221;https:\/\/www.inerco.com\/es\/tecnologia-energetica\/hidrogeno\/&#8221; css=&#8221;.vc_custom_1644432403549{padding-top: 10% !important;padding-right: 10% !important;padding-left: 10% !important;}&#8221;][vc_empty_space][vc_column_text]<\/p>\n<h3 style=\"text-align: center;\"><span style=\"color: #009640;\"><a style=\"color: #009640;\" href=\"https:\/\/www.inerco.com\/es\/tecnologia-energetica\/hidrogeno\/\">Hydrogen<\/a><\/span><\/h3>\n<p>[\/vc_column_text][\/qode_elements_holder_item][qode_elements_holder_item vertical_alignment=&#8221;top&#8221; horizontal_alignment=&#8221;center&#8221; advanced_animations=&#8221;no&#8221; item_padding=&#8221;15px 15ox 15px 15px&#8221;][vc_single_image image=&#8221;12663&#8243; img_size=&#8221;220&#215;220&#8243; alignment=&#8221;center&#8221; style=&#8221;vc_box_circle_2&#8243; onclick=&#8221;custom_link&#8221; qode_css_animation=&#8221;&#8221; qode_hover_animation=&#8221;zoom_in&#8221; link=&#8221;https:\/\/www.inerco.com\/es\/tecnologia-energetica\/biogas\/&#8221; css=&#8221;.vc_custom_1681979849628{padding-top: 10% !important;padding-right: 10% !important;padding-left: 10% !important;}&#8221;][vc_empty_space][vc_column_text]<\/p>\n<h3 style=\"text-align: center;\"><span style=\"color: #009640;\"><a style=\"color: #009640;\" href=\"https:\/\/www.inerco.com\/es\/tecnologia-energetica\/biogas\/\">Biogas<\/a><\/span><\/h3>\n<p>[\/vc_column_text][\/qode_elements_holder_item][\/qode_elements_holder][\/vc_column_inner][\/vc_row_inner][vc_empty_space height=&#8221;100px&#8221;][\/vc_column][vc_column width=&#8221;5\/6&#8243; offset=&#8221;vc_col-lg-2 vc_col-md-offset-0 vc_col-md-2 vc_col-sm-offset-1 vc_col-xs-offset-1 vc_col-xs-10&#8243; css=&#8221;.vc_custom_1681980121269{padding-right: 15% !important;padding-left: 15% !important;}&#8221;][vc_widget_sidebar sidebar_id=&#8221;Enrique Tova&#8221;][\/vc_column][\/vc_row][vc_row css_animation=&#8221;&#8221; row_type=&#8221;row&#8221; use_row_as_full_screen_section=&#8221;no&#8221; type=&#8221;full_width&#8221; angled_section=&#8221;no&#8221; text_align=&#8221;left&#8221; background_image_as_pattern=&#8221;without_pattern&#8221;][vc_column][vc_empty_space height=&#8221;100px&#8221;][\/vc_column][\/vc_row]<\/p>\n<\/div>","protected":false},"excerpt":{"rendered":"<p>[vc_row css_animation=&#8221;&#8221; row_type=&#8221;row&#8221; use_row_as_full_screen_section=&#8221;no&#8221; type=&#8221;full_width&#8221; angled_section=&#8221;no&#8221; text_align=&#8221;left&#8221; background_image_as_pattern=&#8221;without_pattern&#8221;][vc_column][vc_column_text] [\/vc_column_text][\/vc_column][\/vc_row][vc_row css_animation=&#8221;&#8221; row_type=&#8221;row&#8221; use_row_as_full_screen_section=&#8221;no&#8221; type=&#8221;full_width&#8221; angled_section=&#8221;no&#8221; text_align=&#8221;left&#8221;&#8230;<\/p>\n","protected":false},"author":1,"featured_media":10300,"parent":0,"menu_order":1,"comment_status":"closed","ping_status":"closed","template":"full_width.php","meta":{"footnotes":""},"class_list":["post-3493","page","type-page","status-publish","has-post-thumbnail","hentry"],"yoast_head":"<!-- This site is optimized with the Yoast SEO plugin v26.4 - https:\/\/yoast.com\/wordpress\/plugins\/seo\/ -->\n<title>Energy Technologies - INERCO<\/title>\n<meta name=\"description\" content=\"Advanced technical solutions in the environmental field developed in-house. Cutting-edge technologies for energy optimisation: Energy Services, Combustion Systems, Energy Storage, Biomass Gasification, Hydrogen.\" \/>\n<meta name=\"robots\" content=\"index, follow, max-snippet:-1, max-image-preview:large, max-video-preview:-1\" \/>\n<link rel=\"canonical\" href=\"https:\/\/www.inerco.com\/es\/tecnologia-energetica\/\" \/>\n<meta property=\"og:locale\" content=\"en_US\" \/>\n<meta property=\"og:type\" content=\"article\" \/>\n<meta property=\"og:title\" content=\"Energy Technologies - INERCO\" \/>\n<meta property=\"og:description\" content=\"Advanced technical solutions in the environmental field developed in-house. Cutting-edge technologies for energy optimisation: Energy Services, Combustion Systems, Energy Storage, Biomass Gasification, Hydrogen.\" \/>\n<meta property=\"og:url\" content=\"https:\/\/www.inerco.com\/es\/tecnologia-energetica\/\" \/>\n<meta property=\"og:site_name\" content=\"INERCO\" \/>\n<meta property=\"article:modified_time\" content=\"2024-06-13T08:25:11+00:00\" \/>\n<meta property=\"og:image\" content=\"https:\/\/www.inerco.com\/wp-content\/uploads\/INERCO-Servicios-Energ\u00e9ticos.jpg\" \/>\n\t<meta property=\"og:image:width\" content=\"500\" \/>\n\t<meta property=\"og:image:height\" content=\"225\" \/>\n\t<meta property=\"og:image:type\" content=\"image\/jpeg\" \/>\n<meta name=\"twitter:card\" content=\"summary_large_image\" \/>\n<meta name=\"twitter:site\" content=\"@Inerco_\" \/>\n<script type=\"application\/ld+json\" class=\"yoast-schema-graph\">{\"@context\":\"https:\/\/schema.org\",\"@graph\":[{\"@type\":\"WebPage\",\"@id\":\"https:\/\/www.inerco.com\/es\/tecnologia-energetica\/\",\"url\":\"https:\/\/www.inerco.com\/es\/tecnologia-energetica\/\",\"name\":\"Energy Technologies - INERCO\",\"isPartOf\":{\"@id\":\"https:\/\/www.inerco.com\/es\/#website\"},\"primaryImageOfPage\":{\"@id\":\"https:\/\/www.inerco.com\/es\/tecnologia-energetica\/#primaryimage\"},\"image\":{\"@id\":\"https:\/\/www.inerco.com\/es\/tecnologia-energetica\/#primaryimage\"},\"thumbnailUrl\":\"https:\/\/www.inerco.com\/wp-content\/uploads\/INERCO-Servicios-Energ\u00e9ticos.jpg\",\"datePublished\":\"2018-02-14T12:27:39+00:00\",\"dateModified\":\"2024-06-13T08:25:11+00:00\",\"description\":\"Advanced technical solutions in the environmental field developed in-house. Cutting-edge technologies for energy optimisation: Energy Services, Combustion Systems, Energy Storage, Biomass Gasification, Hydrogen.\",\"breadcrumb\":{\"@id\":\"https:\/\/www.inerco.com\/es\/tecnologia-energetica\/#breadcrumb\"},\"inLanguage\":\"en-US\",\"potentialAction\":[{\"@type\":\"ReadAction\",\"target\":[\"https:\/\/www.inerco.com\/es\/tecnologia-energetica\/\"]}]},{\"@type\":\"ImageObject\",\"inLanguage\":\"en-US\",\"@id\":\"https:\/\/www.inerco.com\/es\/tecnologia-energetica\/#primaryimage\",\"url\":\"https:\/\/www.inerco.com\/wp-content\/uploads\/INERCO-Servicios-Energ\u00e9ticos.jpg\",\"contentUrl\":\"https:\/\/www.inerco.com\/wp-content\/uploads\/INERCO-Servicios-Energ\u00e9ticos.jpg\",\"width\":\"500\",\"height\":\"225\",\"caption\":\"INERCO Energy Services\"},{\"@type\":\"BreadcrumbList\",\"@id\":\"https:\/\/www.inerco.com\/es\/tecnologia-energetica\/#breadcrumb\",\"itemListElement\":[{\"@type\":\"ListItem\",\"position\":1,\"name\":\"Home\",\"item\":\"https:\/\/www.inerco.com\/en\/\"},{\"@type\":\"ListItem\",\"position\":2,\"name\":\"Energy Technologies\"}]},{\"@type\":\"WebSite\",\"@id\":\"https:\/\/www.inerco.com\/es\/#website\",\"url\":\"https:\/\/www.inerco.com\/es\/\",\"name\":\"INERCO\",\"description\":\"Tecnolog\u00eda, ingenier\u00eda y consultor\u00eda integral para el desarrollo industrial sostenible\",\"potentialAction\":[{\"@type\":\"SearchAction\",\"target\":{\"@type\":\"EntryPoint\",\"urlTemplate\":\"https:\/\/www.inerco.com\/es\/?s={search_term_string}\"},\"query-input\":{\"@type\":\"PropertyValueSpecification\",\"valueRequired\":true,\"valueName\":\"search_term_string\"}}],\"inLanguage\":\"en-US\"}]}<\/script>\n<!-- \/ Yoast SEO plugin. -->","yoast_head_json":{"title":"Energy Technologies - INERCO","description":"Advanced technical solutions in the environmental field developed in-house. Cutting-edge technologies for energy optimisation: Energy Services, Combustion Systems, Energy Storage, Biomass Gasification, Hydrogen.","robots":{"index":"index","follow":"follow","max-snippet":"max-snippet:-1","max-image-preview":"max-image-preview:large","max-video-preview":"max-video-preview:-1"},"canonical":"https:\/\/www.inerco.com\/es\/tecnologia-energetica\/","og_locale":"en_US","og_type":"article","og_title":"Energy Technologies - INERCO","og_description":"Advanced technical solutions in the environmental field developed in-house. Cutting-edge technologies for energy optimisation: Energy Services, Combustion Systems, Energy Storage, Biomass Gasification, Hydrogen.","og_url":"https:\/\/www.inerco.com\/es\/tecnologia-energetica\/","og_site_name":"INERCO","article_modified_time":"2024-06-13T08:25:11+00:00","og_image":[{"width":500,"height":225,"url":"https:\/\/www.inerco.com\/wp-content\/uploads\/INERCO-Servicios-Energ\u00e9ticos.jpg","type":"image\/jpeg"}],"twitter_card":"summary_large_image","twitter_site":"@Inerco_","schema":{"@context":"https:\/\/schema.org","@graph":[{"@type":"WebPage","@id":"https:\/\/www.inerco.com\/es\/tecnologia-energetica\/","url":"https:\/\/www.inerco.com\/es\/tecnologia-energetica\/","name":"Energy Technologies - INERCO","isPartOf":{"@id":"https:\/\/www.inerco.com\/es\/#website"},"primaryImageOfPage":{"@id":"https:\/\/www.inerco.com\/es\/tecnologia-energetica\/#primaryimage"},"image":{"@id":"https:\/\/www.inerco.com\/es\/tecnologia-energetica\/#primaryimage"},"thumbnailUrl":"https:\/\/www.inerco.com\/wp-content\/uploads\/INERCO-Servicios-Energ\u00e9ticos.jpg","datePublished":"2018-02-14T12:27:39+00:00","dateModified":"2024-06-13T08:25:11+00:00","description":"Advanced technical solutions in the environmental field developed in-house. Cutting-edge technologies for energy optimisation: Energy Services, Combustion Systems, Energy Storage, Biomass Gasification, Hydrogen.","breadcrumb":{"@id":"https:\/\/www.inerco.com\/es\/tecnologia-energetica\/#breadcrumb"},"inLanguage":"en-US","potentialAction":[{"@type":"ReadAction","target":["https:\/\/www.inerco.com\/es\/tecnologia-energetica\/"]}]},{"@type":"ImageObject","inLanguage":"en-US","@id":"https:\/\/www.inerco.com\/es\/tecnologia-energetica\/#primaryimage","url":"https:\/\/www.inerco.com\/wp-content\/uploads\/INERCO-Servicios-Energ\u00e9ticos.jpg","contentUrl":"https:\/\/www.inerco.com\/wp-content\/uploads\/INERCO-Servicios-Energ\u00e9ticos.jpg","width":"500","height":"225","caption":"INERCO Energy Services"},{"@type":"BreadcrumbList","@id":"https:\/\/www.inerco.com\/es\/tecnologia-energetica\/#breadcrumb","itemListElement":[{"@type":"ListItem","position":1,"name":"Home","item":"https:\/\/www.inerco.com\/en\/"},{"@type":"ListItem","position":2,"name":"Energy Technologies"}]},{"@type":"WebSite","@id":"https:\/\/www.inerco.com\/es\/#website","url":"https:\/\/www.inerco.com\/es\/","name":"INERCO","description":"Tecnolog\u00eda, ingenier\u00eda y consultor\u00eda integral para el desarrollo industrial sostenible","potentialAction":[{"@type":"SearchAction","target":{"@type":"EntryPoint","urlTemplate":"https:\/\/www.inerco.com\/es\/?s={search_term_string}"},"query-input":{"@type":"PropertyValueSpecification","valueRequired":true,"valueName":"search_term_string"}}],"inLanguage":"en-US"}]}},"_links":{"self":[{"href":"https:\/\/www.inerco.com\/en\/wp-json\/wp\/v2\/pages\/3493","targetHints":{"allow":["GET"]}}],"collection":[{"href":"https:\/\/www.inerco.com\/en\/wp-json\/wp\/v2\/pages"}],"about":[{"href":"https:\/\/www.inerco.com\/en\/wp-json\/wp\/v2\/types\/page"}],"author":[{"embeddable":true,"href":"https:\/\/www.inerco.com\/en\/wp-json\/wp\/v2\/users\/1"}],"replies":[{"embeddable":true,"href":"https:\/\/www.inerco.com\/en\/wp-json\/wp\/v2\/comments?post=3493"}],"version-history":[{"count":13,"href":"https:\/\/www.inerco.com\/en\/wp-json\/wp\/v2\/pages\/3493\/revisions"}],"predecessor-version":[{"id":14856,"href":"https:\/\/www.inerco.com\/en\/wp-json\/wp\/v2\/pages\/3493\/revisions\/14856"}],"wp:featuredmedia":[{"embeddable":true,"href":"https:\/\/www.inerco.com\/en\/wp-json\/wp\/v2\/media\/10300"}],"wp:attachment":[{"href":"https:\/\/www.inerco.com\/en\/wp-json\/wp\/v2\/media?parent=3493"}],"curies":[{"name":"wp","href":"https:\/\/api.w.org\/{rel}","templated":true}]}}